{"id":9027,"date":"2022-08-09T17:19:14","date_gmt":"2022-08-09T20:19:14","guid":{"rendered":"https:\/\/memov.org\/site\/?page_id=9027"},"modified":"2025-10-02T21:54:59","modified_gmt":"2025-10-03T00:54:59","slug":"acervo-memov","status":"publish","type":"page","link":"https:\/\/memov.org\/site\/acervo-memov\/","title":{"rendered":"Acervo Memov &#8211; Apresenta\u00e7\u00e3o"},"content":{"rendered":"\n<div class=\"wp-block-columns is-layout-flex wp-container-core-columns-is-layout-28f84493 wp-block-columns-is-layout-flex\">\n<div class=\"wp-block-column is-layout-flow wp-block-column-is-layout-flow\" style=\"flex-basis:66.66%\">\n<h2 class=\"wp-block-heading\">Acervo Memov<\/h2>\n\n\n\n<h3 class=\"wp-block-heading\">Composi\u00e7\u00e3o<\/h3>\n\n\n\n<p>O acervo digital (com documentos nato-digitais e digitalizados), custodiado pelo Programa de Mem\u00f3ria dos Movimentos Sociais (Memov),&nbsp;<strong>\u00e9<\/strong>&nbsp;<strong>composto por cole\u00e7\u00f5es<\/strong>&nbsp;resultantes de pesquisas, eventos e doa\u00e7\u00f5es realizadas pelos pesquisadores, colaboradores do Memov e seus parceiros.<\/p>\n\n\n\n<h3 class=\"wp-block-heading\">A Estrutura<\/h3>\n\n\n\n<p>As cole\u00e7\u00f5es, dado a sua especifidade, foram organizadas segundo normas&nbsp; arquiv\u00edsticas, quais sejam&nbsp;<strong>NOBRADE, ISAD(G), ISAAR(CPF)&nbsp;<\/strong>e<strong>&nbsp;ISDIAH<\/strong>.<br>A t\u00e9cnica de descri\u00e7\u00e3o utilizada \u00e9 a&nbsp;<strong>DESCRI\u00c7\u00c3O MULTIN\u00cdVEL<\/strong>, ou seja, segundo o crit\u00e9rio hier\u00e1rquico em que se definem, para cada conjunto documental, as suas subdivis\u00f5es, os conjuntos dessas subdivis\u00f5es e assim por diante, at\u00e9 o \u00faltimo n\u00edvel, sendo este indivis\u00edvel.<\/p>\n\n\n\n<p><\/p>\n\n\n\n<h4 class=\"wp-block-heading bloco-destaque titulo-destaque has-palette-color-7-color has-text-color has-background\" style=\"background-color:#cac0b2\">Para efeito da documenta\u00e7\u00e3o que ora se apresenta, adota-se:&nbsp;<\/h4>\n\n\n\n<ul style=\"background-color:#cac0b2\" class=\"has-background wp-block-list\">\n<li><strong>SE\u00c7\u00d5ES<\/strong><br>(conjunto documental);<br><\/li>\n\n\n\n<li><strong>SUBSE\u00c7\u00d5ES<\/strong>&nbsp;<br>(subconjuntos documentais);<br><\/li>\n\n\n\n<li><strong>S\u00c9RIES<\/strong><br>(grupos dos subconjuntos documentais);<br><\/li>\n\n\n\n<li><strong>SUBS\u00c9RIES e DOSSI\u00caS<\/strong><br>(subgrupos dos subconjuntos documentais).<br><\/li>\n\n\n\n<li><strong>ITEM DOCUMENTAL<br><\/strong>(n\u00edvel indivis\u00edvel).<\/li>\n<\/ul>\n<\/div>\n\n\n\n<div class=\"wp-block-column is-layout-flow wp-block-column-is-layout-flow\" style=\"flex-basis:33.33%\">\n<h2 class=\"wp-block-heading\">Cole\u00e7\u00f5es que comp\u00f5em o Acervo Memov<\/h2>\n\n\n\n<div style=\"height:10px\" aria-hidden=\"true\" class=\"wp-block-spacer\"><\/div>\n\n\n<a class=\"maxbutton-1 maxbutton maxbutton-pesquisadores-e-colaboradores\" target=\"_blank\" rel=\"noopener\" href=\"https:\/\/memov.org\/site\/colecao-msep-apresentacao\/\"><span class='mb-text'>Movimentos Sociais e Esfera P\u00fablica (MSEP)<\/span><\/a>\n\n\n<div style=\"height:20px\" aria-hidden=\"true\" class=\"wp-block-spacer\"><\/div>\n\n\n<a class=\"maxbutton-1 maxbutton maxbutton-pesquisadores-e-colaboradores\" target=\"_blank\" rel=\"noopener\" href=\"https:\/\/memov.org\/site\/colecao-et-apresentacao-da-colecao\/\"><span class='mb-text'>Eventos Tem\u00e1ticos (ET)<\/span><\/a>\n\n\n<div style=\"height:20px\" aria-hidden=\"true\" class=\"wp-block-spacer\"><\/div>\n\n\n<a class=\"maxbutton-1 maxbutton maxbutton-pesquisadores-e-colaboradores\" target=\"_blank\" rel=\"noopener\" href=\"https:\/\/memov.org\/site\/colecao-greves-canavieiros-e-metalurgicos\/\"><span class='mb-text'>Greves (Canavieiros e Metal\u00fargicos)<\/span><\/a>\n\n\n<div style=\"height:20px\" aria-hidden=\"true\" class=\"wp-block-spacer\"><\/div>\n\n\n<a class=\"maxbutton-1 maxbutton maxbutton-pesquisadores-e-colaboradores\" target=\"_blank\" rel=\"noopener\" href=\"https:\/\/memov.org\/site\/colecao-memoria-camponesa-mc\/\"><span class='mb-text'>Mem\u00f3ria Camponesa<\/span><\/a>\n\n\n<div style=\"height:20px\" aria-hidden=\"true\" class=\"wp-block-spacer\"><\/div>\n\n\n<a class=\"maxbutton-1 maxbutton maxbutton-pesquisadores-e-colaboradores\" target=\"_blank\" rel=\"noopener\" href=\"https:\/\/memov.org\/site\/colecao-cmv-ufrj-apresentacao-da-colecao\/\"><span class='mb-text'>Comiss\u00e3o da Mem\u00f3ria e Verdade da UFRJ (CMV-UFRJ)<\/span><\/a>\n\n\n<div style=\"height:20px\" aria-hidden=\"true\" class=\"wp-block-spacer\"><\/div>\n\n\n<a class=\"maxbutton-1 maxbutton maxbutton-pesquisadores-e-colaboradores\" target=\"_blank\" rel=\"noopener\" href=\"https:\/\/memov.org\/site\/colecao-trajetorias-pesquisadores-e-assessores\/\"><span class='mb-text'>Projeto Trajet\u00f3rias<\/span><\/a><\/div>\n<\/div>\n","protected":false},"excerpt":{"rendered":"<p>Acervo Memov Composi\u00e7\u00e3o O acervo digital (com documentos nato-digitais e digitalizados), custodiado pelo Programa de Mem\u00f3ria dos Movimentos Sociais (Memov),&nbsp;\u00e9&nbsp;composto por cole\u00e7\u00f5es&nbsp;resultantes de pesquisas, eventos e doa\u00e7\u00f5es realizadas pelos pesquisadores, colaboradores do Memov e seus parceiros. A Estrutura As cole\u00e7\u00f5es, dado a sua especifidade, foram organizadas segundo normas&nbsp; arquiv\u00edsticas, quais sejam&nbsp;NOBRADE, ISAD(G), ISAAR(CPF)&nbsp;e&nbsp;ISDIAH.A t\u00e9cnica de [&hellip;]<\/p>\n","protected":false},"author":16,"featured_media":0,"parent":0,"menu_order":1,"comment_status":"closed","ping_status":"closed","template":"","meta":{"ub_ctt_via":"","footnotes":""},"tnc_tax_372951":[],"tnc_tax_240503":[],"tnc_tax_8150":[],"tnc_tax_2196":[],"tnc_tax_2184":[],"tnc_tax_77":[],"folder":[2288],"class_list":["post-9027","page","type-page","status-publish","hentry"],"blocksy_meta":{"page_title_panel":"","has_hero_section":"enabled","e9f54ffdb0762e99030a12b8c75ed2ae":"","hero_section":"type-1","hero_elements":[{"id":"custom_title","enabled":true,"heading_tag":"h1","title":"In\u00edcio","__id":"FbaWNqfPh-AWuSGd5GxmE"},{"id":"custom_description","enabled":true,"description_visibility":{"desktop":true,"tablet":true,"mobile":false},"__id":"jPNqQpV4wDdJAjj6KN1pw"},{"id":"custom_meta","enabled":false,"meta_elements":[{"id":"author","enabled":true,"label":"Por","has_author_avatar":"yes","avatar_size":25},{"id":"post_date","enabled":true,"label":"Em","date_format_source":"default","date_format":"M j, Y"},{"id":"updated_date","enabled":false,"label":"Em","date_format_source":"default","date_format":"M j, Y"},{"id":"categories","enabled":false,"label":"Em","style":"simple"},{"id":"comments","enabled":true}],"page_meta_elements":{"joined":true,"articles_count":true,"comments":true},"__id":"CToB7jHDhcIXXwu34mju6"},{"id":"breadcrumbs","enabled":false,"__id":"IcILLorvPq8gzwGraGlra"}],"7dacc71ac2cbbedd00521168c9985eb5":"","hero_alignment1":"CT_CSS_SKIP_RULE","hero_margin":40,"hero_alignment2":"center","hero_vertical_alignment":"center","8ae5a744bcae48650fa15124a19766e3":"","hero_structure":"narrow","898f1276e28745c80f7abb37ca51f894":"","page_title_bg_type":"featured_image","custom_hero_background":{"attachment_id":null},"page_title_image_size":"full","parallax":{"desktop":false,"tablet":false,"mobile":false},"648eda57e3512c887ed7dd5fbb2b49cc":"","hero_height":"250px","pageTitleFont":{"family":"Default","variation":"Default","size":"30px","line-height":"CT_CSS_SKIP_RULE","letter-spacing":"CT_CSS_SKIP_RULE","text-transform":"CT_CSS_SKIP_RULE","text-decoration":"CT_CSS_SKIP_RULE"},"pageTitleFontColor":{"default":{"color":"CT_CSS_SKIP_RULEDEFAULT"}},"pageMetaFont":{"family":"Default","variation":"n6","size":"12px","line-height":"1.3","letter-spacing":"CT_CSS_SKIP_RULE","text-transform":"uppercase","text-decoration":"CT_CSS_SKIP_RULE"},"pageMetaFontColor":{"default":{"color":"CT_CSS_SKIP_RULEDEFAULT"},"hover":{"color":"CT_CSS_SKIP_RULEDEFAULT"}},"page_meta_button_type_font_colors":{"default":{"color":"CT_CSS_SKIP_RULEDEFAULT"},"hover":{"color":"CT_CSS_SKIP_RULEDEFAULT"}},"page_meta_button_type_background_colors":{"default":{"color":"CT_CSS_SKIP_RULEDEFAULT"},"hover":{"color":"CT_CSS_SKIP_RULEDEFAULT"}},"pageExcerptFont":{"family":"Default","variation":"Default","size":"CT_CSS_SKIP_RULE","line-height":"CT_CSS_SKIP_RULE","letter-spacing":"CT_CSS_SKIP_RULE","text-transform":"CT_CSS_SKIP_RULE","text-decoration":"CT_CSS_SKIP_RULE"},"pageExcerptColor":{"default":{"color":"CT_CSS_SKIP_RULEDEFAULT"}},"breadcrumbsFont":{"family":"Default","variation":"Default","size":"CT_CSS_SKIP_RULE","line-height":"CT_CSS_SKIP_RULE","letter-spacing":"CT_CSS_SKIP_RULE","text-transform":"CT_CSS_SKIP_RULE","text-decoration":"CT_CSS_SKIP_RULE"},"breadcrumbsFontColor":{"default":{"color":"CT_CSS_SKIP_RULEDEFAULT"},"initial":{"color":"CT_CSS_SKIP_RULEDEFAULT"},"hover":{"color":"CT_CSS_SKIP_RULEDEFAULT"}},"pageTitleOverlay":{"background_type":"color","background_pattern":"type-1","background_image":{"attachment_id":null,"x":0,"y":0},"gradient":"linear-gradient(135deg,rgba(6,147,227,1) 0%,rgb(155,81,224) 100%)","background_repeat":"repeat","background_size":"auto","background_attachment":"scroll","patternColor":{"default":{"color":"#e5e7ea"}},"overlayColor":{"default":{"color":"CT_CSS_SKIP_RULE"}},"backgroundColor":{"default":{"color":"CT_CSS_SKIP_RULE"}}},"pageTitleBackground":{"background_type":"color","background_pattern":"type-1","background_image":{"attachment_id":null,"x":0,"y":0},"gradient":"linear-gradient(135deg,rgba(6,147,227,1) 0%,rgb(155,81,224) 100%)","background_repeat":"repeat","background_size":"auto","background_attachment":"scroll","patternColor":{"default":{"color":"#e5e7ea"}},"overlayColor":{"default":{"color":"CT_CSS_SKIP_RULE"}},"backgroundColor":{"default":{"color":"var(--theme-palette-color-6)"}}},"pageTitlePadding":{"top":"50px","bottom":"50px","left":"auto","right":"auto","linked":true},"ad6102be54fb24711d8125fc5d2c908e":"","page_structure_type":"default","4c61e5c9360ab83d879eb11a328dc699":"","content_style_source":"inherit","content_style":"wide","vertical_spacing_source":"inherit","content_area_spacing":"both","background":{"background_type":"color","background_pattern":"type-1","background_image":{"attachment_id":null,"x":0,"y":0},"gradient":"linear-gradient(135deg,rgba(6,147,227,1) 0%,rgb(155,81,224) 100%)","background_repeat":"repeat","background_size":"auto","background_attachment":"scroll","patternColor":{"default":{"color":"#e5e7ea"}},"overlayColor":{"default":{"color":"CT_CSS_SKIP_RULE"}},"backgroundColor":{"default":{"color":"CT_CSS_SKIP_RULE"}}},"content_background":{"background_type":"color","background_pattern":"type-1","background_image":{"attachment_id":null,"x":0,"y":0},"gradient":"linear-gradient(135deg,rgba(6,147,227,1) 0%,rgb(155,81,224) 100%)","background_repeat":"repeat","background_size":"auto","background_attachment":"scroll","patternColor":{"default":{"color":"#e5e7ea"}},"overlayColor":{"default":{"color":"CT_CSS_SKIP_RULE"}},"backgroundColor":{"default":{"color":"var(--theme-palette-color-8)"}}},"content_boxed_shadow":{"inherit":false,"blur":18,"spread":-6,"v_offset":12,"h_offset":0,"inset":false,"enable":true,"color":{"color":"rgba(34, 56, 101, 0.04)"}},"content_boxed_border":{"width":1,"style":"none","color":{"color":"rgba(44,62,80,0.2)"}},"content_boxed_radius":{"top":"3px","bottom":"3px","left":"3px","right":"3px","linked":true},"boxed_content_spacing":{"desktop":{"top":"40px","bottom":"40px","left":"40px","right":"40px","linked":true},"tablet":{"top":"35px","bottom":"35px","left":"35px","right":"35px","linked":true},"mobile":{"top":"20px","bottom":"20px","left":"20px","right":"20px","linked":true}},"7ac1aabcf02440a2334dfefe2d513acf":"","disable_featured_image":"no","disable_share_box":"no","disable_header":"no","disable_footer":"no","styles_descriptor":{"styles":{"desktop":"[data-prefix=\"single_page\"] .entry-header .page-title {--theme-font-size:30px;} [data-prefix=\"single_page\"] .entry-header .entry-meta {--theme-font-weight:600;--theme-text-transform:uppercase;--theme-font-size:12px;--theme-line-height:1.3;} [data-prefix=\"single_page\"] .hero-section[data-type=\"type-1\"] {--margin-bottom:40px;}","tablet":"","mobile":""},"google_fonts":{"Roboto":["n4","n6"]},"version":6}},"featured_image_src":null,"_links":{"self":[{"href":"https:\/\/memov.org\/site\/wp-json\/wp\/v2\/pages\/9027","targetHints":{"allow":["GET"]}}],"collection":[{"href":"https:\/\/memov.org\/site\/wp-json\/wp\/v2\/pages"}],"about":[{"href":"https:\/\/memov.org\/site\/wp-json\/wp\/v2\/types\/page"}],"author":[{"embeddable":true,"href":"https:\/\/memov.org\/site\/wp-json\/wp\/v2\/users\/16"}],"replies":[{"embeddable":true,"href":"https:\/\/memov.org\/site\/wp-json\/wp\/v2\/comments?post=9027"}],"version-history":[{"count":27,"href":"https:\/\/memov.org\/site\/wp-json\/wp\/v2\/pages\/9027\/revisions"}],"predecessor-version":[{"id":377778,"href":"https:\/\/memov.org\/site\/wp-json\/wp\/v2\/pages\/9027\/revisions\/377778"}],"wp:attachment":[{"href":"https:\/\/memov.org\/site\/wp-json\/wp\/v2\/media?parent=9027"}],"wp:term":[{"taxonomy":"tnc_tax_372951","embeddable":true,"href":"https:\/\/memov.org\/site\/wp-json\/wp\/v2\/tnc_tax_372951?post=9027"},{"taxonomy":"tnc_tax_240503","embeddable":true,"href":"https:\/\/memov.org\/site\/wp-json\/wp\/v2\/tnc_tax_240503?post=9027"},{"taxonomy":"tnc_tax_8150","embeddable":true,"href":"https:\/\/memov.org\/site\/wp-json\/wp\/v2\/tnc_tax_8150?post=9027"},{"taxonomy":"tnc_tax_2196","embeddable":true,"href":"https:\/\/memov.org\/site\/wp-json\/wp\/v2\/tnc_tax_2196?post=9027"},{"taxonomy":"tnc_tax_2184","embeddable":true,"href":"https:\/\/memov.org\/site\/wp-json\/wp\/v2\/tnc_tax_2184?post=9027"},{"taxonomy":"tnc_tax_77","embeddable":true,"href":"https:\/\/memov.org\/site\/wp-json\/wp\/v2\/tnc_tax_77?post=9027"},{"taxonomy":"folder","embeddable":true,"href":"https:\/\/memov.org\/site\/wp-json\/wp\/v2\/folder?post=9027"}],"curies":[{"name":"wp","href":"https:\/\/api.w.org\/{rel}","templated":true}]}}