{"id":57838,"date":"2022-09-13T14:32:25","date_gmt":"2022-09-13T17:32:25","guid":{"rendered":"https:\/\/memov.org\/site\/?page_id=57838"},"modified":"2025-10-02T21:54:59","modified_gmt":"2025-10-03T00:54:59","slug":"videos","status":"publish","type":"page","link":"https:\/\/memov.org\/site\/videos\/","title":{"rendered":"V\u00eddeos"},"content":{"rendered":"\n<div class=\"wp-block-columns is-layout-flex wp-container-core-columns-is-layout-28f84493 wp-block-columns-is-layout-flex\">\n<div class=\"wp-block-column is-layout-flow wp-block-column-is-layout-flow\">\n<div class=\"wp-block-columns is-layout-flex wp-container-core-columns-is-layout-28f84493 wp-block-columns-is-layout-flex\">\n<div class=\"wp-block-column is-layout-flow wp-block-column-is-layout-flow\">\n<h2 class=\"wp-block-heading\">V\u00eddeos<\/h2>\n<\/div>\n<\/div>\n\n\n\n<div class=\"wp-block-columns is-layout-flex wp-container-core-columns-is-layout-28f84493 wp-block-columns-is-layout-flex\">\n<div class=\"wp-block-column is-layout-flow wp-block-column-is-layout-flow\">\n<p>As pesquisas e eventos empreendidos pelo Programa de Mem\u00f3ria dos Movimentos Sociais (Memov) resultam em uma s\u00e9rie de produtos audiovisuais para a divulga\u00e7\u00e3o do trabalho cient\u00edfico. Nossos parceiros tamb\u00e9m realizam trabalhos similares para a amplia\u00e7\u00e3o do acesso \u00e0 pesquisa no Brasil.<\/p>\n<\/div>\n\n\n\n<div class=\"wp-block-column is-layout-flow wp-block-column-is-layout-flow\">\n<p>Nesta se\u00e7\u00e3o est\u00e3o presentes os v\u00eddeos que a equipe considera de extrema import\u00e2ncia para os trabalhos de pesquisa. A plataforma utilizada para disponibiliza\u00e7\u00e3o \u00e9 o YouTube e somente nossos uploads est\u00e3o sob controle do Memov, os demais s\u00e3o de responsabilidade de suas respectivas origens.<\/p>\n<\/div>\n\n\n\n<div class=\"wp-block-column is-layout-flow wp-block-column-is-layout-flow\">\n<figure class=\"wp-block-image size-full remove-bottom-space\"><a href=\"https:\/\/www.youtube.com\/c\/memov_cbae\" target=\"_blank\" rel=\"noreferrer noopener\"><img fetchpriority=\"high\" decoding=\"async\" width=\"1299\" height=\"295\" src=\"https:\/\/memov.org\/site\/wp-content\/uploads\/2022\/09\/AcesseoCanal.png\" alt=\"\" class=\"wp-image-57548\" srcset=\"https:\/\/memov.org\/site\/wp-content\/uploads\/2022\/09\/AcesseoCanal.png 1299w, https:\/\/memov.org\/site\/wp-content\/uploads\/2022\/09\/AcesseoCanal-300x68.png 300w, https:\/\/memov.org\/site\/wp-content\/uploads\/2022\/09\/AcesseoCanal-1024x233.png 1024w, https:\/\/memov.org\/site\/wp-content\/uploads\/2022\/09\/AcesseoCanal-768x174.png 768w, https:\/\/memov.org\/site\/wp-content\/uploads\/2022\/09\/AcesseoCanal-205x47.png 205w, https:\/\/memov.org\/site\/wp-content\/uploads\/2022\/09\/AcesseoCanal-480x109.png 480w\" sizes=\"(max-width: 1299px) 100vw, 1299px\" \/><\/a><\/figure>\n\n\n<a class=\"maxbutton-2 maxbutton maxbutton-botao-multimidia\" target=\"_blank\" rel=\"noopener\" href=\"https:\/\/www.youtube.com\/c\/memov_cbae\"><span class='mb-text'>YouTube do Memov<\/span><\/a><\/div>\n<\/div>\n<\/div>\n<\/div>\n\n\n\n<div class=\"wp-block-columns is-layout-flex wp-container-core-columns-is-layout-28f84493 wp-block-columns-is-layout-flex\">\n<div class=\"wp-block-column is-layout-flow wp-block-column-is-layout-flow\">\n<hr class=\"wp-block-separator has-alpha-channel-opacity is-style-wide\"\/>\n<\/div>\n<\/div>\n\n\n\n<div class=\"wp-block-columns is-layout-flex wp-container-core-columns-is-layout-28f84493 wp-block-columns-is-layout-flex\">\n<div class=\"wp-block-column is-layout-flow wp-block-column-is-layout-flow\">\n<figure class=\"wp-block-image size-full remove-bottom-space\"><a href=\"https:\/\/memov.org\/site\/documentarios\/\" target=\"_blank\" rel=\"noreferrer noopener\"><img decoding=\"async\" width=\"1024\" height=\"576\" src=\"https:\/\/memov.org\/site\/wp-content\/uploads\/2023\/06\/documentarios.jpg\" alt=\"\" class=\"wp-image-337749\" srcset=\"https:\/\/memov.org\/site\/wp-content\/uploads\/2023\/06\/documentarios.jpg 1024w, https:\/\/memov.org\/site\/wp-content\/uploads\/2023\/06\/documentarios-300x169.jpg 300w, https:\/\/memov.org\/site\/wp-content\/uploads\/2023\/06\/documentarios-768x432.jpg 768w, https:\/\/memov.org\/site\/wp-content\/uploads\/2023\/06\/documentarios-205x115.jpg 205w, https:\/\/memov.org\/site\/wp-content\/uploads\/2023\/06\/documentarios-480x270.jpg 480w\" sizes=\"(max-width: 1024px) 100vw, 1024px\" \/><\/a><\/figure>\n\n\n<a class=\"maxbutton-2 maxbutton maxbutton-botao-multimidia\" target=\"_blank\" rel=\"noopener\" href=\"https:\/\/memov.org\/site\/documentarios\/\"><span class='mb-text'>Document\u00e1rios<\/span><\/a><\/div>\n\n\n\n<div class=\"wp-block-column is-layout-flow wp-block-column-is-layout-flow\">\n<figure class=\"wp-block-image size-full remove-bottom-space\"><a href=\"https:\/\/memov.org\/site\/eventos-videos\/\" target=\"_blank\" rel=\"noreferrer noopener\"><img decoding=\"async\" width=\"1024\" height=\"576\" src=\"https:\/\/memov.org\/site\/wp-content\/uploads\/2023\/06\/eventos-1.jpg\" alt=\"\" class=\"wp-image-337750\" srcset=\"https:\/\/memov.org\/site\/wp-content\/uploads\/2023\/06\/eventos-1.jpg 1024w, https:\/\/memov.org\/site\/wp-content\/uploads\/2023\/06\/eventos-1-300x169.jpg 300w, https:\/\/memov.org\/site\/wp-content\/uploads\/2023\/06\/eventos-1-768x432.jpg 768w, https:\/\/memov.org\/site\/wp-content\/uploads\/2023\/06\/eventos-1-205x115.jpg 205w, https:\/\/memov.org\/site\/wp-content\/uploads\/2023\/06\/eventos-1-480x270.jpg 480w\" sizes=\"(max-width: 1024px) 100vw, 1024px\" \/><\/a><\/figure>\n\n\n<a class=\"maxbutton-2 maxbutton maxbutton-botao-multimidia\" target=\"_blank\" rel=\"noopener\" href=\"https:\/\/memov.org\/site\/eventos-videos\/\"><span class='mb-text'>Eventos<\/span><\/a><\/div>\n\n\n\n<div class=\"wp-block-column is-layout-flow wp-block-column-is-layout-flow\">\n<figure class=\"wp-block-image size-full remove-bottom-space\"><a href=\"https:\/\/memov.org\/site\/memoria-e-pesquisa\/\" target=\"_blank\" rel=\"noreferrer noopener\"><img loading=\"lazy\" decoding=\"async\" width=\"1024\" height=\"576\" src=\"https:\/\/memov.org\/site\/wp-content\/uploads\/2023\/06\/memoriaepesquisa.jpg\" alt=\"\" class=\"wp-image-337751\" srcset=\"https:\/\/memov.org\/site\/wp-content\/uploads\/2023\/06\/memoriaepesquisa.jpg 1024w, https:\/\/memov.org\/site\/wp-content\/uploads\/2023\/06\/memoriaepesquisa-300x169.jpg 300w, https:\/\/memov.org\/site\/wp-content\/uploads\/2023\/06\/memoriaepesquisa-768x432.jpg 768w, https:\/\/memov.org\/site\/wp-content\/uploads\/2023\/06\/memoriaepesquisa-205x115.jpg 205w, https:\/\/memov.org\/site\/wp-content\/uploads\/2023\/06\/memoriaepesquisa-480x270.jpg 480w\" sizes=\"(max-width: 1024px) 100vw, 1024px\" \/><\/a><\/figure>\n\n\n<a class=\"maxbutton-2 maxbutton maxbutton-botao-multimidia\" target=\"_blank\" rel=\"noopener\" href=\"https:\/\/memov.org\/site\/memoria-e-pesquisa\/\"><span class='mb-text'>Mem\u00f3rias de Luta e Pesquisa<\/span><\/a><\/div>\n<\/div>\n","protected":false},"excerpt":{"rendered":"<p>V\u00eddeos As pesquisas e eventos empreendidos pelo Programa de Mem\u00f3ria dos Movimentos Sociais (Memov) resultam em uma s\u00e9rie de produtos audiovisuais para a divulga\u00e7\u00e3o do trabalho cient\u00edfico. Nossos parceiros tamb\u00e9m realizam trabalhos similares para a amplia\u00e7\u00e3o do acesso \u00e0 pesquisa no Brasil. Nesta se\u00e7\u00e3o est\u00e3o presentes os v\u00eddeos que a equipe considera de extrema import\u00e2ncia [&hellip;]<\/p>\n","protected":false},"author":16,"featured_media":0,"parent":0,"menu_order":0,"comment_status":"closed","ping_status":"closed","template":"","meta":{"ub_ctt_via":"","footnotes":""},"tnc_tax_372951":[],"tnc_tax_240503":[],"tnc_tax_8150":[],"tnc_tax_2196":[],"tnc_tax_2184":[],"tnc_tax_77":[],"folder":[],"class_list":["post-57838","page","type-page","status-publish","hentry"],"blocksy_meta":{"styles_descriptor":{"styles":{"desktop":"","tablet":"","mobile":""},"google_fonts":[],"version":6}},"featured_image_src":null,"_links":{"self":[{"href":"https:\/\/memov.org\/site\/wp-json\/wp\/v2\/pages\/57838","targetHints":{"allow":["GET"]}}],"collection":[{"href":"https:\/\/memov.org\/site\/wp-json\/wp\/v2\/pages"}],"about":[{"href":"https:\/\/memov.org\/site\/wp-json\/wp\/v2\/types\/page"}],"author":[{"embeddable":true,"href":"https:\/\/memov.org\/site\/wp-json\/wp\/v2\/users\/16"}],"replies":[{"embeddable":true,"href":"https:\/\/memov.org\/site\/wp-json\/wp\/v2\/comments?post=57838"}],"version-history":[{"count":10,"href":"https:\/\/memov.org\/site\/wp-json\/wp\/v2\/pages\/57838\/revisions"}],"predecessor-version":[{"id":378344,"href":"https:\/\/memov.org\/site\/wp-json\/wp\/v2\/pages\/57838\/revisions\/378344"}],"wp:attachment":[{"href":"https:\/\/memov.org\/site\/wp-json\/wp\/v2\/media?parent=57838"}],"wp:term":[{"taxonomy":"tnc_tax_372951","embeddable":true,"href":"https:\/\/memov.org\/site\/wp-json\/wp\/v2\/tnc_tax_372951?post=57838"},{"taxonomy":"tnc_tax_240503","embeddable":true,"href":"https:\/\/memov.org\/site\/wp-json\/wp\/v2\/tnc_tax_240503?post=57838"},{"taxonomy":"tnc_tax_8150","embeddable":true,"href":"https:\/\/memov.org\/site\/wp-json\/wp\/v2\/tnc_tax_8150?post=57838"},{"taxonomy":"tnc_tax_2196","embeddable":true,"href":"https:\/\/memov.org\/site\/wp-json\/wp\/v2\/tnc_tax_2196?post=57838"},{"taxonomy":"tnc_tax_2184","embeddable":true,"href":"https:\/\/memov.org\/site\/wp-json\/wp\/v2\/tnc_tax_2184?post=57838"},{"taxonomy":"tnc_tax_77","embeddable":true,"href":"https:\/\/memov.org\/site\/wp-json\/wp\/v2\/tnc_tax_77?post=57838"},{"taxonomy":"folder","embeddable":true,"href":"https:\/\/memov.org\/site\/wp-json\/wp\/v2\/folder?post=57838"}],"curies":[{"name":"wp","href":"https:\/\/api.w.org\/{rel}","templated":true}]}}