{"id":57799,"date":"2022-09-13T14:03:47","date_gmt":"2022-09-13T17:03:47","guid":{"rendered":"https:\/\/memov.org\/site\/?page_id=57799"},"modified":"2025-10-02T21:54:59","modified_gmt":"2025-10-03T00:54:59","slug":"fotografias","status":"publish","type":"page","link":"https:\/\/memov.org\/site\/fotografias\/","title":{"rendered":"Fotografias"},"content":{"rendered":"\n<div class=\"wp-block-columns is-layout-flex wp-container-core-columns-is-layout-28f84493 wp-block-columns-is-layout-flex\">\n<div class=\"wp-block-column is-layout-flow wp-block-column-is-layout-flow\">\n<div class=\"wp-block-columns is-layout-flex wp-container-core-columns-is-layout-28f84493 wp-block-columns-is-layout-flex\">\n<div class=\"wp-block-column is-layout-flow wp-block-column-is-layout-flow\">\n<h2 class=\"wp-block-heading\">Fotografias<\/h2>\n<\/div>\n<\/div>\n\n\n\n<div class=\"wp-block-columns is-layout-flex wp-container-core-columns-is-layout-28f84493 wp-block-columns-is-layout-flex\">\n<div class=\"wp-block-column is-layout-flow wp-block-column-is-layout-flow\">\n<p>As pesquisas e eventos empreendidos pelo Programa de Mem\u00f3ria dos Movimentos Sociais (Memov) resultam em uma s\u00e9rie de produtos audiovisuais para a divulga\u00e7\u00e3o do trabalho cient\u00edfico. Nossos parceiros tamb\u00e9m realizam trabalhos similares para a amplia\u00e7\u00e3o do acesso \u00e0 pesquisa no Brasil.<\/p>\n<\/div>\n\n\n\n<div class=\"wp-block-column is-layout-flow wp-block-column-is-layout-flow\">\n<p>Nesta se\u00e7\u00e3o est\u00e3o presentes as se\u00e7\u00f5es das imagens armazenadas em nosso acervo. A plataforma utilizada para disponibiliza\u00e7\u00e3o \u00e9 o Flickr e todas as fotografias podem ser visualizadas no reposit\u00f3rio. Al\u00e9m disso, os documentos podem ser acessados via pesquisa no nosso acervo.<\/p>\n<\/div>\n\n\n\n<div class=\"wp-block-column is-layout-flow wp-block-column-is-layout-flow\">\n<figure class=\"wp-block-image size-full remove-bottom-space\"><a href=\"https:\/\/www.flickr.com\/photos\/cbae\/albums\"><img fetchpriority=\"high\" decoding=\"async\" width=\"1299\" height=\"295\" src=\"https:\/\/memov.org\/site\/wp-content\/uploads\/2022\/09\/AcesseoCanal.png\" alt=\"\" class=\"wp-image-57548\" srcset=\"https:\/\/memov.org\/site\/wp-content\/uploads\/2022\/09\/AcesseoCanal.png 1299w, https:\/\/memov.org\/site\/wp-content\/uploads\/2022\/09\/AcesseoCanal-300x68.png 300w, https:\/\/memov.org\/site\/wp-content\/uploads\/2022\/09\/AcesseoCanal-1024x233.png 1024w, https:\/\/memov.org\/site\/wp-content\/uploads\/2022\/09\/AcesseoCanal-768x174.png 768w, https:\/\/memov.org\/site\/wp-content\/uploads\/2022\/09\/AcesseoCanal-205x47.png 205w, https:\/\/memov.org\/site\/wp-content\/uploads\/2022\/09\/AcesseoCanal-480x109.png 480w\" sizes=\"(max-width: 1299px) 100vw, 1299px\" \/><\/a><\/figure>\n\n\n<a class=\"maxbutton-2 maxbutton maxbutton-botao-multimidia\" target=\"_blank\" rel=\"noopener\" href=\"https:\/\/www.flickr.com\/photos\/cbae\/albums\"><span class='mb-text'>Flickr do Memov<\/span><\/a><\/div>\n<\/div>\n<\/div>\n<\/div>\n\n\n\n<div class=\"wp-block-columns is-layout-flex wp-container-core-columns-is-layout-28f84493 wp-block-columns-is-layout-flex\">\n<div class=\"wp-block-column is-layout-flow wp-block-column-is-layout-flow\">\n<hr class=\"wp-block-separator has-alpha-channel-opacity is-style-wide\"\/>\n\n\n\n<div style=\"height:15px\" aria-hidden=\"true\" class=\"wp-block-spacer\"><\/div>\n\n\n\n<div class=\"wp-block-columns is-layout-flex wp-container-core-columns-is-layout-28f84493 wp-block-columns-is-layout-flex\">\n<div class=\"wp-block-column is-layout-flow wp-block-column-is-layout-flow\">\n<figure class=\"wp-block-image size-full remove-bottom-space\"><a href=\"https:\/\/flic.kr\/s\/aHBqjA4dFt\" target=\"_blank\" rel=\"noreferrer noopener\"><img decoding=\"async\" width=\"1024\" height=\"576\" src=\"https:\/\/memov.org\/site\/wp-content\/uploads\/2023\/06\/fotmsep.jpg\" alt=\"\" class=\"wp-image-337755\" srcset=\"https:\/\/memov.org\/site\/wp-content\/uploads\/2023\/06\/fotmsep.jpg 1024w, https:\/\/memov.org\/site\/wp-content\/uploads\/2023\/06\/fotmsep-300x169.jpg 300w, https:\/\/memov.org\/site\/wp-content\/uploads\/2023\/06\/fotmsep-768x432.jpg 768w, https:\/\/memov.org\/site\/wp-content\/uploads\/2023\/06\/fotmsep-205x115.jpg 205w, https:\/\/memov.org\/site\/wp-content\/uploads\/2023\/06\/fotmsep-480x270.jpg 480w\" sizes=\"(max-width: 1024px) 100vw, 1024px\" \/><\/a><\/figure>\n\n\n<a class=\"maxbutton-2 maxbutton maxbutton-botao-multimidia\" target=\"_blank\" rel=\"noopener\" href=\"https:\/\/flic.kr\/s\/aHBqjA4dFt\"><span class='mb-text'>Movimentos Sociais e Esfera P\u00fablica<\/span><\/a><\/div>\n\n\n\n<div class=\"wp-block-column is-layout-flow wp-block-column-is-layout-flow\">\n<figure class=\"wp-block-image size-full remove-bottom-space\"><a href=\"https:\/\/www.flickr.com\/photos\/cbae\/albums\/72177720303065700\" target=\"_blank\" rel=\"noreferrer noopener\"><img decoding=\"async\" width=\"1024\" height=\"576\" src=\"https:\/\/memov.org\/site\/wp-content\/uploads\/2023\/06\/fotet.jpg\" alt=\"\" class=\"wp-image-337756\" srcset=\"https:\/\/memov.org\/site\/wp-content\/uploads\/2023\/06\/fotet.jpg 1024w, https:\/\/memov.org\/site\/wp-content\/uploads\/2023\/06\/fotet-300x169.jpg 300w, https:\/\/memov.org\/site\/wp-content\/uploads\/2023\/06\/fotet-768x432.jpg 768w, https:\/\/memov.org\/site\/wp-content\/uploads\/2023\/06\/fotet-205x115.jpg 205w, https:\/\/memov.org\/site\/wp-content\/uploads\/2023\/06\/fotet-480x270.jpg 480w\" sizes=\"(max-width: 1024px) 100vw, 1024px\" \/><\/a><\/figure>\n\n\n<a class=\"maxbutton-2 maxbutton maxbutton-botao-multimidia\" target=\"_blank\" rel=\"noopener\" href=\"https:\/\/www.flickr.com\/photos\/cbae\/albums\/72177720303065700\"><span class='mb-text'>Eventos Tem\u00e1ticos<\/span><\/a><\/div>\n\n\n\n<div class=\"wp-block-column is-layout-flow wp-block-column-is-layout-flow\">\n<figure class=\"wp-block-image size-full remove-bottom-space\"><a href=\"https:\/\/www.flickr.com\/photos\/cbae\/albums\/72177720304580664\" target=\"_blank\" rel=\"noreferrer noopener\"><img loading=\"lazy\" decoding=\"async\" width=\"1024\" height=\"576\" src=\"https:\/\/memov.org\/site\/wp-content\/uploads\/2023\/06\/fotgrev.jpg\" alt=\"\" class=\"wp-image-337758\" srcset=\"https:\/\/memov.org\/site\/wp-content\/uploads\/2023\/06\/fotgrev.jpg 1024w, https:\/\/memov.org\/site\/wp-content\/uploads\/2023\/06\/fotgrev-300x169.jpg 300w, https:\/\/memov.org\/site\/wp-content\/uploads\/2023\/06\/fotgrev-768x432.jpg 768w, https:\/\/memov.org\/site\/wp-content\/uploads\/2023\/06\/fotgrev-205x115.jpg 205w, https:\/\/memov.org\/site\/wp-content\/uploads\/2023\/06\/fotgrev-480x270.jpg 480w\" sizes=\"(max-width: 1024px) 100vw, 1024px\" \/><\/a><\/figure>\n\n\n<a class=\"maxbutton-2 maxbutton maxbutton-botao-multimidia\" target=\"_blank\" rel=\"noopener\" href=\"https:\/\/www.flickr.com\/photos\/cbae\/albums\/72177720304580664\"><span class='mb-text'>Greves (Canavieiros e Metal\u00fargicos)<\/span><\/a><\/div>\n\n\n\n<div class=\"wp-block-column is-layout-flow wp-block-column-is-layout-flow\">\n<figure class=\"wp-block-image size-full remove-bottom-space\"><a href=\"https:\/\/www.flickr.com\/photos\/cbae\/albums\/72177720308036026\" target=\"_blank\" rel=\"noreferrer noopener\"><img loading=\"lazy\" decoding=\"async\" width=\"1024\" height=\"576\" src=\"https:\/\/memov.org\/site\/wp-content\/uploads\/2023\/06\/fotmc.jpg\" alt=\"\" class=\"wp-image-337759\" srcset=\"https:\/\/memov.org\/site\/wp-content\/uploads\/2023\/06\/fotmc.jpg 1024w, https:\/\/memov.org\/site\/wp-content\/uploads\/2023\/06\/fotmc-300x169.jpg 300w, https:\/\/memov.org\/site\/wp-content\/uploads\/2023\/06\/fotmc-768x432.jpg 768w, https:\/\/memov.org\/site\/wp-content\/uploads\/2023\/06\/fotmc-205x115.jpg 205w, https:\/\/memov.org\/site\/wp-content\/uploads\/2023\/06\/fotmc-480x270.jpg 480w\" sizes=\"(max-width: 1024px) 100vw, 1024px\" \/><\/a><\/figure>\n\n\n<a class=\"maxbutton-2 maxbutton maxbutton-botao-multimidia\" target=\"_blank\" rel=\"noopener\" href=\"https:\/\/www.flickr.com\/photos\/cbae\/albums\/72177720308036026\"><span class='mb-text'>Mem\u00f3ria Camponesa<\/span><\/a><\/div>\n<\/div>\n<\/div>\n<\/div>\n\n\n\n<div class=\"wp-block-columns is-layout-flex wp-container-core-columns-is-layout-28f84493 wp-block-columns-is-layout-flex\">\n<div class=\"wp-block-column is-layout-flow wp-block-column-is-layout-flow\"><\/div>\n<\/div>\n","protected":false},"excerpt":{"rendered":"<p>Fotografias As pesquisas e eventos empreendidos pelo Programa de Mem\u00f3ria dos Movimentos Sociais (Memov) resultam em uma s\u00e9rie de produtos audiovisuais para a divulga\u00e7\u00e3o do trabalho cient\u00edfico. Nossos parceiros tamb\u00e9m realizam trabalhos similares para a amplia\u00e7\u00e3o do acesso \u00e0 pesquisa no Brasil. Nesta se\u00e7\u00e3o est\u00e3o presentes as se\u00e7\u00f5es das imagens armazenadas em nosso acervo. A [&hellip;]<\/p>\n","protected":false},"author":16,"featured_media":0,"parent":0,"menu_order":0,"comment_status":"closed","ping_status":"closed","template":"","meta":{"ub_ctt_via":"","footnotes":""},"tnc_tax_372951":[],"tnc_tax_240503":[],"tnc_tax_8150":[],"tnc_tax_2196":[],"tnc_tax_2184":[],"tnc_tax_77":[],"folder":[],"class_list":["post-57799","page","type-page","status-publish","hentry"],"blocksy_meta":{"styles_descriptor":{"styles":{"desktop":"","tablet":"","mobile":""},"google_fonts":[],"version":6}},"featured_image_src":null,"_links":{"self":[{"href":"https:\/\/memov.org\/site\/wp-json\/wp\/v2\/pages\/57799","targetHints":{"allow":["GET"]}}],"collection":[{"href":"https:\/\/memov.org\/site\/wp-json\/wp\/v2\/pages"}],"about":[{"href":"https:\/\/memov.org\/site\/wp-json\/wp\/v2\/types\/page"}],"author":[{"embeddable":true,"href":"https:\/\/memov.org\/site\/wp-json\/wp\/v2\/users\/16"}],"replies":[{"embeddable":true,"href":"https:\/\/memov.org\/site\/wp-json\/wp\/v2\/comments?post=57799"}],"version-history":[{"count":17,"href":"https:\/\/memov.org\/site\/wp-json\/wp\/v2\/pages\/57799\/revisions"}],"predecessor-version":[{"id":337760,"href":"https:\/\/memov.org\/site\/wp-json\/wp\/v2\/pages\/57799\/revisions\/337760"}],"wp:attachment":[{"href":"https:\/\/memov.org\/site\/wp-json\/wp\/v2\/media?parent=57799"}],"wp:term":[{"taxonomy":"tnc_tax_372951","embeddable":true,"href":"https:\/\/memov.org\/site\/wp-json\/wp\/v2\/tnc_tax_372951?post=57799"},{"taxonomy":"tnc_tax_240503","embeddable":true,"href":"https:\/\/memov.org\/site\/wp-json\/wp\/v2\/tnc_tax_240503?post=57799"},{"taxonomy":"tnc_tax_8150","embeddable":true,"href":"https:\/\/memov.org\/site\/wp-json\/wp\/v2\/tnc_tax_8150?post=57799"},{"taxonomy":"tnc_tax_2196","embeddable":true,"href":"https:\/\/memov.org\/site\/wp-json\/wp\/v2\/tnc_tax_2196?post=57799"},{"taxonomy":"tnc_tax_2184","embeddable":true,"href":"https:\/\/memov.org\/site\/wp-json\/wp\/v2\/tnc_tax_2184?post=57799"},{"taxonomy":"tnc_tax_77","embeddable":true,"href":"https:\/\/memov.org\/site\/wp-json\/wp\/v2\/tnc_tax_77?post=57799"},{"taxonomy":"folder","embeddable":true,"href":"https:\/\/memov.org\/site\/wp-json\/wp\/v2\/folder?post=57799"}],"curies":[{"name":"wp","href":"https:\/\/api.w.org\/{rel}","templated":true}]}}