{"id":57752,"date":"2022-09-13T11:23:49","date_gmt":"2022-09-13T14:23:49","guid":{"rendered":"https:\/\/memov.org\/site\/?page_id=57752"},"modified":"2025-10-02T21:54:59","modified_gmt":"2025-10-03T00:54:59","slug":"cordeis","status":"publish","type":"page","link":"https:\/\/memov.org\/site\/cordeis\/","title":{"rendered":"Cord\u00e9is"},"content":{"rendered":"\n<div class=\"wp-block-columns is-layout-flex wp-container-core-columns-is-layout-28f84493 wp-block-columns-is-layout-flex\">\n<div class=\"wp-block-column is-layout-flow wp-block-column-is-layout-flow\">\n<div class=\"wp-block-columns is-layout-flex wp-container-core-columns-is-layout-28f84493 wp-block-columns-is-layout-flex\">\n<div class=\"wp-block-column is-layout-flow wp-block-column-is-layout-flow\">\n<h2 class=\"wp-block-heading\">Cord\u00e9is<\/h2>\n<\/div>\n<\/div>\n\n\n\n<div class=\"wp-block-columns is-layout-flex wp-container-core-columns-is-layout-28f84493 wp-block-columns-is-layout-flex\">\n<div class=\"wp-block-column is-layout-flow wp-block-column-is-layout-flow\">\n<p>As pesquisas e eventos empreendidos pelo Programa de Mem\u00f3ria dos Movimentos Sociais (Memov) resultam em uma s\u00e9rie de produtos audiovisuais para a divulga\u00e7\u00e3o do trabalho cient\u00edfico. Nossos parceiros tamb\u00e9m realizam trabalhos similares para a amplia\u00e7\u00e3o do acesso \u00e0 pesquisa no Brasil.<\/p>\n<\/div>\n\n\n\n<div class=\"wp-block-column is-layout-flow wp-block-column-is-layout-flow\">\n<p>Nesta se\u00e7\u00e3o est\u00e3o presentes cord\u00e9is que a equipe considera de extrema import\u00e2ncia para os trabalhos de pesquisa. M\u00faltiplas plataformas foram utilizadas para disponibiliza\u00e7\u00e3o e somente os nossos uploads est\u00e3o sob controle do Memov, os demais s\u00e3o de responsabilidade de suas respectivas origens.<\/p>\n<\/div>\n\n\n\n<div class=\"wp-block-column is-layout-flow wp-block-column-is-layout-flow\">\n<figure class=\"wp-block-image size-full remove-bottom-space\"><img fetchpriority=\"high\" decoding=\"async\" width=\"1299\" height=\"295\" src=\"https:\/\/memov.org\/site\/wp-content\/uploads\/2022\/09\/AcesseoCanal.png\" alt=\"\" class=\"wp-image-57548\" srcset=\"https:\/\/memov.org\/site\/wp-content\/uploads\/2022\/09\/AcesseoCanal.png 1299w, https:\/\/memov.org\/site\/wp-content\/uploads\/2022\/09\/AcesseoCanal-300x68.png 300w, https:\/\/memov.org\/site\/wp-content\/uploads\/2022\/09\/AcesseoCanal-1024x233.png 1024w, https:\/\/memov.org\/site\/wp-content\/uploads\/2022\/09\/AcesseoCanal-768x174.png 768w, https:\/\/memov.org\/site\/wp-content\/uploads\/2022\/09\/AcesseoCanal-205x47.png 205w, https:\/\/memov.org\/site\/wp-content\/uploads\/2022\/09\/AcesseoCanal-480x109.png 480w\" sizes=\"(max-width: 1299px) 100vw, 1299px\" \/><\/figure>\n\n\n<a class=\"maxbutton-2 maxbutton maxbutton-botao-multimidia\" target=\"_blank\" rel=\"noopener\" href=\"https:\/\/memov.org\/site\/acervo-memov\/\"><span class='mb-text'>Acervo do Memov<\/span><\/a><\/div>\n<\/div>\n<\/div>\n<\/div>\n\n\n\n<div class=\"wp-block-columns is-layout-flex wp-container-core-columns-is-layout-28f84493 wp-block-columns-is-layout-flex\">\n<div class=\"wp-block-column is-layout-flow wp-block-column-is-layout-flow\">\n<hr class=\"wp-block-separator has-alpha-channel-opacity is-style-wide\"\/>\n<\/div>\n<\/div>\n\n\n\n<div class=\"wp-block-columns is-layout-flex wp-container-core-columns-is-layout-28f84493 wp-block-columns-is-layout-flex\">\n<div class=\"wp-block-column is-layout-flow wp-block-column-is-layout-flow\">\n<div class=\"wp-block-columns is-layout-flex wp-container-core-columns-is-layout-28f84493 wp-block-columns-is-layout-flex\">\n<div class=\"wp-block-column is-layout-flow wp-block-column-is-layout-flow\">\n<figure class=\"wp-block-image size-large remove-bottom-space\"><img decoding=\"async\" width=\"731\" height=\"1024\" src=\"https:\/\/memov.org\/site\/wp-content\/uploads\/2022\/09\/28deabril-731x1024.jpg\" alt=\"\" class=\"wp-image-57753\" srcset=\"https:\/\/memov.org\/site\/wp-content\/uploads\/2022\/09\/28deabril-731x1024.jpg 731w, https:\/\/memov.org\/site\/wp-content\/uploads\/2022\/09\/28deabril-214x300.jpg 214w, https:\/\/memov.org\/site\/wp-content\/uploads\/2022\/09\/28deabril-768x1075.jpg 768w, https:\/\/memov.org\/site\/wp-content\/uploads\/2022\/09\/28deabril-205x287.jpg 205w, https:\/\/memov.org\/site\/wp-content\/uploads\/2022\/09\/28deabril-480x672.jpg 480w, https:\/\/memov.org\/site\/wp-content\/uploads\/2022\/09\/28deabril.jpg 1000w\" sizes=\"(max-width: 731px) 100vw, 731px\" \/><\/figure>\n\n\n<a class=\"maxbutton-2 maxbutton maxbutton-botao-multimidia\" target=\"_blank\" rel=\"noopener\" href=\"https:\/\/pt.slideshare.net\/robsonqsmsrs\/cordel-mem-vitaciddoencastrab\"><span class='mb-text'>28 de Abril<\/span><\/a><\/div>\n<\/div>\n<\/div>\n\n\n\n<div class=\"wp-block-column is-layout-flow wp-block-column-is-layout-flow\">\n<figure class=\"wp-block-image size-large remove-bottom-space\"><a href=\"https:\/\/memov.org\/site\/2022\/09\/13\/campanha-salarial-1982\/\" target=\"_blank\" rel=\"noreferrer noopener\"><img decoding=\"async\" width=\"731\" height=\"1024\" src=\"https:\/\/memov.org\/site\/wp-content\/uploads\/2022\/09\/campanhasalarial-731x1024.jpg\" alt=\"\" class=\"wp-image-57754\" srcset=\"https:\/\/memov.org\/site\/wp-content\/uploads\/2022\/09\/campanhasalarial-731x1024.jpg 731w, https:\/\/memov.org\/site\/wp-content\/uploads\/2022\/09\/campanhasalarial-214x300.jpg 214w, https:\/\/memov.org\/site\/wp-content\/uploads\/2022\/09\/campanhasalarial-768x1075.jpg 768w, https:\/\/memov.org\/site\/wp-content\/uploads\/2022\/09\/campanhasalarial-205x287.jpg 205w, https:\/\/memov.org\/site\/wp-content\/uploads\/2022\/09\/campanhasalarial-480x672.jpg 480w, https:\/\/memov.org\/site\/wp-content\/uploads\/2022\/09\/campanhasalarial.jpg 1000w\" sizes=\"(max-width: 731px) 100vw, 731px\" \/><\/a><\/figure>\n\n\n<a class=\"maxbutton-2 maxbutton maxbutton-botao-multimidia\" target=\"_blank\" rel=\"noopener\" href=\"https:\/\/memov.org\/site\/2022\/09\/13\/campanha-salarial-1982\/\"><span class='mb-text'>Campanha Salaria 1982<\/span><\/a><\/div>\n\n\n\n<div class=\"wp-block-column is-layout-flow wp-block-column-is-layout-flow\">\n<figure class=\"wp-block-image size-large remove-bottom-space\"><a href=\"https:\/\/memov.org\/site\/2022\/09\/13\/camponeses-unidos-lutam-por-seus-direitos\/\" target=\"_blank\" rel=\"noreferrer noopener\"><img loading=\"lazy\" decoding=\"async\" width=\"731\" height=\"1024\" src=\"https:\/\/memov.org\/site\/wp-content\/uploads\/2022\/09\/camponesesunidos-731x1024.jpg\" alt=\"\" class=\"wp-image-57755\" srcset=\"https:\/\/memov.org\/site\/wp-content\/uploads\/2022\/09\/camponesesunidos-731x1024.jpg 731w, https:\/\/memov.org\/site\/wp-content\/uploads\/2022\/09\/camponesesunidos-214x300.jpg 214w, https:\/\/memov.org\/site\/wp-content\/uploads\/2022\/09\/camponesesunidos-768x1075.jpg 768w, https:\/\/memov.org\/site\/wp-content\/uploads\/2022\/09\/camponesesunidos-205x287.jpg 205w, https:\/\/memov.org\/site\/wp-content\/uploads\/2022\/09\/camponesesunidos-480x672.jpg 480w, https:\/\/memov.org\/site\/wp-content\/uploads\/2022\/09\/camponesesunidos.jpg 1000w\" sizes=\"(max-width: 731px) 100vw, 731px\" \/><\/a><\/figure>\n\n\n<a class=\"maxbutton-2 maxbutton maxbutton-botao-multimidia\" target=\"_blank\" rel=\"noopener\" href=\"https:\/\/memov.org\/site\/2022\/09\/13\/camponeses-unidos-lutam-por-seus-direitos\/\"><span class='mb-text'>Camponeses Unidos<\/span><\/a><\/div>\n\n\n\n<div class=\"wp-block-column is-layout-flow wp-block-column-is-layout-flow\">\n<figure class=\"wp-block-image size-large remove-bottom-space\"><a href=\"https:\/\/memov.org\/site\/2022\/09\/13\/cana-de-acucar-origem-e-evolucao\/\" target=\"_blank\" rel=\"noreferrer noopener\"><img loading=\"lazy\" decoding=\"async\" width=\"731\" height=\"1024\" src=\"https:\/\/memov.org\/site\/wp-content\/uploads\/2022\/09\/cana-de-acucar-731x1024.jpg\" alt=\"\" class=\"wp-image-57756\" srcset=\"https:\/\/memov.org\/site\/wp-content\/uploads\/2022\/09\/cana-de-acucar-731x1024.jpg 731w, https:\/\/memov.org\/site\/wp-content\/uploads\/2022\/09\/cana-de-acucar-214x300.jpg 214w, https:\/\/memov.org\/site\/wp-content\/uploads\/2022\/09\/cana-de-acucar-768x1075.jpg 768w, https:\/\/memov.org\/site\/wp-content\/uploads\/2022\/09\/cana-de-acucar-205x287.jpg 205w, https:\/\/memov.org\/site\/wp-content\/uploads\/2022\/09\/cana-de-acucar-480x672.jpg 480w, https:\/\/memov.org\/site\/wp-content\/uploads\/2022\/09\/cana-de-acucar.jpg 1000w\" sizes=\"(max-width: 731px) 100vw, 731px\" \/><\/a><\/figure>\n\n\n<a class=\"maxbutton-2 maxbutton maxbutton-botao-multimidia\" target=\"_blank\" rel=\"noopener\" href=\"https:\/\/memov.org\/site\/2022\/09\/13\/cana-de-acucar-origem-e-evolucao\/\"><span class='mb-text'>Cana-de-A\u00e7\u00facar: Origem e Evolu\u00e7\u00e3o<\/span><\/a><\/div>\n<\/div>\n\n\n\n<div class=\"wp-block-columns is-layout-flex wp-container-core-columns-is-layout-28f84493 wp-block-columns-is-layout-flex\">\n<div class=\"wp-block-column is-layout-flow wp-block-column-is-layout-flow\">\n<hr class=\"wp-block-separator has-alpha-channel-opacity is-style-wide\"\/>\n<\/div>\n\n\n\n<div class=\"wp-block-column is-layout-flow wp-block-column-is-layout-flow\">\n<hr class=\"wp-block-separator has-alpha-channel-opacity is-style-wide\"\/>\n<\/div>\n\n\n\n<div class=\"wp-block-column is-layout-flow wp-block-column-is-layout-flow\">\n<hr class=\"wp-block-separator has-alpha-channel-opacity is-style-wide\"\/>\n<\/div>\n\n\n\n<div class=\"wp-block-column is-layout-flow wp-block-column-is-layout-flow\">\n<hr class=\"wp-block-separator has-alpha-channel-opacity is-style-wide\"\/>\n<\/div>\n<\/div>\n\n\n\n<div class=\"wp-block-columns is-layout-flex wp-container-core-columns-is-layout-28f84493 wp-block-columns-is-layout-flex\">\n<div class=\"wp-block-column is-layout-flow wp-block-column-is-layout-flow\">\n<figure class=\"wp-block-image size-large remove-bottom-space\"><a href=\"https:\/\/memov.org\/site\/2022\/09\/13\/canta-nordeste\/\" target=\"_blank\" rel=\"noreferrer noopener\"><img loading=\"lazy\" decoding=\"async\" width=\"731\" height=\"1024\" src=\"https:\/\/memov.org\/site\/wp-content\/uploads\/2022\/09\/cantanordeste-731x1024.jpg\" alt=\"\" class=\"wp-image-57757\" srcset=\"https:\/\/memov.org\/site\/wp-content\/uploads\/2022\/09\/cantanordeste-731x1024.jpg 731w, https:\/\/memov.org\/site\/wp-content\/uploads\/2022\/09\/cantanordeste-214x300.jpg 214w, https:\/\/memov.org\/site\/wp-content\/uploads\/2022\/09\/cantanordeste-768x1075.jpg 768w, https:\/\/memov.org\/site\/wp-content\/uploads\/2022\/09\/cantanordeste-205x287.jpg 205w, https:\/\/memov.org\/site\/wp-content\/uploads\/2022\/09\/cantanordeste-480x672.jpg 480w, https:\/\/memov.org\/site\/wp-content\/uploads\/2022\/09\/cantanordeste.jpg 1000w\" sizes=\"(max-width: 731px) 100vw, 731px\" \/><\/a><\/figure>\n\n\n<a class=\"maxbutton-2 maxbutton maxbutton-botao-multimidia\" target=\"_blank\" rel=\"noopener\" href=\"https:\/\/memov.org\/site\/2022\/09\/13\/canta-nordeste\/\"><span class='mb-text'>Canta Nordeste<\/span><\/a><\/div>\n\n\n\n<div class=\"wp-block-column is-layout-flow wp-block-column-is-layout-flow\">\n<figure class=\"wp-block-image size-large remove-bottom-space\"><a href=\"https:\/\/memov.org\/site\/2022\/09\/13\/cordeis-para-o-ato-publico-de-14-de-junho-de-1988\/\" target=\"_blank\" rel=\"noreferrer noopener\"><img loading=\"lazy\" decoding=\"async\" width=\"731\" height=\"1024\" src=\"https:\/\/memov.org\/site\/wp-content\/uploads\/2022\/09\/Coletanea-Ato-Publico-731x1024.jpg\" alt=\"\" class=\"wp-image-57758\" srcset=\"https:\/\/memov.org\/site\/wp-content\/uploads\/2022\/09\/Coletanea-Ato-Publico-731x1024.jpg 731w, https:\/\/memov.org\/site\/wp-content\/uploads\/2022\/09\/Coletanea-Ato-Publico-214x300.jpg 214w, https:\/\/memov.org\/site\/wp-content\/uploads\/2022\/09\/Coletanea-Ato-Publico-768x1075.jpg 768w, https:\/\/memov.org\/site\/wp-content\/uploads\/2022\/09\/Coletanea-Ato-Publico-205x287.jpg 205w, https:\/\/memov.org\/site\/wp-content\/uploads\/2022\/09\/Coletanea-Ato-Publico-480x672.jpg 480w, https:\/\/memov.org\/site\/wp-content\/uploads\/2022\/09\/Coletanea-Ato-Publico.jpg 1000w\" sizes=\"(max-width: 731px) 100vw, 731px\" \/><\/a><\/figure>\n\n\n<a class=\"maxbutton-2 maxbutton maxbutton-botao-multimidia\" target=\"_blank\" rel=\"noopener\" href=\"https:\/\/memov.org\/site\/2022\/09\/13\/cordeis-para-o-ato-publico-de-14-de-junho-de-1988\/\"><span class='mb-text'>Cord\u00e9is para Ato P\u00fablico<\/span><\/a><\/div>\n\n\n\n<div class=\"wp-block-column is-layout-flow wp-block-column-is-layout-flow\">\n<figure class=\"wp-block-image size-large remove-bottom-space\"><a href=\"https:\/\/memov.org\/site\/2022\/09\/13\/coletanea-trabalhadores-rurais\/\" target=\"_blank\" rel=\"noreferrer noopener\"><img loading=\"lazy\" decoding=\"async\" width=\"731\" height=\"1024\" src=\"https:\/\/memov.org\/site\/wp-content\/uploads\/2022\/09\/Coletanea-Trabalhadores-Rurais-731x1024.jpg\" alt=\"\" class=\"wp-image-57759\" srcset=\"https:\/\/memov.org\/site\/wp-content\/uploads\/2022\/09\/Coletanea-Trabalhadores-Rurais-731x1024.jpg 731w, https:\/\/memov.org\/site\/wp-content\/uploads\/2022\/09\/Coletanea-Trabalhadores-Rurais-214x300.jpg 214w, https:\/\/memov.org\/site\/wp-content\/uploads\/2022\/09\/Coletanea-Trabalhadores-Rurais-768x1075.jpg 768w, https:\/\/memov.org\/site\/wp-content\/uploads\/2022\/09\/Coletanea-Trabalhadores-Rurais-205x287.jpg 205w, https:\/\/memov.org\/site\/wp-content\/uploads\/2022\/09\/Coletanea-Trabalhadores-Rurais-480x672.jpg 480w, https:\/\/memov.org\/site\/wp-content\/uploads\/2022\/09\/Coletanea-Trabalhadores-Rurais.jpg 1000w\" sizes=\"(max-width: 731px) 100vw, 731px\" \/><\/a><\/figure>\n\n\n<a class=\"maxbutton-2 maxbutton maxbutton-botao-multimidia\" target=\"_blank\" rel=\"noopener\" href=\"https:\/\/memov.org\/site\/2022\/09\/13\/coletanea-trabalhadores-rurais\/\"><span class='mb-text'>Colet\u00e2nea Trabalhadores Rurais<\/span><\/a><\/div>\n\n\n\n<div class=\"wp-block-column is-layout-flow wp-block-column-is-layout-flow\">\n<figure class=\"wp-block-image size-large remove-bottom-space\"><img loading=\"lazy\" decoding=\"async\" width=\"731\" height=\"1024\" src=\"https:\/\/memov.org\/site\/wp-content\/uploads\/2022\/09\/cordeldotrabalhador-731x1024.jpg\" alt=\"\" class=\"wp-image-57760\" srcset=\"https:\/\/memov.org\/site\/wp-content\/uploads\/2022\/09\/cordeldotrabalhador-731x1024.jpg 731w, https:\/\/memov.org\/site\/wp-content\/uploads\/2022\/09\/cordeldotrabalhador-214x300.jpg 214w, https:\/\/memov.org\/site\/wp-content\/uploads\/2022\/09\/cordeldotrabalhador-768x1075.jpg 768w, https:\/\/memov.org\/site\/wp-content\/uploads\/2022\/09\/cordeldotrabalhador-205x287.jpg 205w, https:\/\/memov.org\/site\/wp-content\/uploads\/2022\/09\/cordeldotrabalhador-480x672.jpg 480w, https:\/\/memov.org\/site\/wp-content\/uploads\/2022\/09\/cordeldotrabalhador.jpg 1000w\" sizes=\"(max-width: 731px) 100vw, 731px\" \/><\/figure>\n\n\n<a class=\"maxbutton-2 maxbutton maxbutton-botao-multimidia\" target=\"_blank\" rel=\"noopener\" href=\"https:\/\/emefjoaoalvesdossantos.blogspot.com\/2013\/11\/cordel-do-trabalhador.html\"><span class='mb-text'>Cordel do Trabalhador<\/span><\/a><\/div>\n<\/div>\n\n\n\n<div class=\"wp-block-columns is-layout-flex wp-container-core-columns-is-layout-28f84493 wp-block-columns-is-layout-flex\">\n<div class=\"wp-block-column is-layout-flow wp-block-column-is-layout-flow\">\n<hr class=\"wp-block-separator has-alpha-channel-opacity is-style-wide\"\/>\n<\/div>\n\n\n\n<div class=\"wp-block-column is-layout-flow wp-block-column-is-layout-flow\">\n<hr class=\"wp-block-separator has-alpha-channel-opacity is-style-wide\"\/>\n<\/div>\n\n\n\n<div class=\"wp-block-column is-layout-flow wp-block-column-is-layout-flow\">\n<hr class=\"wp-block-separator has-alpha-channel-opacity is-style-wide\"\/>\n<\/div>\n\n\n\n<div class=\"wp-block-column is-layout-flow wp-block-column-is-layout-flow\">\n<hr class=\"wp-block-separator has-alpha-channel-opacity is-style-wide\"\/>\n<\/div>\n<\/div>\n\n\n\n<div class=\"wp-block-columns is-layout-flex wp-container-core-columns-is-layout-28f84493 wp-block-columns-is-layout-flex\">\n<div class=\"wp-block-column is-layout-flow wp-block-column-is-layout-flow\">\n<figure class=\"wp-block-image size-large remove-bottom-space\"><a href=\"https:\/\/memov.org\/site\/2022\/09\/13\/cordel-nas-portas-das-fabricas\/\" target=\"_blank\" rel=\"noreferrer noopener\"><img loading=\"lazy\" decoding=\"async\" width=\"731\" height=\"1024\" src=\"https:\/\/memov.org\/site\/wp-content\/uploads\/2022\/09\/cordelnasfabricas-731x1024.jpg\" alt=\"\" class=\"wp-image-57761\" srcset=\"https:\/\/memov.org\/site\/wp-content\/uploads\/2022\/09\/cordelnasfabricas-731x1024.jpg 731w, https:\/\/memov.org\/site\/wp-content\/uploads\/2022\/09\/cordelnasfabricas-214x300.jpg 214w, https:\/\/memov.org\/site\/wp-content\/uploads\/2022\/09\/cordelnasfabricas-768x1075.jpg 768w, https:\/\/memov.org\/site\/wp-content\/uploads\/2022\/09\/cordelnasfabricas-205x287.jpg 205w, https:\/\/memov.org\/site\/wp-content\/uploads\/2022\/09\/cordelnasfabricas-480x672.jpg 480w, https:\/\/memov.org\/site\/wp-content\/uploads\/2022\/09\/cordelnasfabricas.jpg 1000w\" sizes=\"(max-width: 731px) 100vw, 731px\" \/><\/a><\/figure>\n\n\n<a class=\"maxbutton-2 maxbutton maxbutton-botao-multimidia\" target=\"_blank\" rel=\"noopener\" href=\"https:\/\/memov.org\/site\/2022\/09\/13\/cordel-nas-portas-das-fabricas\/\"><span class='mb-text'>Cordel nas Portas das F\u00e1bricas<\/span><\/a><\/div>\n\n\n\n<div class=\"wp-block-column is-layout-flow wp-block-column-is-layout-flow\">\n<figure class=\"wp-block-image size-large remove-bottom-space\"><a href=\"https:\/\/memov.org\/site\/2022\/09\/13\/relembrando-nossa-historia\/\" target=\"_blank\" rel=\"noreferrer noopener\"><img loading=\"lazy\" decoding=\"async\" width=\"731\" height=\"1024\" src=\"https:\/\/memov.org\/site\/wp-content\/uploads\/2022\/09\/relembrandonossahistoria-731x1024.jpg\" alt=\"\" class=\"wp-image-57765\" srcset=\"https:\/\/memov.org\/site\/wp-content\/uploads\/2022\/09\/relembrandonossahistoria-731x1024.jpg 731w, https:\/\/memov.org\/site\/wp-content\/uploads\/2022\/09\/relembrandonossahistoria-214x300.jpg 214w, https:\/\/memov.org\/site\/wp-content\/uploads\/2022\/09\/relembrandonossahistoria-768x1075.jpg 768w, https:\/\/memov.org\/site\/wp-content\/uploads\/2022\/09\/relembrandonossahistoria-205x287.jpg 205w, https:\/\/memov.org\/site\/wp-content\/uploads\/2022\/09\/relembrandonossahistoria-480x672.jpg 480w, https:\/\/memov.org\/site\/wp-content\/uploads\/2022\/09\/relembrandonossahistoria.jpg 1000w\" sizes=\"(max-width: 731px) 100vw, 731px\" \/><\/a><\/figure>\n\n\n<a class=\"maxbutton-2 maxbutton maxbutton-botao-multimidia\" target=\"_blank\" rel=\"noopener\" href=\"https:\/\/memov.org\/site\/2022\/09\/13\/relembrando-nossa-historia\/\"><span class='mb-text'>Relembrando Nossa Hist\u00f3ria<\/span><\/a><\/div>\n\n\n\n<div class=\"wp-block-column is-layout-flow wp-block-column-is-layout-flow\">\n<figure class=\"wp-block-image size-large remove-bottom-space\"><a href=\"https:\/\/memov.org\/site\/2022\/09\/13\/historia-da-educacao-na-fetape\/\" target=\"_blank\" rel=\"noreferrer noopener\"><img loading=\"lazy\" decoding=\"async\" width=\"731\" height=\"1024\" src=\"https:\/\/memov.org\/site\/wp-content\/uploads\/2022\/09\/historiaedufetape-731x1024.jpg\" alt=\"\" class=\"wp-image-57763\" srcset=\"https:\/\/memov.org\/site\/wp-content\/uploads\/2022\/09\/historiaedufetape-731x1024.jpg 731w, https:\/\/memov.org\/site\/wp-content\/uploads\/2022\/09\/historiaedufetape-214x300.jpg 214w, https:\/\/memov.org\/site\/wp-content\/uploads\/2022\/09\/historiaedufetape-768x1075.jpg 768w, https:\/\/memov.org\/site\/wp-content\/uploads\/2022\/09\/historiaedufetape-205x287.jpg 205w, https:\/\/memov.org\/site\/wp-content\/uploads\/2022\/09\/historiaedufetape-480x672.jpg 480w, https:\/\/memov.org\/site\/wp-content\/uploads\/2022\/09\/historiaedufetape.jpg 1000w\" sizes=\"(max-width: 731px) 100vw, 731px\" \/><\/a><\/figure>\n\n\n<a class=\"maxbutton-2 maxbutton maxbutton-botao-multimidia\" target=\"_blank\" rel=\"noopener\" href=\"https:\/\/memov.org\/site\/2022\/09\/13\/historia-da-educacao-na-fetape\/\"><span class='mb-text'>Hist\u00f3ria da Educa\u00e7\u00e3o na FETAPE<\/span><\/a><\/div>\n\n\n\n<div class=\"wp-block-column is-layout-flow wp-block-column-is-layout-flow\">\n<figure class=\"wp-block-image size-large remove-bottom-space\"><a href=\"https:\/\/memov.org\/site\/2022\/09\/13\/preparacao-do-ato-publico-em-01-de-abril-de-1990\/\" target=\"_blank\" rel=\"noreferrer noopener\"><img loading=\"lazy\" decoding=\"async\" width=\"731\" height=\"1024\" src=\"https:\/\/memov.org\/site\/wp-content\/uploads\/2022\/09\/preparacaoato-731x1024.jpg\" alt=\"\" class=\"wp-image-57764\" srcset=\"https:\/\/memov.org\/site\/wp-content\/uploads\/2022\/09\/preparacaoato-731x1024.jpg 731w, https:\/\/memov.org\/site\/wp-content\/uploads\/2022\/09\/preparacaoato-214x300.jpg 214w, https:\/\/memov.org\/site\/wp-content\/uploads\/2022\/09\/preparacaoato-768x1075.jpg 768w, https:\/\/memov.org\/site\/wp-content\/uploads\/2022\/09\/preparacaoato-205x287.jpg 205w, https:\/\/memov.org\/site\/wp-content\/uploads\/2022\/09\/preparacaoato-480x672.jpg 480w, https:\/\/memov.org\/site\/wp-content\/uploads\/2022\/09\/preparacaoato.jpg 1000w\" sizes=\"(max-width: 731px) 100vw, 731px\" \/><\/a><\/figure>\n\n\n<a class=\"maxbutton-2 maxbutton maxbutton-botao-multimidia\" target=\"_blank\" rel=\"noopener\" href=\"https:\/\/memov.org\/site\/2022\/09\/13\/preparacao-do-ato-publico-em-01-de-abril-de-1990\/\"><span class='mb-text'>Prepara\u00e7\u00e3o para Ato P\u00fablico<\/span><\/a><\/div>\n<\/div>\n\n\n\n<div class=\"wp-block-columns is-layout-flex wp-container-core-columns-is-layout-28f84493 wp-block-columns-is-layout-flex\">\n<div class=\"wp-block-column is-layout-flow wp-block-column-is-layout-flow\"><\/div>\n\n\n\n<div class=\"wp-block-column is-layout-flow wp-block-column-is-layout-flow\"><\/div>\n\n\n\n<div class=\"wp-block-column is-layout-flow wp-block-column-is-layout-flow\"><\/div>\n\n\n\n<div class=\"wp-block-column is-layout-flow wp-block-column-is-layout-flow\"><\/div>\n<\/div>\n","protected":false},"excerpt":{"rendered":"<p>Cord\u00e9is As pesquisas e eventos empreendidos pelo Programa de Mem\u00f3ria dos Movimentos Sociais (Memov) resultam em uma s\u00e9rie de produtos audiovisuais para a divulga\u00e7\u00e3o do trabalho cient\u00edfico. Nossos parceiros tamb\u00e9m realizam trabalhos similares para a amplia\u00e7\u00e3o do acesso \u00e0 pesquisa no Brasil. Nesta se\u00e7\u00e3o est\u00e3o presentes cord\u00e9is que a equipe considera de extrema import\u00e2ncia para [&hellip;]<\/p>\n","protected":false},"author":16,"featured_media":0,"parent":0,"menu_order":0,"comment_status":"closed","ping_status":"closed","template":"","meta":{"ub_ctt_via":"","footnotes":""},"tnc_tax_372951":[],"tnc_tax_240503":[],"tnc_tax_8150":[],"tnc_tax_2196":[],"tnc_tax_2184":[],"tnc_tax_77":[],"folder":[],"class_list":["post-57752","page","type-page","status-publish","hentry"],"blocksy_meta":{"styles_descriptor":{"styles":{"desktop":"","tablet":"","mobile":""},"google_fonts":[],"version":6}},"featured_image_src":null,"_links":{"self":[{"href":"https:\/\/memov.org\/site\/wp-json\/wp\/v2\/pages\/57752","targetHints":{"allow":["GET"]}}],"collection":[{"href":"https:\/\/memov.org\/site\/wp-json\/wp\/v2\/pages"}],"about":[{"href":"https:\/\/memov.org\/site\/wp-json\/wp\/v2\/types\/page"}],"author":[{"embeddable":true,"href":"https:\/\/memov.org\/site\/wp-json\/wp\/v2\/users\/16"}],"replies":[{"embeddable":true,"href":"https:\/\/memov.org\/site\/wp-json\/wp\/v2\/comments?post=57752"}],"version-history":[{"count":7,"href":"https:\/\/memov.org\/site\/wp-json\/wp\/v2\/pages\/57752\/revisions"}],"predecessor-version":[{"id":131342,"href":"https:\/\/memov.org\/site\/wp-json\/wp\/v2\/pages\/57752\/revisions\/131342"}],"wp:attachment":[{"href":"https:\/\/memov.org\/site\/wp-json\/wp\/v2\/media?parent=57752"}],"wp:term":[{"taxonomy":"tnc_tax_372951","embeddable":true,"href":"https:\/\/memov.org\/site\/wp-json\/wp\/v2\/tnc_tax_372951?post=57752"},{"taxonomy":"tnc_tax_240503","embeddable":true,"href":"https:\/\/memov.org\/site\/wp-json\/wp\/v2\/tnc_tax_240503?post=57752"},{"taxonomy":"tnc_tax_8150","embeddable":true,"href":"https:\/\/memov.org\/site\/wp-json\/wp\/v2\/tnc_tax_8150?post=57752"},{"taxonomy":"tnc_tax_2196","embeddable":true,"href":"https:\/\/memov.org\/site\/wp-json\/wp\/v2\/tnc_tax_2196?post=57752"},{"taxonomy":"tnc_tax_2184","embeddable":true,"href":"https:\/\/memov.org\/site\/wp-json\/wp\/v2\/tnc_tax_2184?post=57752"},{"taxonomy":"tnc_tax_77","embeddable":true,"href":"https:\/\/memov.org\/site\/wp-json\/wp\/v2\/tnc_tax_77?post=57752"},{"taxonomy":"folder","embeddable":true,"href":"https:\/\/memov.org\/site\/wp-json\/wp\/v2\/folder?post=57752"}],"curies":[{"name":"wp","href":"https:\/\/api.w.org\/{rel}","templated":true}]}}