{"id":57620,"date":"2022-09-12T22:35:30","date_gmt":"2022-09-13T01:35:30","guid":{"rendered":"https:\/\/memov.org\/site\/?page_id=57620"},"modified":"2025-10-02T21:54:59","modified_gmt":"2025-10-03T00:54:59","slug":"poesias-cordeis","status":"publish","type":"page","link":"https:\/\/memov.org\/site\/poesias-cordeis\/","title":{"rendered":"Poesias e Cord\u00e9is"},"content":{"rendered":"\n<div class=\"wp-block-columns is-layout-flex wp-container-core-columns-is-layout-28f84493 wp-block-columns-is-layout-flex\">\n<div class=\"wp-block-column is-layout-flow wp-block-column-is-layout-flow\">\n<div class=\"wp-block-columns is-layout-flex wp-container-core-columns-is-layout-28f84493 wp-block-columns-is-layout-flex\">\n<div class=\"wp-block-column is-layout-flow wp-block-column-is-layout-flow\">\n<h2 class=\"wp-block-heading\">Poesias e Cord\u00e9is<\/h2>\n<\/div>\n<\/div>\n\n\n\n<div class=\"wp-block-columns is-layout-flex wp-container-core-columns-is-layout-28f84493 wp-block-columns-is-layout-flex\">\n<div class=\"wp-block-column is-layout-flow wp-block-column-is-layout-flow\">\n<p>As pesquisas e eventos empreendidos pelo Programa de Mem\u00f3ria dos Movimentos Sociais (Memov) resultam em uma s\u00e9rie de produtos audiovisuais para a divulga\u00e7\u00e3o do trabalho cient\u00edfico. Nossos parceiros tamb\u00e9m realizam trabalhos similares para a amplia\u00e7\u00e3o do acesso \u00e0 pesquisa no Brasil.<\/p>\n<\/div>\n\n\n\n<div class=\"wp-block-column is-layout-flow wp-block-column-is-layout-flow\">\n<p>Nesta se\u00e7\u00e3o est\u00e3o presentes poesias e cord\u00e9is que a equipe considera de extrema import\u00e2ncia para os trabalhos de pesquisa. M\u00faltiplas plataformas foram utilizadas para disponibiliza\u00e7\u00e3o e somente os nossos uploads est\u00e3o sob controle do Memov, os demais s\u00e3o de responsabilidade de suas respectivas origens.<\/p>\n<\/div>\n\n\n\n<div class=\"wp-block-column is-layout-flow wp-block-column-is-layout-flow\">\n<figure class=\"wp-block-image size-full remove-bottom-space\"><a href=\"https:\/\/memov.org\/site\/acervo-memov\/\"><img fetchpriority=\"high\" decoding=\"async\" width=\"1299\" height=\"295\" src=\"https:\/\/memov.org\/site\/wp-content\/uploads\/2022\/09\/AcesseoCanal.png\" alt=\"\" class=\"wp-image-57548\" srcset=\"https:\/\/memov.org\/site\/wp-content\/uploads\/2022\/09\/AcesseoCanal.png 1299w, https:\/\/memov.org\/site\/wp-content\/uploads\/2022\/09\/AcesseoCanal-300x68.png 300w, https:\/\/memov.org\/site\/wp-content\/uploads\/2022\/09\/AcesseoCanal-1024x233.png 1024w, https:\/\/memov.org\/site\/wp-content\/uploads\/2022\/09\/AcesseoCanal-768x174.png 768w, https:\/\/memov.org\/site\/wp-content\/uploads\/2022\/09\/AcesseoCanal-205x47.png 205w, https:\/\/memov.org\/site\/wp-content\/uploads\/2022\/09\/AcesseoCanal-480x109.png 480w\" sizes=\"(max-width: 1299px) 100vw, 1299px\" \/><\/a><\/figure>\n\n\n<a class=\"maxbutton-2 maxbutton maxbutton-botao-multimidia\" target=\"_blank\" rel=\"noopener\" href=\"https:\/\/memov.org\/site\/acervo-memov\/\"><span class='mb-text'>Acervo do Memov<\/span><\/a><\/div>\n<\/div>\n<\/div>\n<\/div>\n\n\n\n<div class=\"wp-block-columns is-layout-flex wp-container-core-columns-is-layout-28f84493 wp-block-columns-is-layout-flex\">\n<div class=\"wp-block-column is-layout-flow wp-block-column-is-layout-flow\">\n<hr class=\"wp-block-separator has-alpha-channel-opacity is-style-wide\"\/>\n<\/div>\n<\/div>\n\n\n\n<div class=\"wp-block-columns is-layout-flex wp-container-core-columns-is-layout-28f84493 wp-block-columns-is-layout-flex\">\n<div class=\"wp-block-column is-layout-flow wp-block-column-is-layout-flow\">\n<div class=\"wp-block-columns is-layout-flex wp-container-core-columns-is-layout-28f84493 wp-block-columns-is-layout-flex\">\n<div class=\"wp-block-column is-layout-flow wp-block-column-is-layout-flow\">\n<div class=\"wp-block-columns is-layout-flex wp-container-core-columns-is-layout-28f84493 wp-block-columns-is-layout-flex\">\n<div class=\"wp-block-column is-layout-flow wp-block-column-is-layout-flow\">\n<figure class=\"wp-block-image size-full remove-bottom-space\"><a href=\"https:\/\/memov.org\/site\/poesias\/\" target=\"_blank\" rel=\"noreferrer noopener\"><img decoding=\"async\" width=\"1024\" height=\"311\" src=\"https:\/\/memov.org\/site\/wp-content\/uploads\/2023\/06\/poema.jpg\" alt=\"\" class=\"wp-image-337761\" srcset=\"https:\/\/memov.org\/site\/wp-content\/uploads\/2023\/06\/poema.jpg 1024w, https:\/\/memov.org\/site\/wp-content\/uploads\/2023\/06\/poema-300x91.jpg 300w, https:\/\/memov.org\/site\/wp-content\/uploads\/2023\/06\/poema-768x233.jpg 768w, https:\/\/memov.org\/site\/wp-content\/uploads\/2023\/06\/poema-205x62.jpg 205w, https:\/\/memov.org\/site\/wp-content\/uploads\/2023\/06\/poema-480x146.jpg 480w\" sizes=\"(max-width: 1024px) 100vw, 1024px\" \/><\/a><\/figure>\n\n\n<a class=\"maxbutton-2 maxbutton maxbutton-botao-multimidia\" target=\"_blank\" rel=\"noopener\" href=\"https:\/\/memov.org\/site\/poesias\/\"><span class='mb-text'>Poesias<\/span><\/a><\/div>\n\n\n\n<div class=\"wp-block-column is-layout-flow wp-block-column-is-layout-flow\">\n<figure class=\"wp-block-image size-full remove-bottom-space\"><a href=\"https:\/\/memov.org\/site\/cordeis\/\" target=\"_blank\" rel=\"noreferrer noopener\"><img decoding=\"async\" width=\"1024\" height=\"311\" src=\"https:\/\/memov.org\/site\/wp-content\/uploads\/2023\/06\/cordeis.jpg\" alt=\"\" class=\"wp-image-337762\" srcset=\"https:\/\/memov.org\/site\/wp-content\/uploads\/2023\/06\/cordeis.jpg 1024w, https:\/\/memov.org\/site\/wp-content\/uploads\/2023\/06\/cordeis-300x91.jpg 300w, https:\/\/memov.org\/site\/wp-content\/uploads\/2023\/06\/cordeis-768x233.jpg 768w, https:\/\/memov.org\/site\/wp-content\/uploads\/2023\/06\/cordeis-205x62.jpg 205w, https:\/\/memov.org\/site\/wp-content\/uploads\/2023\/06\/cordeis-480x146.jpg 480w\" sizes=\"(max-width: 1024px) 100vw, 1024px\" \/><\/a><\/figure>\n\n\n<a class=\"maxbutton-2 maxbutton maxbutton-botao-multimidia\" target=\"_blank\" rel=\"noopener\" href=\"https:\/\/memov.org\/site\/cordeis\/\"><span class='mb-text'>Cord\u00e9is<\/span><\/a><\/div>\n<\/div>\n<\/div>\n<\/div>\n<\/div>\n<\/div>\n","protected":false},"excerpt":{"rendered":"<p>Poesias e Cord\u00e9is As pesquisas e eventos empreendidos pelo Programa de Mem\u00f3ria dos Movimentos Sociais (Memov) resultam em uma s\u00e9rie de produtos audiovisuais para a divulga\u00e7\u00e3o do trabalho cient\u00edfico. Nossos parceiros tamb\u00e9m realizam trabalhos similares para a amplia\u00e7\u00e3o do acesso \u00e0 pesquisa no Brasil. Nesta se\u00e7\u00e3o est\u00e3o presentes poesias e cord\u00e9is que a equipe considera [&hellip;]<\/p>\n","protected":false},"author":16,"featured_media":0,"parent":0,"menu_order":0,"comment_status":"closed","ping_status":"closed","template":"","meta":{"ub_ctt_via":"","footnotes":""},"tnc_tax_372951":[],"tnc_tax_240503":[],"tnc_tax_8150":[],"tnc_tax_2196":[],"tnc_tax_2184":[],"tnc_tax_77":[],"folder":[],"class_list":["post-57620","page","type-page","status-publish","hentry"],"blocksy_meta":{"styles_descriptor":{"styles":{"desktop":"","tablet":"","mobile":""},"google_fonts":[],"version":6}},"featured_image_src":null,"_links":{"self":[{"href":"https:\/\/memov.org\/site\/wp-json\/wp\/v2\/pages\/57620","targetHints":{"allow":["GET"]}}],"collection":[{"href":"https:\/\/memov.org\/site\/wp-json\/wp\/v2\/pages"}],"about":[{"href":"https:\/\/memov.org\/site\/wp-json\/wp\/v2\/types\/page"}],"author":[{"embeddable":true,"href":"https:\/\/memov.org\/site\/wp-json\/wp\/v2\/users\/16"}],"replies":[{"embeddable":true,"href":"https:\/\/memov.org\/site\/wp-json\/wp\/v2\/comments?post=57620"}],"version-history":[{"count":18,"href":"https:\/\/memov.org\/site\/wp-json\/wp\/v2\/pages\/57620\/revisions"}],"predecessor-version":[{"id":337764,"href":"https:\/\/memov.org\/site\/wp-json\/wp\/v2\/pages\/57620\/revisions\/337764"}],"wp:attachment":[{"href":"https:\/\/memov.org\/site\/wp-json\/wp\/v2\/media?parent=57620"}],"wp:term":[{"taxonomy":"tnc_tax_372951","embeddable":true,"href":"https:\/\/memov.org\/site\/wp-json\/wp\/v2\/tnc_tax_372951?post=57620"},{"taxonomy":"tnc_tax_240503","embeddable":true,"href":"https:\/\/memov.org\/site\/wp-json\/wp\/v2\/tnc_tax_240503?post=57620"},{"taxonomy":"tnc_tax_8150","embeddable":true,"href":"https:\/\/memov.org\/site\/wp-json\/wp\/v2\/tnc_tax_8150?post=57620"},{"taxonomy":"tnc_tax_2196","embeddable":true,"href":"https:\/\/memov.org\/site\/wp-json\/wp\/v2\/tnc_tax_2196?post=57620"},{"taxonomy":"tnc_tax_2184","embeddable":true,"href":"https:\/\/memov.org\/site\/wp-json\/wp\/v2\/tnc_tax_2184?post=57620"},{"taxonomy":"tnc_tax_77","embeddable":true,"href":"https:\/\/memov.org\/site\/wp-json\/wp\/v2\/tnc_tax_77?post=57620"},{"taxonomy":"folder","embeddable":true,"href":"https:\/\/memov.org\/site\/wp-json\/wp\/v2\/folder?post=57620"}],"curies":[{"name":"wp","href":"https:\/\/api.w.org\/{rel}","templated":true}]}}