{"id":57604,"date":"2022-09-12T19:16:02","date_gmt":"2022-09-12T22:16:02","guid":{"rendered":"https:\/\/memov.org\/site\/?page_id=57604"},"modified":"2026-03-06T21:06:20","modified_gmt":"2026-03-07T00:06:20","slug":"musicas-e-cantos","status":"publish","type":"page","link":"https:\/\/memov.org\/site\/musicas-e-cantos\/","title":{"rendered":"M\u00fasicas e Cantos"},"content":{"rendered":"\n<div class=\"wp-block-columns is-layout-flex wp-container-core-columns-is-layout-28f84493 wp-block-columns-is-layout-flex\">\n<div class=\"wp-block-column is-layout-flow wp-block-column-is-layout-flow\">\n<div class=\"wp-block-columns is-layout-flex wp-container-core-columns-is-layout-28f84493 wp-block-columns-is-layout-flex\">\n<div class=\"wp-block-column is-layout-flow wp-block-column-is-layout-flow\">\n<h2 class=\"wp-block-heading\">M\u00fasicas e Cantos<\/h2>\n<\/div>\n<\/div>\n\n\n\n<div class=\"wp-block-columns is-layout-flex wp-container-core-columns-is-layout-28f84493 wp-block-columns-is-layout-flex\">\n<div class=\"wp-block-column is-layout-flow wp-block-column-is-layout-flow\">\n<p>As pesquisas e eventos empreendidos pelo Programa de Mem\u00f3ria dos Movimentos Sociais (Memov) resultam em uma s\u00e9rie de produtos audiovisuais para a divulga\u00e7\u00e3o do trabalho cient\u00edfico. Nossos parceiros tamb\u00e9m realizam trabalhos similares para a amplia\u00e7\u00e3o do acesso \u00e0 pesquisa no Brasil.<\/p>\n<\/div>\n\n\n\n<div class=\"wp-block-column is-layout-flow wp-block-column-is-layout-flow\">\n<p>Nesta se\u00e7\u00e3o est\u00e3o presentes os m\u00fasicas e cantos que a equipe considera de extrema import\u00e2ncia para os trabalhos de pesquisa. M\u00faltiplas plataformas foram utilizadas para disponibiliza\u00e7\u00e3o e somente os nossos uploads est\u00e3o sob controle do Memov, os demais s\u00e3o de responsabilidade de suas respectivas origens.<\/p>\n<\/div>\n\n\n\n<div class=\"wp-block-column is-layout-flow wp-block-column-is-layout-flow\">\n<figure class=\"wp-block-image size-full remove-bottom-space\"><a href=\"https:\/\/www.youtube.com\/c\/Memov_cbae\" target=\"_blank\" rel=\"noreferrer noopener\"><img fetchpriority=\"high\" decoding=\"async\" width=\"1299\" height=\"295\" src=\"https:\/\/memov.org\/site\/wp-content\/uploads\/2022\/09\/AcesseoCanal.png\" alt=\"\" class=\"wp-image-57548\" srcset=\"https:\/\/memov.org\/site\/wp-content\/uploads\/2022\/09\/AcesseoCanal.png 1299w, https:\/\/memov.org\/site\/wp-content\/uploads\/2022\/09\/AcesseoCanal-300x68.png 300w, https:\/\/memov.org\/site\/wp-content\/uploads\/2022\/09\/AcesseoCanal-1024x233.png 1024w, https:\/\/memov.org\/site\/wp-content\/uploads\/2022\/09\/AcesseoCanal-768x174.png 768w, https:\/\/memov.org\/site\/wp-content\/uploads\/2022\/09\/AcesseoCanal-205x47.png 205w, https:\/\/memov.org\/site\/wp-content\/uploads\/2022\/09\/AcesseoCanal-480x109.png 480w\" sizes=\"(max-width: 1299px) 100vw, 1299px\" \/><\/a><\/figure>\n\n\n<a class=\"maxbutton-2 maxbutton maxbutton-botao-multimidia\" target=\"_blank\" rel=\"noopener\" href=\"https:\/\/www.youtube.com\/c\/Memov_cbae\"><span class='mb-text'>YouTube do Memov<\/span><\/a><\/div>\n<\/div>\n<\/div>\n<\/div>\n\n\n\n<div class=\"wp-block-columns is-layout-flex wp-container-core-columns-is-layout-28f84493 wp-block-columns-is-layout-flex\">\n<div class=\"wp-block-column is-layout-flow wp-block-column-is-layout-flow\">\n<hr class=\"wp-block-separator has-alpha-channel-opacity is-style-wide\"\/>\n<\/div>\n<\/div>\n\n\n\n<div class=\"wp-block-columns is-layout-flex wp-container-core-columns-is-layout-28f84493 wp-block-columns-is-layout-flex\">\n<div class=\"wp-block-column is-layout-flow wp-block-column-is-layout-flow\">\n<h2 class=\"wp-block-heading\">Lan\u00e7amento<\/h2>\n<\/div>\n\n\n\n<div class=\"wp-block-column is-layout-flow wp-block-column-is-layout-flow\"><\/div>\n\n\n\n<div class=\"wp-block-column is-layout-flow wp-block-column-is-layout-flow\"><\/div>\n<\/div>\n\n\n\n<div class=\"wp-block-columns is-layout-flex wp-container-core-columns-is-layout-28f84493 wp-block-columns-is-layout-flex\">\n<div class=\"wp-block-column is-layout-flow wp-block-column-is-layout-flow\">\n<p><strong>Lutando e Cantando: m\u00fasica e pol\u00edtica dos trabalhadores rurais de Pernambuco<\/strong><br>\u201cLutando e Cantando\u201d \u00e9 um dos frutos do projeto \u201cMem\u00f3ria Camponesa e Cultura Popular\u201d, sediado no N\u00facleo de Antropologia da Pol\u00edtica do Programa de P\u00f3s-Gradua\u00e7\u00e3o em Antropologia Social do Museu Nacional\/UFRJ. A produ\u00e7\u00e3o contou com a colabora\u00e7\u00e3o da Federa\u00e7\u00e3o do Trabalhadores da Agricultura do Estado de Pernambuco (Fetape), organiza\u00e7\u00e3o sindical convidada a participar.<\/p>\n<\/div>\n\n\n\n<div class=\"wp-block-column is-layout-flow wp-block-column-is-layout-flow\">\n<figure class=\"wp-block-embed is-type-video is-provider-youtube wp-block-embed-youtube wp-embed-aspect-16-9 wp-has-aspect-ratio\"><div class=\"wp-block-embed__wrapper\">\n<iframe title=\"01 - Hino da Reforma Agr\u00e1ria\" width=\"1290\" height=\"726\" src=\"https:\/\/www.youtube.com\/embed\/xsd3pH0HvyI?feature=oembed\" frameborder=\"0\" allow=\"accelerometer; autoplay; clipboard-write; encrypted-media; gyroscope; picture-in-picture; web-share\" referrerpolicy=\"strict-origin-when-cross-origin\" allowfullscreen><\/iframe>\n<\/div><\/figure>\n<\/div>\n\n\n\n<div class=\"wp-block-column is-layout-flow wp-block-column-is-layout-flow\"><\/div>\n<\/div>\n\n\n\n<hr class=\"wp-block-separator has-alpha-channel-opacity is-style-wide\"\/>\n\n\n\n<div class=\"wp-block-columns is-layout-flex wp-container-core-columns-is-layout-28f84493 wp-block-columns-is-layout-flex\">\n<div class=\"wp-block-column is-layout-flow wp-block-column-is-layout-flow\">\n<h2 class=\"wp-block-heading\">Lutando e Cantando (Museu Nacional)<\/h2>\n\n\n<a class=\"maxbutton-5 maxbutton maxbutton-botao-introdutorio-reduzido\" target=\"_blank\" rel=\"noopener\" href=\"https:\/\/youtube.com\/playlist?list=PLpv_6194cjxroOi_WTt_eTwXVUKPdZyp1\"><span class='mb-text'>Acesse a Playlist<\/span><\/a><\/div>\n\n\n\n<div class=\"wp-block-column is-layout-flow wp-block-column-is-layout-flow\"><\/div>\n\n\n\n<div class=\"wp-block-column is-layout-flow wp-block-column-is-layout-flow\"><\/div>\n<\/div>\n\n\n\n<div class=\"wp-block-columns is-layout-flex wp-container-core-columns-is-layout-28f84493 wp-block-columns-is-layout-flex\">\n<div class=\"wp-block-column is-layout-flow wp-block-column-is-layout-flow\">\n<h3 class=\"wp-block-heading\">A Hist\u00f3ria N\u00e3o Falha<\/h3>\n\n\n\n<figure class=\"wp-block-embed is-type-video is-provider-youtube wp-block-embed-youtube wp-embed-aspect-16-9 wp-has-aspect-ratio\"><div class=\"wp-block-embed__wrapper\">\n<iframe title=\"02 - A Historia N\u00e3o Falha\" width=\"1290\" height=\"726\" src=\"https:\/\/www.youtube.com\/embed\/86HnKGIFCPc?feature=oembed\" frameborder=\"0\" allow=\"accelerometer; autoplay; clipboard-write; encrypted-media; gyroscope; picture-in-picture; web-share\" referrerpolicy=\"strict-origin-when-cross-origin\" allowfullscreen><\/iframe>\n<\/div><\/figure>\n<\/div>\n\n\n\n<div class=\"wp-block-column is-layout-flow wp-block-column-is-layout-flow\">\n<h3 class=\"wp-block-heading\">Versos 01 &#8211; A Hist\u00f3ria da Resist\u00eancia<\/h3>\n\n\n\n<figure class=\"wp-block-embed is-type-video is-provider-youtube wp-block-embed-youtube wp-embed-aspect-16-9 wp-has-aspect-ratio\"><div class=\"wp-block-embed__wrapper\">\n<iframe title=\"05 - Versos 01 - A Hist\u00f3ria da Resist\u00eancia\" width=\"1290\" height=\"726\" src=\"https:\/\/www.youtube.com\/embed\/G7LT3YcULHc?feature=oembed\" frameborder=\"0\" allow=\"accelerometer; autoplay; clipboard-write; encrypted-media; gyroscope; picture-in-picture; web-share\" referrerpolicy=\"strict-origin-when-cross-origin\" allowfullscreen><\/iframe>\n<\/div><\/figure>\n<\/div>\n\n\n\n<div class=\"wp-block-column is-layout-flow wp-block-column-is-layout-flow\">\n<h3 class=\"wp-block-heading\">Grito de Ordem &#8211; Reforma Agr\u00e1ria J\u00e1<\/h3>\n\n\n\n<figure class=\"wp-block-embed is-type-video is-provider-youtube wp-block-embed-youtube wp-embed-aspect-16-9 wp-has-aspect-ratio\"><div class=\"wp-block-embed__wrapper\">\n<iframe title=\"08 - Grito de Ordem - Reforma Agr\u00e1ria J\u00e1\" width=\"1290\" height=\"726\" src=\"https:\/\/www.youtube.com\/embed\/imWHmaJFxDU?feature=oembed\" frameborder=\"0\" allow=\"accelerometer; autoplay; clipboard-write; encrypted-media; gyroscope; picture-in-picture; web-share\" referrerpolicy=\"strict-origin-when-cross-origin\" allowfullscreen><\/iframe>\n<\/div><\/figure>\n<\/div>\n<\/div>\n\n\n\n<hr class=\"wp-block-separator has-alpha-channel-opacity is-style-wide\"\/>\n\n\n\n<div class=\"wp-block-columns is-layout-flex wp-container-core-columns-is-layout-28f84493 wp-block-columns-is-layout-flex\">\n<div class=\"wp-block-column is-layout-flow wp-block-column-is-layout-flow\">\n<h2 class=\"wp-block-heading\">Discos e Grava\u00e7\u00f5es<\/h2>\n\n\n<a class=\"maxbutton-5 maxbutton maxbutton-botao-introdutorio-reduzido\" target=\"_blank\" rel=\"noopener\" href=\"https:\/\/www.youtube.com\/playlist?list=PLpv_6194cjxoOA2Rbq0vqhQCzVczrcn5N\"><span class='mb-text'>Acesse a Playlist<\/span><\/a><\/div>\n\n\n\n<div class=\"wp-block-column is-layout-flow wp-block-column-is-layout-flow\"><\/div>\n\n\n\n<div class=\"wp-block-column is-layout-flow wp-block-column-is-layout-flow\"><\/div>\n<\/div>\n\n\n\n<div class=\"wp-block-columns is-layout-flex wp-container-core-columns-is-layout-28f84493 wp-block-columns-is-layout-flex\">\n<div class=\"wp-block-column is-layout-flow wp-block-column-is-layout-flow\">\n<h3 class=\"wp-block-heading\">Santo Dias<\/h3>\n\n\n\n<figure class=\"wp-block-embed is-type-video is-provider-youtube wp-block-embed-youtube wp-embed-aspect-4-3 wp-has-aspect-ratio\"><div class=\"wp-block-embed__wrapper\">\n<iframe title=\"SANTO DIAS\" width=\"1290\" height=\"968\" src=\"https:\/\/www.youtube.com\/embed\/x7oTXYAhEPI?feature=oembed\" frameborder=\"0\" allow=\"accelerometer; autoplay; clipboard-write; encrypted-media; gyroscope; picture-in-picture; web-share\" referrerpolicy=\"strict-origin-when-cross-origin\" allowfullscreen><\/iframe>\n<\/div><\/figure>\n<\/div>\n\n\n\n<div class=\"wp-block-column is-layout-flow wp-block-column-is-layout-flow\">\n<h3 class=\"wp-block-heading\"><\/h3>\n\n\n<\/div>\n\n\n\n<div class=\"wp-block-column is-layout-flow wp-block-column-is-layout-flow\">\n<h3 class=\"wp-block-heading\"><\/h3>\n\n\n<\/div>\n<\/div>\n","protected":false},"excerpt":{"rendered":"<p>M\u00fasicas e Cantos As pesquisas e eventos empreendidos pelo Programa de Mem\u00f3ria dos Movimentos Sociais (Memov) resultam em uma s\u00e9rie de produtos audiovisuais para a divulga\u00e7\u00e3o do trabalho cient\u00edfico. Nossos parceiros tamb\u00e9m realizam trabalhos similares para a amplia\u00e7\u00e3o do acesso \u00e0 pesquisa no Brasil. Nesta se\u00e7\u00e3o est\u00e3o presentes os m\u00fasicas e cantos que a equipe [&hellip;]<\/p>\n","protected":false},"author":16,"featured_media":0,"parent":0,"menu_order":0,"comment_status":"closed","ping_status":"closed","template":"","meta":{"ub_ctt_via":"","footnotes":""},"tnc_tax_372951":[],"tnc_tax_240503":[],"tnc_tax_8150":[],"tnc_tax_2196":[],"tnc_tax_2184":[],"tnc_tax_77":[],"folder":[],"class_list":["post-57604","page","type-page","status-publish","hentry"],"blocksy_meta":{"styles_descriptor":{"styles":{"desktop":"","tablet":"","mobile":""},"google_fonts":[],"version":6}},"featured_image_src":null,"_links":{"self":[{"href":"https:\/\/memov.org\/site\/wp-json\/wp\/v2\/pages\/57604","targetHints":{"allow":["GET"]}}],"collection":[{"href":"https:\/\/memov.org\/site\/wp-json\/wp\/v2\/pages"}],"about":[{"href":"https:\/\/memov.org\/site\/wp-json\/wp\/v2\/types\/page"}],"author":[{"embeddable":true,"href":"https:\/\/memov.org\/site\/wp-json\/wp\/v2\/users\/16"}],"replies":[{"embeddable":true,"href":"https:\/\/memov.org\/site\/wp-json\/wp\/v2\/comments?post=57604"}],"version-history":[{"count":9,"href":"https:\/\/memov.org\/site\/wp-json\/wp\/v2\/pages\/57604\/revisions"}],"predecessor-version":[{"id":388624,"href":"https:\/\/memov.org\/site\/wp-json\/wp\/v2\/pages\/57604\/revisions\/388624"}],"wp:attachment":[{"href":"https:\/\/memov.org\/site\/wp-json\/wp\/v2\/media?parent=57604"}],"wp:term":[{"taxonomy":"tnc_tax_372951","embeddable":true,"href":"https:\/\/memov.org\/site\/wp-json\/wp\/v2\/tnc_tax_372951?post=57604"},{"taxonomy":"tnc_tax_240503","embeddable":true,"href":"https:\/\/memov.org\/site\/wp-json\/wp\/v2\/tnc_tax_240503?post=57604"},{"taxonomy":"tnc_tax_8150","embeddable":true,"href":"https:\/\/memov.org\/site\/wp-json\/wp\/v2\/tnc_tax_8150?post=57604"},{"taxonomy":"tnc_tax_2196","embeddable":true,"href":"https:\/\/memov.org\/site\/wp-json\/wp\/v2\/tnc_tax_2196?post=57604"},{"taxonomy":"tnc_tax_2184","embeddable":true,"href":"https:\/\/memov.org\/site\/wp-json\/wp\/v2\/tnc_tax_2184?post=57604"},{"taxonomy":"tnc_tax_77","embeddable":true,"href":"https:\/\/memov.org\/site\/wp-json\/wp\/v2\/tnc_tax_77?post=57604"},{"taxonomy":"folder","embeddable":true,"href":"https:\/\/memov.org\/site\/wp-json\/wp\/v2\/folder?post=57604"}],"curies":[{"name":"wp","href":"https:\/\/api.w.org\/{rel}","templated":true}]}}