{"id":57546,"date":"2022-09-12T18:00:49","date_gmt":"2022-09-12T21:00:49","guid":{"rendered":"https:\/\/memov.org\/site\/?page_id=57546"},"modified":"2025-10-02T21:54:59","modified_gmt":"2025-10-03T00:54:59","slug":"audios","status":"publish","type":"page","link":"https:\/\/memov.org\/site\/audios\/","title":{"rendered":"\u00c1udios"},"content":{"rendered":"\n<div class=\"wp-block-columns is-layout-flex wp-container-core-columns-is-layout-28f84493 wp-block-columns-is-layout-flex\">\n<div class=\"wp-block-column is-layout-flow wp-block-column-is-layout-flow\">\n<div class=\"wp-block-columns is-layout-flex wp-container-core-columns-is-layout-28f84493 wp-block-columns-is-layout-flex\">\n<div class=\"wp-block-column is-layout-flow wp-block-column-is-layout-flow\">\n<h2 class=\"wp-block-heading\">\u00c1udios<\/h2>\n<\/div>\n<\/div>\n\n\n\n<div class=\"wp-block-columns is-layout-flex wp-container-core-columns-is-layout-28f84493 wp-block-columns-is-layout-flex\">\n<div class=\"wp-block-column is-layout-flow wp-block-column-is-layout-flow\">\n<p>As pesquisas e eventos empreendidos pelo Programa de Mem\u00f3ria dos Movimentos Sociais (Memov) resultam em uma s\u00e9rie de produtos audiovisuais para a divulga\u00e7\u00e3o do trabalho cient\u00edfico. Nossos parceiros tamb\u00e9m realizam trabalhos similares para a amplia\u00e7\u00e3o do acesso \u00e0 pesquisa no Brasil.<\/p>\n<\/div>\n\n\n\n<div class=\"wp-block-column is-layout-flow wp-block-column-is-layout-flow\">\n<p>Nesta se\u00e7\u00e3o est\u00e3o presentes os a\u00fadios que a equipe considera de extrema import\u00e2ncia para os trabalhos de pesquisa. M\u00faltiplas plataformas foram utilizadas para disponibiliza\u00e7\u00e3o e somente os nossos uploads est\u00e3o sob controle do Memov, os demais s\u00e3o de responsabilidade de suas respectivas origens.<\/p>\n<\/div>\n\n\n\n<div class=\"wp-block-column is-layout-flow wp-block-column-is-layout-flow\">\n<figure class=\"wp-block-image size-full remove-bottom-space\"><a href=\"https:\/\/www.youtube.com\/c\/memov_cbae\" target=\"_blank\" rel=\"noreferrer noopener\"><img fetchpriority=\"high\" decoding=\"async\" width=\"1299\" height=\"295\" src=\"https:\/\/memov.org\/site\/wp-content\/uploads\/2022\/09\/AcesseoCanal.png\" alt=\"\" class=\"wp-image-57548\" srcset=\"https:\/\/memov.org\/site\/wp-content\/uploads\/2022\/09\/AcesseoCanal.png 1299w, https:\/\/memov.org\/site\/wp-content\/uploads\/2022\/09\/AcesseoCanal-300x68.png 300w, https:\/\/memov.org\/site\/wp-content\/uploads\/2022\/09\/AcesseoCanal-1024x233.png 1024w, https:\/\/memov.org\/site\/wp-content\/uploads\/2022\/09\/AcesseoCanal-768x174.png 768w, https:\/\/memov.org\/site\/wp-content\/uploads\/2022\/09\/AcesseoCanal-205x47.png 205w, https:\/\/memov.org\/site\/wp-content\/uploads\/2022\/09\/AcesseoCanal-480x109.png 480w\" sizes=\"(max-width: 1299px) 100vw, 1299px\" \/><\/a><\/figure>\n\n\n<a class=\"maxbutton-2 maxbutton maxbutton-botao-multimidia\" target=\"_blank\" rel=\"noopener\" href=\"https:\/\/www.youtube.com\/c\/memov_cbae\"><span class='mb-text'>YouTube do Memov<\/span><\/a><\/div>\n<\/div>\n<\/div>\n<\/div>\n\n\n\n<div class=\"wp-block-columns is-layout-flex wp-container-core-columns-is-layout-28f84493 wp-block-columns-is-layout-flex\">\n<div class=\"wp-block-column is-layout-flow wp-block-column-is-layout-flow\">\n<hr class=\"wp-block-separator has-alpha-channel-opacity is-style-wide\"\/>\n<\/div>\n<\/div>\n\n\n\n<div style=\"height:32px\" aria-hidden=\"true\" class=\"wp-block-spacer\"><\/div>\n\n\n\n<div class=\"wp-block-columns is-layout-flex wp-container-core-columns-is-layout-28f84493 wp-block-columns-is-layout-flex\">\n<div class=\"wp-block-column is-layout-flow wp-block-column-is-layout-flow\">\n<figure class=\"wp-block-image size-full remove-bottom-space\"><a href=\"https:\/\/memov.org\/site\/podcasts\/\"><img decoding=\"async\" width=\"543\" height=\"305\" src=\"https:\/\/memov.org\/site\/wp-content\/uploads\/2023\/06\/podcast3a.jpg\" alt=\"\" class=\"wp-image-336168\" srcset=\"https:\/\/memov.org\/site\/wp-content\/uploads\/2023\/06\/podcast3a.jpg 543w, https:\/\/memov.org\/site\/wp-content\/uploads\/2023\/06\/podcast3a-300x169.jpg 300w, https:\/\/memov.org\/site\/wp-content\/uploads\/2023\/06\/podcast3a-205x115.jpg 205w, https:\/\/memov.org\/site\/wp-content\/uploads\/2023\/06\/podcast3a-480x270.jpg 480w\" sizes=\"(max-width: 543px) 100vw, 543px\" \/><\/a><\/figure>\n\n\n<a class=\"maxbutton-2 maxbutton maxbutton-botao-multimidia\" target=\"_blank\" rel=\"noopener\" href=\"https:\/\/memov.org\/site\/podcasts\/\"><span class='mb-text'>Podcasts<\/span><\/a><\/div>\n\n\n\n<div class=\"wp-block-column is-layout-flow wp-block-column-is-layout-flow\">\n<figure class=\"wp-block-image size-full remove-bottom-space\"><a href=\"https:\/\/memov.org\/site\/entrevistas\/\"><img decoding=\"async\" width=\"543\" height=\"305\" src=\"https:\/\/memov.org\/site\/wp-content\/uploads\/2023\/06\/entrevista3a.jpg\" alt=\"\" class=\"wp-image-336165\" srcset=\"https:\/\/memov.org\/site\/wp-content\/uploads\/2023\/06\/entrevista3a.jpg 543w, https:\/\/memov.org\/site\/wp-content\/uploads\/2023\/06\/entrevista3a-300x169.jpg 300w, https:\/\/memov.org\/site\/wp-content\/uploads\/2023\/06\/entrevista3a-205x115.jpg 205w, https:\/\/memov.org\/site\/wp-content\/uploads\/2023\/06\/entrevista3a-480x270.jpg 480w\" sizes=\"(max-width: 543px) 100vw, 543px\" \/><\/a><\/figure>\n\n\n<a class=\"maxbutton-2 maxbutton maxbutton-botao-multimidia\" target=\"_blank\" rel=\"noopener\" href=\"https:\/\/memov.org\/site\/entrevistas\/\"><span class='mb-text'>Entrevistas<\/span><\/a><\/div>\n\n\n\n<div class=\"wp-block-column is-layout-flow wp-block-column-is-layout-flow\">\n<figure class=\"wp-block-image size-full remove-bottom-space\"><a href=\"https:\/\/memov.org\/site\/eventos\/\"><img loading=\"lazy\" decoding=\"async\" width=\"543\" height=\"305\" src=\"https:\/\/memov.org\/site\/wp-content\/uploads\/2023\/06\/eventos3a.jpg\" alt=\"\" class=\"wp-image-336166\" srcset=\"https:\/\/memov.org\/site\/wp-content\/uploads\/2023\/06\/eventos3a.jpg 543w, https:\/\/memov.org\/site\/wp-content\/uploads\/2023\/06\/eventos3a-300x169.jpg 300w, https:\/\/memov.org\/site\/wp-content\/uploads\/2023\/06\/eventos3a-205x115.jpg 205w, https:\/\/memov.org\/site\/wp-content\/uploads\/2023\/06\/eventos3a-480x270.jpg 480w\" sizes=\"(max-width: 543px) 100vw, 543px\" \/><\/a><\/figure>\n\n\n<a class=\"maxbutton-2 maxbutton maxbutton-botao-multimidia\" target=\"_blank\" rel=\"noopener\" href=\"https:\/\/memov.org\/site\/eventos\/\"><span class='mb-text'>Eventos<\/span><\/a><\/div>\n\n\n\n<div class=\"wp-block-column is-layout-flow wp-block-column-is-layout-flow\">\n<figure class=\"wp-block-image size-full remove-bottom-space\"><a href=\"https:\/\/memov.org\/site\/musicas-e-cantos\/\"><img loading=\"lazy\" decoding=\"async\" width=\"543\" height=\"305\" src=\"https:\/\/memov.org\/site\/wp-content\/uploads\/2023\/06\/musicas-e-cantos-3a.jpg\" alt=\"\" class=\"wp-image-336167\" srcset=\"https:\/\/memov.org\/site\/wp-content\/uploads\/2023\/06\/musicas-e-cantos-3a.jpg 543w, https:\/\/memov.org\/site\/wp-content\/uploads\/2023\/06\/musicas-e-cantos-3a-300x169.jpg 300w, https:\/\/memov.org\/site\/wp-content\/uploads\/2023\/06\/musicas-e-cantos-3a-205x115.jpg 205w, https:\/\/memov.org\/site\/wp-content\/uploads\/2023\/06\/musicas-e-cantos-3a-480x270.jpg 480w\" sizes=\"(max-width: 543px) 100vw, 543px\" \/><\/a><\/figure>\n\n\n<a class=\"maxbutton-2 maxbutton maxbutton-botao-multimidia\" target=\"_blank\" rel=\"noopener\" href=\"https:\/\/memov.org\/site\/musicas-e-cantos\/\"><span class='mb-text'>M\u00fasicas e Cantos<\/span><\/a><\/div>\n<\/div>\n\n\n\n<div style=\"height:32px\" aria-hidden=\"true\" class=\"wp-block-spacer\"><\/div>\n","protected":false},"excerpt":{"rendered":"<p>\u00c1udios As pesquisas e eventos empreendidos pelo Programa de Mem\u00f3ria dos Movimentos Sociais (Memov) resultam em uma s\u00e9rie de produtos audiovisuais para a divulga\u00e7\u00e3o do trabalho cient\u00edfico. Nossos parceiros tamb\u00e9m realizam trabalhos similares para a amplia\u00e7\u00e3o do acesso \u00e0 pesquisa no Brasil. Nesta se\u00e7\u00e3o est\u00e3o presentes os a\u00fadios que a equipe considera de extrema import\u00e2ncia [&hellip;]<\/p>\n","protected":false},"author":16,"featured_media":0,"parent":0,"menu_order":0,"comment_status":"closed","ping_status":"closed","template":"","meta":{"ub_ctt_via":"","footnotes":""},"tnc_tax_372951":[],"tnc_tax_240503":[],"tnc_tax_8150":[],"tnc_tax_2196":[],"tnc_tax_2184":[],"tnc_tax_77":[],"folder":[],"class_list":["post-57546","page","type-page","status-publish","hentry"],"blocksy_meta":{"styles_descriptor":{"styles":{"desktop":"","tablet":"","mobile":""},"google_fonts":[],"version":6}},"featured_image_src":null,"_links":{"self":[{"href":"https:\/\/memov.org\/site\/wp-json\/wp\/v2\/pages\/57546","targetHints":{"allow":["GET"]}}],"collection":[{"href":"https:\/\/memov.org\/site\/wp-json\/wp\/v2\/pages"}],"about":[{"href":"https:\/\/memov.org\/site\/wp-json\/wp\/v2\/types\/page"}],"author":[{"embeddable":true,"href":"https:\/\/memov.org\/site\/wp-json\/wp\/v2\/users\/16"}],"replies":[{"embeddable":true,"href":"https:\/\/memov.org\/site\/wp-json\/wp\/v2\/comments?post=57546"}],"version-history":[{"count":28,"href":"https:\/\/memov.org\/site\/wp-json\/wp\/v2\/pages\/57546\/revisions"}],"predecessor-version":[{"id":336170,"href":"https:\/\/memov.org\/site\/wp-json\/wp\/v2\/pages\/57546\/revisions\/336170"}],"wp:attachment":[{"href":"https:\/\/memov.org\/site\/wp-json\/wp\/v2\/media?parent=57546"}],"wp:term":[{"taxonomy":"tnc_tax_372951","embeddable":true,"href":"https:\/\/memov.org\/site\/wp-json\/wp\/v2\/tnc_tax_372951?post=57546"},{"taxonomy":"tnc_tax_240503","embeddable":true,"href":"https:\/\/memov.org\/site\/wp-json\/wp\/v2\/tnc_tax_240503?post=57546"},{"taxonomy":"tnc_tax_8150","embeddable":true,"href":"https:\/\/memov.org\/site\/wp-json\/wp\/v2\/tnc_tax_8150?post=57546"},{"taxonomy":"tnc_tax_2196","embeddable":true,"href":"https:\/\/memov.org\/site\/wp-json\/wp\/v2\/tnc_tax_2196?post=57546"},{"taxonomy":"tnc_tax_2184","embeddable":true,"href":"https:\/\/memov.org\/site\/wp-json\/wp\/v2\/tnc_tax_2184?post=57546"},{"taxonomy":"tnc_tax_77","embeddable":true,"href":"https:\/\/memov.org\/site\/wp-json\/wp\/v2\/tnc_tax_77?post=57546"},{"taxonomy":"folder","embeddable":true,"href":"https:\/\/memov.org\/site\/wp-json\/wp\/v2\/folder?post=57546"}],"curies":[{"name":"wp","href":"https:\/\/api.w.org\/{rel}","templated":true}]}}