{"id":56336,"date":"2022-09-11T22:54:43","date_gmt":"2022-09-12T01:54:43","guid":{"rendered":"https:\/\/memov.org\/site\/?page_id=56336"},"modified":"2025-10-02T21:54:59","modified_gmt":"2025-10-03T00:54:59","slug":"participantes-dos-projetos","status":"publish","type":"page","link":"https:\/\/memov.org\/site\/participantes-dos-projetos\/","title":{"rendered":"Pesquisadores e Colaboradores"},"content":{"rendered":"\n<div class=\"wp-block-columns is-layout-flex wp-container-core-columns-is-layout-28f84493 wp-block-columns-is-layout-flex\">\n<div class=\"wp-block-column is-layout-flow wp-block-column-is-layout-flow\">\n<div class=\"wp-block-columns is-layout-flex wp-container-core-columns-is-layout-28f84493 wp-block-columns-is-layout-flex\">\n<div class=\"wp-block-column is-layout-flow wp-block-column-is-layout-flow\">\n<h2 class=\"wp-block-heading\">Pesquisadores e Colaboradores dos Projetos do Memov<\/h2>\n\n\n\n<p>Rela\u00e7\u00e3o de pesquisadores, colaboradores e palestrantes dos projetos relacionados ao Memov, com links para os respectivos Curr\u00edculos Lattes e Biodatas.<\/p>\n\n\n\n<h3 class=\"wp-block-heading\">Pesquisa R\u00e1pida<\/h3>\n\n\n\n<div class=\"wp-block-tainacan-search-bar\" data-module=\"search-bar\"><div class=\"tainacan-search-container\"><form style=\"max-width:100%\" class=\" is-aligned-left\" id=\"tainacan-search-bar-block\" action=\"https:\/\/memov.org\/site\/pesquisadores-e-colaboradores\" data-queryparam=\"search\" method=\"get\"><input style=\"border-color:\" id=\"tainacan-search-bar-block_input\" label=\"Busca\" name=\"search\" placeholder=\"Search\"\/><button class=\"button\" type=\"submit\"><span class=\"icon\"><i><svg style=\"fill:\" width=\"24\" height=\"24\" viewBox=\"-2 -2 20 20\"><path d=\"M0,5.8C0,5,0.2,4.2,0.5,3.5s0.7-1.3,1.2-1.8s1.1-0.9,1.8-1.2C4.2,0.1,5,0,5.8,0S7.3,0.1,8,0.5 c0.7,0.3,1.3,0.7,1.8,1.2s0.9,1.1,1.2,1.8c0.5,1.2,0.5,2.5,0.2,3.7c0,0.2-0.1,0.4-0.2,0.6c0,0.1-0.2,0.6-0.2,0.6 c0.6,0.6,1.3,1.3,1.9,1.9c0.7,0.7,1.3,1.3,2,2c0,0,0.3,0.2,0.3,0.3c0,0.3-0.1,0.7-0.3,1c-0.2,0.6-0.8,1-1.4,1.2 c-0.1,0-0.6,0.2-0.6,0.1c0,0-4.2-4.2-4.2-4.2c0,0-0.8,0.3-0.8,0.4c-1.3,0.4-2.8,0.5-4.1-0.1c-0.7-0.3-1.3-0.7-1.8-1.2 C1.2,9.3,0.8,8.7,0.5,8S0,6.6,0,5.8z M1.6,5.8c0,0.4,0.1,0.9,0.2,1.3C2.1,8.2,3,9.2,4.1,9.6c0.5,0.2,1,0.3,1.6,0.3 c0.6,0,1.1-0.1,1.6-0.3C8.7,9,9.7,7.6,9.8,6c0.1-1.5-0.6-3.1-2-3.9c-0.9-0.5-2-0.6-3-0.4C4.6,1.8,4.4,1.9,4.1,2 c-0.5,0.2-1,0.5-1.4,0.9C2,3.7,1.6,4.7,1.6,5.8z\"><\/path><\/svg><\/i><\/span><\/button><\/form><\/div><\/div>\n\n\n\n<div class=\"wp-block-columns is-layout-flex wp-container-core-columns-is-layout-28f84493 wp-block-columns-is-layout-flex\">\n<div class=\"wp-block-column is-layout-flow wp-block-column-is-layout-flow\">\n<h3 class=\"wp-block-heading\">Listagem Geral<\/h3>\n\n\n<a class=\"maxbutton-3 maxbutton maxbutton-botao-introdutorio\" target=\"_blank\" rel=\"noopener\" href=\"https:\/\/memov.org\/site\/pesquisadores-e-colaboradores\/\"><span class='mb-text'>Pesquisadores e Colaboradores<\/span><\/a><\/div>\n\n\n\n<div class=\"wp-block-column is-layout-flow wp-block-column-is-layout-flow\"><\/div>\n<\/div>\n\n\n\n<h3 class=\"wp-block-heading\">Listagem por Projeto<\/h3>\n\n\n\n<div class=\"wp-block-columns is-layout-flex wp-container-core-columns-is-layout-28f84493 wp-block-columns-is-layout-flex\">\n<div class=\"wp-block-column is-layout-flow wp-block-column-is-layout-flow\"><a class=\"maxbutton-3 maxbutton maxbutton-botao-introdutorio\" target=\"_blank\" rel=\"noopener\" href=\"https:\/\/memov.org\/site\/pesquisadores-e-colaboradores\/?order=ASC&#038;view_mode=list&#038;perpage=96&#038;paged=1&#038;fetch_only_meta=54997,54999,55054,55064,55058&#038;taxquery[0][taxonomy]=tnc_tax_55041&#038;taxquery[0][terms][0]=6401&#038;taxquery[0][compare]=IN&#038;orderby=title&#038;fetch_only=thumbnail\"><span class='mb-text'>Equipe do Memov<\/span><\/a>\n\n\n<div style=\"height:20px\" aria-hidden=\"true\" class=\"wp-block-spacer\"><\/div>\n\n\n<a class=\"maxbutton-3 maxbutton maxbutton-botao-introdutorio\" target=\"_blank\" rel=\"noopener\" href=\"https:\/\/memov.org\/site\/pesquisadores-e-colaboradores\/?view_mode=list&#038;perpage=96&#038;paged=1&#038;order=ASC&#038;orderby=title&#038;fetch_only=thumbnail&#038;fetch_only_meta=54997,54999,55054,55064,55058&#038;taxquery[0][taxonomy]=tnc_tax_55041&#038;taxquery[0][terms][0]=969&#038;taxquery[0][compare]=IN\"><span class='mb-text'>Eventos Tem\u00e1ticos<\/span><\/a>\n\n\n<div style=\"height:20px\" aria-hidden=\"true\" class=\"wp-block-spacer\"><\/div>\n\n\n<a class=\"maxbutton-3 maxbutton maxbutton-botao-introdutorio\" target=\"_blank\" rel=\"noopener\" href=\"https:\/\/memov.org\/site\/pesquisadores-e-colaboradores\/?view_mode=list&#038;perpage=96&#038;paged=1&#038;order=ASC&#038;orderby=title&#038;fetch_only=thumbnail&#038;fetch_only_meta=54997,54999,55054,55064,55058&#038;taxquery[0][taxonomy]=tnc_tax_55041&#038;taxquery[0][terms][0]=991&#038;taxquery[0][compare]=IN\"><span class='mb-text'>Mem\u00f3ria Camponesa<\/span><\/a><\/div>\n\n\n\n<div class=\"wp-block-column is-layout-flow wp-block-column-is-layout-flow\"><a class=\"maxbutton-3 maxbutton maxbutton-botao-introdutorio\" target=\"_blank\" rel=\"noopener\" href=\"https:\/\/memov.org\/site\/pesquisadores-e-colaboradores\/?view_mode=list&#038;perpage=96&#038;paged=1&#038;order=ASC&#038;orderby=title&#038;fetch_only=thumbnail&#038;fetch_only_meta=54997,54999,55054,55064,55058&#038;taxquery[0][taxonomy]=tnc_tax_55041&#038;taxquery[0][terms][0]=983&#038;taxquery[0][compare]=IN\"><span class='mb-text'>Movimentos Sociais e Esfera P\u00fablica<\/span><\/a>\n\n\n<div style=\"height:20px\" aria-hidden=\"true\" class=\"wp-block-spacer\"><\/div>\n\n\n<a class=\"maxbutton-3 maxbutton maxbutton-botao-introdutorio\" target=\"_blank\" rel=\"noopener\" href=\"https:\/\/memov.org\/site\/pesquisadores-e-colaboradores\/?view_mode=list&#038;perpage=96&#038;paged=1&#038;order=ASC&#038;orderby=title&#038;fetch_only=thumbnail&#038;fetch_only_meta=54997,54999,55054,55064,55058&#038;taxquery[0][taxonomy]=tnc_tax_55041&#038;taxquery[0][terms][0]=971&#038;taxquery[0][compare]=IN\"><span class='mb-text'>Greves (Canavieiros e Metal\u00fargicos)<\/span><\/a>\n\n\n<div style=\"height:20px\" aria-hidden=\"true\" class=\"wp-block-spacer\"><\/div>\n\n\n<a class=\"maxbutton-3 maxbutton maxbutton-botao-introdutorio\" target=\"_blank\" rel=\"noopener\" href=\"https:\/\/memov.org\/site\/pesquisadores-e-colaboradores\/?order=ASC&#038;view_mode=list&#038;perpage=96&#038;paged=1&#038;fetch_only=thumbnail&#038;fetch_only_meta=54997,54999,55054,55064,55058&#038;taxquery[0][taxonomy]=tnc_tax_55041&#038;taxquery[0][terms][0]=6394&#038;taxquery[0][compare]=IN&#038;orderby=title\"><span class='mb-text'>Comiss\u00e3o da Mem\u00f3ria e Verdade UFRJ<\/span><\/a><\/div>\n<\/div>\n<\/div>\n\n\n\n<div class=\"wp-block-column is-layout-flow wp-block-column-is-layout-flow\"><\/div>\n<\/div>\n<\/div>\n<\/div>\n\n\n\n<div class=\"wp-block-columns is-layout-flex wp-container-core-columns-is-layout-28f84493 wp-block-columns-is-layout-flex\">\n<div class=\"wp-block-column is-layout-flow wp-block-column-is-layout-flow\"><\/div>\n<\/div>\n","protected":false},"excerpt":{"rendered":"<p>Pesquisadores e Colaboradores dos Projetos do Memov Rela\u00e7\u00e3o de pesquisadores, colaboradores e palestrantes dos projetos relacionados ao Memov, com links para os respectivos Curr\u00edculos Lattes e Biodatas. Pesquisa R\u00e1pida Listagem Geral Listagem por Projeto<\/p>\n","protected":false},"author":16,"featured_media":0,"parent":0,"menu_order":0,"comment_status":"closed","ping_status":"closed","template":"","meta":{"ub_ctt_via":"","footnotes":""},"tnc_tax_372951":[],"tnc_tax_240503":[],"tnc_tax_8150":[],"tnc_tax_2196":[],"tnc_tax_2184":[],"tnc_tax_77":[],"folder":[],"class_list":["post-56336","page","type-page","status-publish","hentry"],"blocksy_meta":{"styles_descriptor":{"styles":{"desktop":"","tablet":"","mobile":""},"google_fonts":[],"version":6}},"featured_image_src":null,"_links":{"self":[{"href":"https:\/\/memov.org\/site\/wp-json\/wp\/v2\/pages\/56336","targetHints":{"allow":["GET"]}}],"collection":[{"href":"https:\/\/memov.org\/site\/wp-json\/wp\/v2\/pages"}],"about":[{"href":"https:\/\/memov.org\/site\/wp-json\/wp\/v2\/types\/page"}],"author":[{"embeddable":true,"href":"https:\/\/memov.org\/site\/wp-json\/wp\/v2\/users\/16"}],"replies":[{"embeddable":true,"href":"https:\/\/memov.org\/site\/wp-json\/wp\/v2\/comments?post=56336"}],"version-history":[{"count":26,"href":"https:\/\/memov.org\/site\/wp-json\/wp\/v2\/pages\/56336\/revisions"}],"predecessor-version":[{"id":335876,"href":"https:\/\/memov.org\/site\/wp-json\/wp\/v2\/pages\/56336\/revisions\/335876"}],"wp:attachment":[{"href":"https:\/\/memov.org\/site\/wp-json\/wp\/v2\/media?parent=56336"}],"wp:term":[{"taxonomy":"tnc_tax_372951","embeddable":true,"href":"https:\/\/memov.org\/site\/wp-json\/wp\/v2\/tnc_tax_372951?post=56336"},{"taxonomy":"tnc_tax_240503","embeddable":true,"href":"https:\/\/memov.org\/site\/wp-json\/wp\/v2\/tnc_tax_240503?post=56336"},{"taxonomy":"tnc_tax_8150","embeddable":true,"href":"https:\/\/memov.org\/site\/wp-json\/wp\/v2\/tnc_tax_8150?post=56336"},{"taxonomy":"tnc_tax_2196","embeddable":true,"href":"https:\/\/memov.org\/site\/wp-json\/wp\/v2\/tnc_tax_2196?post=56336"},{"taxonomy":"tnc_tax_2184","embeddable":true,"href":"https:\/\/memov.org\/site\/wp-json\/wp\/v2\/tnc_tax_2184?post=56336"},{"taxonomy":"tnc_tax_77","embeddable":true,"href":"https:\/\/memov.org\/site\/wp-json\/wp\/v2\/tnc_tax_77?post=56336"},{"taxonomy":"folder","embeddable":true,"href":"https:\/\/memov.org\/site\/wp-json\/wp\/v2\/folder?post=56336"}],"curies":[{"name":"wp","href":"https:\/\/api.w.org\/{rel}","templated":true}]}}