{"id":56110,"date":"2022-09-11T18:54:23","date_gmt":"2022-09-11T21:54:23","guid":{"rendered":"https:\/\/memov.org\/site\/?page_id=56110"},"modified":"2025-10-02T21:54:59","modified_gmt":"2025-10-03T00:54:59","slug":"biblioteca-do-memov","status":"publish","type":"page","link":"https:\/\/memov.org\/site\/biblioteca-do-memov\/","title":{"rendered":"Biblioteca Digital do Memov"},"content":{"rendered":"\n<div class=\"wp-block-columns is-layout-flex wp-container-core-columns-is-layout-28f84493 wp-block-columns-is-layout-flex\">\n<div class=\"wp-block-column is-layout-flow wp-block-column-is-layout-flow\">\n<h1 class=\"wp-block-heading\">Biblioteca Digital do Memov<\/h1>\n<\/div>\n<\/div>\n\n\n\n<div class=\"wp-block-columns is-layout-flex wp-container-core-columns-is-layout-28f84493 wp-block-columns-is-layout-flex\">\n<div class=\"wp-block-column is-layout-flow wp-block-column-is-layout-flow\">\n<p class=\"has-drop-cap has-palette-color-4-color has-text-color\"><mark style=\"background-color:rgba(0, 0, 0, 0)\" class=\"has-inline-color has-palette-color-4-color\">A<\/mark> maior parte destes livros foram na sua origem disserta\u00e7\u00f5es e teses do PPGAS\/MN\/UFRJ. O \u00fanico autor que est\u00e1 nesta lista e j\u00e1 entra como professor \u00e9 Moacir Palmeira (que n\u00e3o foi aluno do referido Programa). Ele inicia seu pertencimento ao quadro docente do PPGAS em 1969 ainda na qualidade de supervisor do trabalho de campo no Nordeste (uma das duas regi\u00f5es que o Programa havia elegido como \u00e1reas de pesquisa para o projeto \u201cEstudo Comparativo de Desenvolvimento Regional\u201d que deu origem \u00e0 institui\u00e7\u00e3o, paralelamente ao in\u00edcio do curso de mestrado propriamente dito). Em 1970 deu sua primeira disciplina, ainda sem ter defendido tese, o que s\u00f3 ocorreu em 1971, na Fran\u00e7a.\u00a0<\/p>\n\n\n\n<p class=\"has-palette-color-4-color has-text-color\">A lista dos livros que aqui s\u00e3o disponibilizados atrav\u00e9s de sua digitaliza\u00e7\u00e3o (a maior parte o foi agora para este site) comp\u00f5e um conjunto de obras que guardam rela\u00e7\u00f5es entre si e s\u00e3o de certa forma refer\u00eancias e antecedentes da pesquisa realizada no Memov. Um fio que percorre a lista \u00e9 o pertencimento dos autores \u00e0s primeiras gera\u00e7\u00f5es de alunos do Programa de P\u00f3s-Gradua\u00e7\u00e3o em Antropologia Social do Museu Nacional (UFRJ), que tiveram sua entrada entre 1968 (in\u00edcio do PPGAS) e a primeira metade dos anos 70 e que foram construindo uma linha que posteriormente foi classificada a grosso modo como uma \u201cantropologia do campesinato e das classes trabalhadoras\u201d .<\/p>\n<\/div>\n\n\n\n<div class=\"wp-block-column is-layout-flow wp-block-column-is-layout-flow\">\n<p class=\"has-drop-cap has-palette-color-4-color has-text-color\">A tese \u201cLatifundium et Capitalisme; lecture critique d\u2019un d\u00e9bat\u201d ainda est\u00e1 em franc\u00eas em sua vers\u00e3o datilografada e impressa atrav\u00e9s de mime\u00f3grafo. Por uma s\u00e9rie de circunst\u00e2ncias ainda n\u00e3o foi publicada em portugu\u00eas. Ap\u00f3s ser muito xerocada por alunos e estudiosos da tem\u00e1tica ela se encontra aqui digitalizada, um novo passo para sua reprodutibilidade. Ela est\u00e1&nbsp; na origem de projetos subsequentes que por sua vez resultaram em disserta\u00e7\u00f5es e teses algumas das quais publicadas e aqui disponibilizadas. Um segundo projeto, \u201cEmprego e mudan\u00e7a socioecon\u00f4mica no Nordeste\u201d, possibilitou o trabalho de campo para outras disserta\u00e7\u00f5es e teses, algumas delas aqui presentes nesta lista inicial.<\/p>\n\n\n\n<p>Algumas poucas publica\u00e7\u00f5es s\u00e3o trabalhos ulteriores \u00e0s teses, pelos mesmos autores. Esta lista de sugest\u00f5es de leitura de trabalhos antecedentes aos projetos e publica\u00e7\u00f5es feitos no \u00e2mbito direto do Memov ainda ter\u00e1 acr\u00e9scimos. Esta produ\u00e7\u00e3o, al\u00e9m de comp\u00f4r o acervo Memov, igualmente integra a cole\u00e7\u00e3o bibliogr\u00e1fica, disponibilizada por meio da plataforma Tainacan.<\/p>\n<\/div>\n<\/div>\n\n\n\n<div class=\"wp-block-columns is-layout-flex wp-container-core-columns-is-layout-28f84493 wp-block-columns-is-layout-flex\">\n<div class=\"wp-block-column is-layout-flow wp-block-column-is-layout-flow\" style=\"flex-basis:33%\">\n<h2 class=\"wp-block-heading\">Listagem Geral<\/h2>\n\n\n<a class=\"maxbutton-3 maxbutton maxbutton-botao-introdutorio\" target=\"_blank\" rel=\"noopener\" href=\"https:\/\/memov.org\/site\/livros-e-textos\/\"><span class='mb-text'>Biblioteca do Memov<\/span><\/a>\n\n\n<div style=\"height:20px\" aria-hidden=\"true\" class=\"wp-block-spacer\"><\/div>\n<\/div>\n\n\n\n<div class=\"wp-block-column is-layout-flow wp-block-column-is-layout-flow\">\n<h2 class=\"wp-block-heading\">Tipos de Publica\u00e7\u00e3o<\/h2>\n\n\n\n<div class=\"wp-block-columns is-layout-flex wp-container-core-columns-is-layout-28f84493 wp-block-columns-is-layout-flex\">\n<div class=\"wp-block-column is-layout-flow wp-block-column-is-layout-flow\"><a class=\"maxbutton-3 maxbutton maxbutton-botao-introdutorio\" target=\"_blank\" rel=\"noopener\" href=\"https:\/\/memov.org\/site\/livros-e-textos\/?view_mode=list&#038;perpage=48&#038;paged=1&#038;order=ASC&#038;orderby=title&#038;fetch_only_meta=53567,53569,53946,53578,53581,53600&#038;fetch_only=thumbnail&#038;metaquery[0][key]=53600&#038;metaquery[0][value][0]=Produ\u00e7\u00e3o do Memov&#038;metaquery[0][compare]=IN\"><span class='mb-text'>Produ\u00e7\u00f5es do Memov<\/span><\/a>\n\n\n<div style=\"height:20px\" aria-hidden=\"true\" class=\"wp-block-spacer\"><\/div>\n\n\n<a class=\"maxbutton-3 maxbutton maxbutton-botao-introdutorio\" target=\"_blank\" rel=\"noopener\" href=\"https:\/\/memov.org\/site\/livros-e-textos\/?view_mode=list&#038;perpage=48&#038;paged=1&#038;order=ASC&#038;orderby=title&#038;fetch_only_meta=53567,53569,53946,53578,53581,53600&#038;fetch_only=thumbnail&#038;metaquery[0][key]=53600&#038;metaquery[0][value][0]=Artigo&#038;metaquery[0][compare]=IN\"><span class='mb-text'>Artigos<\/span><\/a><\/div>\n\n\n\n<div class=\"wp-block-column is-layout-flow wp-block-column-is-layout-flow\"><a class=\"maxbutton-3 maxbutton maxbutton-botao-introdutorio\" target=\"_blank\" rel=\"noopener\" href=\"https:\/\/memov.org\/site\/livros-e-textos\/?view_mode=list&#038;perpage=48&#038;paged=1&#038;order=ASC&#038;orderby=title&#038;fetch_only_meta=53567,53569,53946,53578,53581,53600&#038;fetch_only=thumbnail&#038;metaquery[0][key]=53600&#038;metaquery[0][value][0]=Livro&#038;metaquery[0][compare]=IN\"><span class='mb-text'>Livros<\/span><\/a>\n\n\n<div style=\"height:20px\" aria-hidden=\"true\" class=\"wp-block-spacer\"><\/div>\n\n\n<a class=\"maxbutton-3 maxbutton maxbutton-botao-introdutorio\" target=\"_blank\" rel=\"noopener\" href=\"https:\/\/memov.org\/site\/livros-e-textos\/?view_mode=list&#038;perpage=48&#038;paged=1&#038;order=ASC&#038;orderby=title&#038;fetch_only_meta=53567,53569,53946,53578,53581,53600&#038;fetch_only=thumbnail&#038;metaquery[0][key]=53600&#038;metaquery[0][value][0]=Disserta\u00e7\u00e3o&#038;metaquery[0][value][1]=Tese&#038;metaquery[0][compare]=IN\"><span class='mb-text'>Monografias, Disserta\u00e7\u00f5es e Teses<\/span><\/a><\/div>\n<\/div>\n<\/div>\n<\/div>\n\n\n\n<p><\/p>\n","protected":false},"excerpt":{"rendered":"<p>Biblioteca Digital do Memov A maior parte destes livros foram na sua origem disserta\u00e7\u00f5es e teses do PPGAS\/MN\/UFRJ. O \u00fanico autor que est\u00e1 nesta lista e j\u00e1 entra como professor \u00e9 Moacir Palmeira (que n\u00e3o foi aluno do referido Programa). Ele inicia seu pertencimento ao quadro docente do PPGAS em 1969 ainda na qualidade de [&hellip;]<\/p>\n","protected":false},"author":16,"featured_media":0,"parent":0,"menu_order":0,"comment_status":"closed","ping_status":"closed","template":"","meta":{"ub_ctt_via":"","footnotes":""},"tnc_tax_372951":[],"tnc_tax_240503":[],"tnc_tax_8150":[],"tnc_tax_2196":[],"tnc_tax_2184":[],"tnc_tax_77":[],"folder":[],"class_list":["post-56110","page","type-page","status-publish","hentry"],"blocksy_meta":{"styles_descriptor":{"styles":{"desktop":"","tablet":"","mobile":""},"google_fonts":[],"version":6}},"featured_image_src":null,"_links":{"self":[{"href":"https:\/\/memov.org\/site\/wp-json\/wp\/v2\/pages\/56110","targetHints":{"allow":["GET"]}}],"collection":[{"href":"https:\/\/memov.org\/site\/wp-json\/wp\/v2\/pages"}],"about":[{"href":"https:\/\/memov.org\/site\/wp-json\/wp\/v2\/types\/page"}],"author":[{"embeddable":true,"href":"https:\/\/memov.org\/site\/wp-json\/wp\/v2\/users\/16"}],"replies":[{"embeddable":true,"href":"https:\/\/memov.org\/site\/wp-json\/wp\/v2\/comments?post=56110"}],"version-history":[{"count":20,"href":"https:\/\/memov.org\/site\/wp-json\/wp\/v2\/pages\/56110\/revisions"}],"predecessor-version":[{"id":131108,"href":"https:\/\/memov.org\/site\/wp-json\/wp\/v2\/pages\/56110\/revisions\/131108"}],"wp:attachment":[{"href":"https:\/\/memov.org\/site\/wp-json\/wp\/v2\/media?parent=56110"}],"wp:term":[{"taxonomy":"tnc_tax_372951","embeddable":true,"href":"https:\/\/memov.org\/site\/wp-json\/wp\/v2\/tnc_tax_372951?post=56110"},{"taxonomy":"tnc_tax_240503","embeddable":true,"href":"https:\/\/memov.org\/site\/wp-json\/wp\/v2\/tnc_tax_240503?post=56110"},{"taxonomy":"tnc_tax_8150","embeddable":true,"href":"https:\/\/memov.org\/site\/wp-json\/wp\/v2\/tnc_tax_8150?post=56110"},{"taxonomy":"tnc_tax_2196","embeddable":true,"href":"https:\/\/memov.org\/site\/wp-json\/wp\/v2\/tnc_tax_2196?post=56110"},{"taxonomy":"tnc_tax_2184","embeddable":true,"href":"https:\/\/memov.org\/site\/wp-json\/wp\/v2\/tnc_tax_2184?post=56110"},{"taxonomy":"tnc_tax_77","embeddable":true,"href":"https:\/\/memov.org\/site\/wp-json\/wp\/v2\/tnc_tax_77?post=56110"},{"taxonomy":"folder","embeddable":true,"href":"https:\/\/memov.org\/site\/wp-json\/wp\/v2\/folder?post=56110"}],"curies":[{"name":"wp","href":"https:\/\/api.w.org\/{rel}","templated":true}]}}