{"id":381333,"date":"2025-05-27T21:06:48","date_gmt":"2025-05-28T00:06:48","guid":{"rendered":"https:\/\/memov.org\/site\/?page_id=381333"},"modified":"2025-10-02T21:54:59","modified_gmt":"2025-10-03T00:54:59","slug":"colecao-jose-sergio-leite-lopes","status":"publish","type":"page","link":"https:\/\/memov.org\/site\/colecao-jose-sergio-leite-lopes\/","title":{"rendered":"Cole\u00e7\u00e3o Jos\u00e9 Sergio Leite Lopes"},"content":{"rendered":"\n<div class=\"wp-block-columns is-layout-flex wp-container-core-columns-is-layout-28f84493 wp-block-columns-is-layout-flex\">\n<div class=\"wp-block-column is-layout-flow wp-block-column-is-layout-flow\" style=\"flex-basis:66.66%\">\n<h2 class=\"wp-block-heading\">Cole\u00e7\u00e3o Jos\u00e9 Sergio Leite Lopes<\/h2>\n\n\n\n<p>A Cole\u00e7\u00e3o Jos\u00e9 Sergio Leite Lopes foi formada a partir de d\u00e9cadas de produ\u00e7\u00e3o acad\u00eamica, pesquisas de campo e doc\u00eancia de Jos\u00e9 Sergio Leite Lopes, antrop\u00f3logo e professor titular do Programa de P\u00f3s-Gradua\u00e7\u00e3o em Antropologia Social do Museu Nacional (PPGAS\/MN\/UFRJ). Abrangendo temas como movimentos sociais, trabalhadores industriais e rurais, futebol, mem\u00f3ria coletiva e a ambientaliza\u00e7\u00e3o de conflitos sociais, os materiais foram acumulados ao longo da carreira do pesquisador, reunindo documenta\u00e7\u00e3o produzida em diversas regi\u00f5es do Brasil, como Pernambuco, Rio de Janeiro e Minas Gerais, e na Fran\u00e7a.<\/p>\n\n\n\n<p>Cont\u00e9m materiais produzidos e coletados em projetos de pesquisa, como entrevistas de campo, recortes de jornais, relat\u00f3rios, imagens e outros documentos. Est\u00e1 dividida em cinco s\u00e9ries tem\u00e1ticas: Oper\u00e1rios do A\u00e7\u00facar, Trabalhadores T\u00eaxteis, Futebol e Cultura Popular, Sociologia do Trabalho Brasileira e Ambientaliza\u00e7\u00e3o dos Conflitos Sociais. Tamb\u00e9m inclui ementas de disciplinas ministradas por Leite Lopes, grava\u00e7\u00f5es de aulas, palestras, conversas e eventos acad\u00eamicos, al\u00e9m de registros de intera\u00e7\u00f5es com outros pesquisadores, refletindo as trocas intelectuais que marcaram sua trajet\u00f3ria.<\/p>\n\n\n\n<p>Parte significativa do acervo foi preservada pelo pr\u00f3prio pesquisador e organizada pela equipe do Memov em s\u00e9ries tem\u00e1ticas que destacam suas principais \u00e1reas de atua\u00e7\u00e3o. A cataloga\u00e7\u00e3o n\u00e3o apenas documenta sua trajet\u00f3ria, mas tamb\u00e9m se torna um recurso valioso para estudos sobre as transforma\u00e7\u00f5es sociais no Brasil.<\/p>\n\n\n\n<p><strong>Coordena\u00e7\u00e3o:<\/strong><br>Jos\u00e9 Sergio Leite Lopes e Jos\u00e9 Carlos Matos Pereira.<\/p>\n\n\n\n<div style=\"height:10px\" aria-hidden=\"true\" class=\"wp-block-spacer\"><\/div>\n\n\n\n<p>.<\/p>\n<\/div>\n\n\n\n<div class=\"wp-block-column menu-interno-apresentacao is-layout-flow wp-block-column-is-layout-flow\" style=\"flex-basis:33.33%\">\n<h2 class=\"wp-block-heading\">Menu de Navega\u00e7\u00e3o<\/h2>\n\n\n\n<h3 class=\"wp-block-heading\">Acesse os itens digitais da Cole\u00e7\u00e3o JSLL<\/h3>\n\n\n<a class=\"maxbutton-3 maxbutton maxbutton-botao-introdutorio\" target=\"_blank\" rel=\"noopener\" href=\"https:\/\/memov.org\/site\/colecao-jsll?order=ASC&#038;orderby=date&#038;view_mode=table&#038;perpage=12&#038;paged=1&#038;fetch_only=thumbnail&#038;fetch_only_meta=372905,373020,373024,373027\"><span class='mb-text'>Tainacan \u2013 Acesso JSLL<\/span><\/a>\n\n\n<div style=\"height:26px\" aria-hidden=\"true\" class=\"wp-block-spacer\"><\/div>\n\n\n\n<hr class=\"wp-block-separator has-text-color has-palette-color-5-color has-alpha-channel-opacity has-palette-color-5-background-color has-background is-style-wide\"\/>\n\n\n\n<h3 class=\"wp-block-heading\">Confira a sua trajet\u00f3ria na Cole\u00e7\u00e3o Trajet\u00f3rias<\/h3>\n\n\n<a class=\"maxbutton-3 maxbutton maxbutton-botao-introdutorio\" target=\"_blank\" rel=\"noopener\" href=\"https:\/\/memov.org\/site\/colecao-trajetorias-serie-jose-sergio-leite-lopes\/\"><span class='mb-text'>Trajet\u00f3ria Jos\u00e9 Sergio<\/span><\/a>\n\n\n<div style=\"height:26px\" aria-hidden=\"true\" class=\"wp-block-spacer\"><\/div>\n\n\n\n<hr class=\"wp-block-separator has-text-color has-palette-color-5-color has-alpha-channel-opacity has-palette-color-5-background-color has-background is-style-wide\"\/>\n\n\n\n<h3 class=\"wp-block-heading\">Descubra como navegar pelo Tainacan<\/h3>\n\n\n<a class=\"maxbutton-3 maxbutton maxbutton-botao-introdutorio\" target=\"_blank\" rel=\"noopener\" href=\"https:\/\/memov.org\/site\/2022\/09\/16\/tutorial-de-navegacao-tainacan\/\"><span class='mb-text'>Tutorial de Navega\u00e7\u00e3o<\/span><\/a>\n\n\n<div style=\"height:26px\" aria-hidden=\"true\" class=\"wp-block-spacer\"><\/div>\n\n\n\n<hr class=\"wp-block-separator has-text-color has-palette-color-5-color has-alpha-channel-opacity has-palette-color-5-background-color has-background is-style-wide\"\/>\n<\/div>\n<\/div>\n\n\n\n<p><\/p>\n\n\n\n<p><\/p>\n","protected":false},"excerpt":{"rendered":"<p>Cole\u00e7\u00e3o Jos\u00e9 Sergio Leite Lopes A Cole\u00e7\u00e3o Jos\u00e9 Sergio Leite Lopes foi formada a partir de d\u00e9cadas de produ\u00e7\u00e3o acad\u00eamica, pesquisas de campo e doc\u00eancia de Jos\u00e9 Sergio Leite Lopes, antrop\u00f3logo e professor titular do Programa de P\u00f3s-Gradua\u00e7\u00e3o em Antropologia Social do Museu Nacional (PPGAS\/MN\/UFRJ). Abrangendo temas como movimentos sociais, trabalhadores industriais e rurais, futebol, [&hellip;]<\/p>\n","protected":false},"author":16,"featured_media":123565,"parent":0,"menu_order":5,"comment_status":"closed","ping_status":"closed","template":"","meta":{"ub_ctt_via":"","footnotes":""},"tnc_tax_372951":[],"tnc_tax_240503":[],"tnc_tax_8150":[],"tnc_tax_2196":[],"tnc_tax_2184":[],"tnc_tax_77":[],"folder":[2288],"class_list":["post-381333","page","type-page","status-publish","has-post-thumbnail","hentry"],"blocksy_meta":{"styles_descriptor":{"styles":{"desktop":"","tablet":"","mobile":""},"google_fonts":[],"version":6},"page_title_panel":"","has_hero_section":"default","32d3804a885f86253f4bfd4bab192edf":"","hero_section":"type-1","hero_elements":[{"id":"custom_title","enabled":true,"heading_tag":"h1","title":"P\u00e1gina inicial"},{"id":"custom_description","enabled":true,"description_visibility":{"desktop":true,"tablet":true,"mobile":false}},{"id":"custom_meta","enabled":false,"meta_elements":[{"id":"author","enabled":true,"label":"Por","has_author_avatar":"yes","avatar_size":25},{"id":"post_date","enabled":true,"label":"Em","date_format_source":"default","date_format":"M j, Y"},{"id":"updated_date","enabled":false,"label":"Em","date_format_source":"default","date_format":"M j, Y"},{"id":"categories","enabled":false,"label":"Em","style":"simple"},{"id":"comments","enabled":true}],"page_meta_elements":{"joined":true,"articles_count":true,"comments":true}},{"id":"breadcrumbs","enabled":false}],"70670ff7b83b68bc352a8549d8e4a64d":"","hero_alignment1":"CT_CSS_SKIP_RULE","hero_margin":40,"hero_alignment2":"center","hero_vertical_alignment":"center","85058369b07ff375b857610d8cc3443e":"","hero_structure":"narrow","51594443ded9e1e54092182a9230e13a":"","page_title_bg_type":"featured_image","custom_hero_background":{"attachment_id":null},"page_title_image_size":"full","parallax":{"desktop":false,"tablet":false,"mobile":false},"7c9e0547a118a34e663240931e32afde":"","hero_height":"250px","pageTitleFont":{"family":"Default","variation":"Default","size":"30px","line-height":"CT_CSS_SKIP_RULE","letter-spacing":"CT_CSS_SKIP_RULE","text-transform":"CT_CSS_SKIP_RULE","text-decoration":"CT_CSS_SKIP_RULE"},"pageTitleFontColor":{"default":{"color":"CT_CSS_SKIP_RULEDEFAULT"}},"pageMetaFont":{"family":"Default","variation":"n6","size":"12px","line-height":"1.3","letter-spacing":"CT_CSS_SKIP_RULE","text-transform":"uppercase","text-decoration":"CT_CSS_SKIP_RULE"},"pageMetaFontColor":{"default":{"color":"CT_CSS_SKIP_RULEDEFAULT"},"hover":{"color":"CT_CSS_SKIP_RULEDEFAULT"}},"page_meta_button_type_font_colors":{"default":{"color":"CT_CSS_SKIP_RULEDEFAULT"},"hover":{"color":"CT_CSS_SKIP_RULEDEFAULT"}},"page_meta_button_type_background_colors":{"default":{"color":"CT_CSS_SKIP_RULEDEFAULT"},"hover":{"color":"CT_CSS_SKIP_RULEDEFAULT"}},"pageExcerptFont":{"family":"Default","variation":"Default","size":"CT_CSS_SKIP_RULE","line-height":"CT_CSS_SKIP_RULE","letter-spacing":"CT_CSS_SKIP_RULE","text-transform":"CT_CSS_SKIP_RULE","text-decoration":"CT_CSS_SKIP_RULE"},"pageExcerptColor":{"default":{"color":"CT_CSS_SKIP_RULEDEFAULT"}},"breadcrumbsFont":{"family":"Default","variation":"Default","size":"CT_CSS_SKIP_RULE","line-height":"CT_CSS_SKIP_RULE","letter-spacing":"CT_CSS_SKIP_RULE","text-transform":"CT_CSS_SKIP_RULE","text-decoration":"CT_CSS_SKIP_RULE"},"breadcrumbsFontColor":{"default":{"color":"CT_CSS_SKIP_RULEDEFAULT"},"initial":{"color":"CT_CSS_SKIP_RULEDEFAULT"},"hover":{"color":"CT_CSS_SKIP_RULEDEFAULT"}},"pageTitleOverlay":{"background_type":"color","background_pattern":"type-1","background_image":{"attachment_id":null,"x":0,"y":0},"gradient":"linear-gradient(135deg,rgba(6,147,227,1) 0%,rgb(155,81,224) 100%)","background_repeat":"repeat","background_size":"auto","background_attachment":"scroll","patternColor":{"default":{"color":"#e5e7ea"}},"overlayColor":{"default":{"color":"CT_CSS_SKIP_RULE"}},"backgroundColor":{"default":{"color":"CT_CSS_SKIP_RULE"}}},"pageTitleBackground":{"background_type":"color","background_pattern":"type-1","background_image":{"attachment_id":null,"x":0,"y":0},"gradient":"linear-gradient(135deg,rgba(6,147,227,1) 0%,rgb(155,81,224) 100%)","background_repeat":"repeat","background_size":"auto","background_attachment":"scroll","patternColor":{"default":{"color":"#e5e7ea"}},"overlayColor":{"default":{"color":"CT_CSS_SKIP_RULE"}},"backgroundColor":{"default":{"color":"var(--theme-palette-color-6)"}}},"pageTitlePadding":{"top":"50px","bottom":"50px","left":"auto","right":"auto","linked":true},"8c09ef9a3c2e5af690c17b7a863c4519":"","page_structure_type":"default","30416847f3daa4ddfe3d645efb990490":"","content_style_source":"inherit","content_style":"wide","vertical_spacing_source":"inherit","content_area_spacing":"both","background":{"background_type":"color","background_pattern":"type-1","background_image":{"attachment_id":null,"x":0,"y":0},"gradient":"linear-gradient(135deg,rgba(6,147,227,1) 0%,rgb(155,81,224) 100%)","background_repeat":"repeat","background_size":"auto","background_attachment":"scroll","patternColor":{"default":{"color":"#e5e7ea"}},"overlayColor":{"default":{"color":"CT_CSS_SKIP_RULE"}},"backgroundColor":{"default":{"color":"CT_CSS_SKIP_RULE"}}},"content_background":{"background_type":"color","background_pattern":"type-1","background_image":{"attachment_id":null,"x":0,"y":0},"gradient":"linear-gradient(135deg,rgba(6,147,227,1) 0%,rgb(155,81,224) 100%)","background_repeat":"repeat","background_size":"auto","background_attachment":"scroll","patternColor":{"default":{"color":"#e5e7ea"}},"overlayColor":{"default":{"color":"CT_CSS_SKIP_RULE"}},"backgroundColor":{"default":{"color":"var(--theme-palette-color-8)"}}},"content_boxed_shadow":{"inherit":false,"blur":18,"spread":-6,"v_offset":12,"h_offset":0,"inset":false,"enable":true,"color":{"color":"rgba(34, 56, 101, 0.04)"}},"content_boxed_border":{"width":1,"style":"none","color":{"color":"rgba(44,62,80,0.2)"}},"content_boxed_radius":{"top":"3px","bottom":"3px","left":"3px","right":"3px","linked":true},"boxed_content_spacing":{"desktop":{"top":"40px","bottom":"40px","left":"40px","right":"40px","linked":true},"tablet":{"top":"35px","bottom":"35px","left":"35px","right":"35px","linked":true},"mobile":{"top":"20px","bottom":"20px","left":"20px","right":"20px","linked":true}},"861852754fdd1d5e62649cdfd050a3a5":"","disable_featured_image":"no","disable_share_box":"no","disable_header":"no","disable_footer":"no","3c50755150e8e45eb0436ac6d9ed12f6":"","113a665b033150e42037090f5f969ebe":"","9b2353a67eca758a2ff1a33593b344d0":"","dfc42509a8a07042867d783078e38a2f":"","2972d61b78781ac702276804e83f593c":"","bfd0bcae457aa182f649c32b88426123":"","481afc651a4f1238dd89cdd4e581c1fe":"","2cf6e9644b1a6b56c89a6195b84ea3f0":""},"featured_image_src":"https:\/\/memov.org\/site\/wp-content\/uploads\/2022\/11\/teste02.png","_links":{"self":[{"href":"https:\/\/memov.org\/site\/wp-json\/wp\/v2\/pages\/381333","targetHints":{"allow":["GET"]}}],"collection":[{"href":"https:\/\/memov.org\/site\/wp-json\/wp\/v2\/pages"}],"about":[{"href":"https:\/\/memov.org\/site\/wp-json\/wp\/v2\/types\/page"}],"author":[{"embeddable":true,"href":"https:\/\/memov.org\/site\/wp-json\/wp\/v2\/users\/16"}],"replies":[{"embeddable":true,"href":"https:\/\/memov.org\/site\/wp-json\/wp\/v2\/comments?post=381333"}],"version-history":[{"count":5,"href":"https:\/\/memov.org\/site\/wp-json\/wp\/v2\/pages\/381333\/revisions"}],"predecessor-version":[{"id":381343,"href":"https:\/\/memov.org\/site\/wp-json\/wp\/v2\/pages\/381333\/revisions\/381343"}],"wp:featuredmedia":[{"embeddable":true,"href":"https:\/\/memov.org\/site\/wp-json\/wp\/v2\/media\/123565"}],"wp:attachment":[{"href":"https:\/\/memov.org\/site\/wp-json\/wp\/v2\/media?parent=381333"}],"wp:term":[{"taxonomy":"tnc_tax_372951","embeddable":true,"href":"https:\/\/memov.org\/site\/wp-json\/wp\/v2\/tnc_tax_372951?post=381333"},{"taxonomy":"tnc_tax_240503","embeddable":true,"href":"https:\/\/memov.org\/site\/wp-json\/wp\/v2\/tnc_tax_240503?post=381333"},{"taxonomy":"tnc_tax_8150","embeddable":true,"href":"https:\/\/memov.org\/site\/wp-json\/wp\/v2\/tnc_tax_8150?post=381333"},{"taxonomy":"tnc_tax_2196","embeddable":true,"href":"https:\/\/memov.org\/site\/wp-json\/wp\/v2\/tnc_tax_2196?post=381333"},{"taxonomy":"tnc_tax_2184","embeddable":true,"href":"https:\/\/memov.org\/site\/wp-json\/wp\/v2\/tnc_tax_2184?post=381333"},{"taxonomy":"tnc_tax_77","embeddable":true,"href":"https:\/\/memov.org\/site\/wp-json\/wp\/v2\/tnc_tax_77?post=381333"},{"taxonomy":"folder","embeddable":true,"href":"https:\/\/memov.org\/site\/wp-json\/wp\/v2\/folder?post=381333"}],"curies":[{"name":"wp","href":"https:\/\/api.w.org\/{rel}","templated":true}]}}