{"id":378417,"date":"2024-11-02T09:57:24","date_gmt":"2024-11-02T12:57:24","guid":{"rendered":"https:\/\/memov.org\/site\/?page_id=378417"},"modified":"2025-10-02T21:55:00","modified_gmt":"2025-10-03T00:55:00","slug":"colecao-trajetorias-serie-regina-novaes","status":"publish","type":"page","link":"https:\/\/memov.org\/site\/colecao-trajetorias-serie-regina-novaes\/","title":{"rendered":"Cole\u00e7\u00e3o Trajet\u00f3rias &#8211; S\u00e9rie Regina Novaes"},"content":{"rendered":"\n<div class=\"wp-block-columns is-layout-flex wp-container-core-columns-is-layout-28f84493 wp-block-columns-is-layout-flex\">\n<div class=\"wp-block-column is-layout-flow wp-block-column-is-layout-flow\" style=\"flex-basis:66.66%\">\n<h2 class=\"wp-block-heading\">Regina Novaes<\/h2>\n\n\n\n<p>Regina Novaes \u00e9 antrop\u00f3loga, formada em Ci\u00eancias Sociais pela Pontif\u00edcia Universidade Cat\u00f3lica do Rio de Janeiro (PUC-Rio), com mestrado em Antropologia Social pelo Museu Nacional da Universidade Federal do Rio de Janeiro (UFRJ) e doutorado pela Universidade de S\u00e3o Paulo (USP). Seus estudos investigam a juventude brasileira, analisando as intera\u00e7\u00f5es entre identidades juvenis, pr\u00e1ticas religiosas e engajamento social, al\u00e9m de explorar como diferentes manifesta\u00e7\u00f5es religiosas se relacionam com quest\u00f5es sociais e pol\u00edticas contempor\u00e2neas.<\/p>\n\n\n\n<p>Novaes tamb\u00e9m teve uma atua\u00e7\u00e3o importante na formula\u00e7\u00e3o de pol\u00edticas p\u00fablicas para a juventude, tendo presidido o Conselho Nacional da Juventude (CONJUVE) entre 2005 e 2006, contribuindo para o di\u00e1logo entre a pesquisa acad\u00eamica e os desafios pr\u00e1ticos da sociedade. Entre 2010 e 2016, realizou pesquisas e consultorias em conv\u00eanios entre a Secretaria Nacional de Juventude e a UNESCO. Em 2015, foi pesquisadora visitante (UNIRIO\/FAPERJ) e, entre 2018 e 2020, atuou como professora visitante no Programa de P\u00f3s-Gradua\u00e7\u00e3o em Educa\u00e7\u00e3o (PPGEDu\/UNIRIO), na linha de pesquisa em Educa\u00e7\u00e3o e Pol\u00edticas P\u00fablicas de Juventude. Atualmente, integra o Laborat\u00f3rio de Estudos Socioantropol\u00f3gicos em Pol\u00edtica, Arte e Religi\u00e3o (LEPAR).<\/p>\n\n\n\n<p><strong>Institui\u00e7\u00f5es<\/strong><br><a href=\"https:\/\/www.unirio.br\/\">Universidade Federal do Estado do Rio de Janeiro (UNIRIO)<\/a><br><a href=\"https:\/\/iser.org.br\/\">Instituto de Estudos da Religi\u00e3o (ISER)<\/a><\/p>\n\n\n\n<p><strong>Produ\u00e7\u00f5es e participa\u00e7\u00f5es em eventos<\/strong><br><a href=\"https:\/\/memov.org\/site\/livros-e-textos\/a-cut-no-campo-dissolver-a-neblina\/?perpage=48&amp;paged=1&amp;order=ASC&amp;orderby=title&amp;taxquery%5B0%5D%5Btaxonomy%5D=tnc_tax_53937&amp;taxquery%5B0%5D%5Bterms%5D%5B0%5D=949&amp;taxquery%5B0%5D%5Bcompare%5D=IN&amp;pos=0&amp;source_list=collection&amp;ref=%2Fsite%2Flivros-e-textos%2F\">A CUT no Campo &#8211; Dissolver a Neblina<\/a><br><a href=\"https:\/\/memov.org\/site\/livros-e-textos\/de-corpo-e-alma-catolicismo-classes-sociais-e-conflitos-no-campo\/?perpage=48&amp;paged=1&amp;order=ASC&amp;orderby=title&amp;taxquery%5B0%5D%5Btaxonomy%5D=tnc_tax_53937&amp;taxquery%5B0%5D%5Bterms%5D%5B0%5D=949&amp;taxquery%5B0%5D%5Bcompare%5D=IN&amp;pos=1&amp;source_list=collection&amp;ref=%2Fsite%2Flivros-e-textos%2F\">De Corpo e Alma &#8211; Catolicismo, Classes Sociais e Conflitos no Campo<\/a><\/p>\n\n\n\n<div style=\"height:10px\" aria-hidden=\"true\" class=\"wp-block-spacer\"><\/div>\n\n\n\n<h3 class=\"wp-block-heading\">Confira a sua trajet\u00f3ria resumida<\/h3>\n\n\n\n<figure class=\"wp-block-embed is-type-video is-provider-youtube wp-block-embed-youtube wp-embed-aspect-16-9 wp-has-aspect-ratio\"><div class=\"wp-block-embed__wrapper\">\n<iframe title=\"Projeto Trajeto\u0301rias - Regina Novaes (Vers\u00e3o Curta)\" width=\"1290\" height=\"726\" src=\"https:\/\/www.youtube.com\/embed\/D7pGige4uew?feature=oembed\" frameborder=\"0\" allow=\"accelerometer; autoplay; clipboard-write; encrypted-media; gyroscope; picture-in-picture; web-share\" referrerpolicy=\"strict-origin-when-cross-origin\" allowfullscreen><\/iframe>\n<\/div><\/figure>\n\n\n\n<div style=\"height:10px\" aria-hidden=\"true\" class=\"wp-block-spacer\"><\/div>\n\n\n\n<p>.<\/p>\n<\/div>\n\n\n\n<div class=\"wp-block-column menu-interno-apresentacao is-layout-flow wp-block-column-is-layout-flow\" style=\"flex-basis:33.33%\">\n<div class=\"wp-block-columns is-layout-flex wp-container-core-columns-is-layout-28f84493 wp-block-columns-is-layout-flex\">\n<div class=\"wp-block-column is-layout-flow wp-block-column-is-layout-flow\">\n<div style=\"height:30px\" aria-hidden=\"true\" class=\"wp-block-spacer\"><\/div>\n<\/div>\n<\/div>\n\n\n\n<figure class=\"wp-block-image size-full is-resized\"><img fetchpriority=\"high\" decoding=\"async\" width=\"542\" height=\"532\" src=\"https:\/\/memov.org\/site\/wp-content\/uploads\/2024\/10\/regina.jpg\" alt=\"\" class=\"wp-image-378442\" style=\"width:421px;height:auto\" srcset=\"https:\/\/memov.org\/site\/wp-content\/uploads\/2024\/10\/regina.jpg 542w, https:\/\/memov.org\/site\/wp-content\/uploads\/2024\/10\/regina-300x294.jpg 300w, https:\/\/memov.org\/site\/wp-content\/uploads\/2024\/10\/regina-40x40.jpg 40w, https:\/\/memov.org\/site\/wp-content\/uploads\/2024\/10\/regina-205x201.jpg 205w, https:\/\/memov.org\/site\/wp-content\/uploads\/2024\/10\/regina-480x471.jpg 480w\" sizes=\"(max-width: 542px) 100vw, 542px\" \/><\/figure>\n\n\n\n<h3 class=\"wp-block-heading\">Acesse os itens da S\u00e9rie Regina Novaes<\/h3>\n\n\n<a class=\"maxbutton-3 maxbutton maxbutton-botao-introdutorio\" target=\"_blank\" rel=\"noopener\" href=\"https:\/\/memov.org\/site\/colecao-trajetorias?order=ASC&#038;orderby=date&#038;view_mode=table&#038;perpage=96&#038;paged=1&#038;fetch_only=thumbnail&#038;fetch_only_meta=372898,372940,372948,372953&#038;taxquery[0][taxonomy]=tnc_tax_372951&#038;taxquery[0][terms][0]=6851&#038;taxquery[0][compare]=IN\"><span class='mb-text'>Tainacan \u2013 Acesso Regina Novaes<\/span><\/a>\n\n\n<div style=\"height:26px\" aria-hidden=\"true\" class=\"wp-block-spacer\"><\/div>\n\n\n\n<hr class=\"wp-block-separator has-text-color has-palette-color-5-color has-alpha-channel-opacity has-palette-color-5-background-color has-background is-style-wide\"\/>\n\n\n\n<h3 class=\"wp-block-heading\">Confira a trajet\u00f3ria completa no YouTube<\/h3>\n\n\n<a class=\"maxbutton-3 maxbutton maxbutton-botao-introdutorio\" target=\"_blank\" rel=\"noopener\" href=\"https:\/\/www.youtube.com\/playlist?list=PLpv_6194cjxqf3LC6gi2xD0gsAJ3q5FPu\"><span class='mb-text'>YouTube &#8211; Trajet\u00f3ria Completa<\/span><\/a>\n\n\n<div style=\"height:26px\" aria-hidden=\"true\" class=\"wp-block-spacer\"><\/div>\n\n\n\n<hr class=\"wp-block-separator has-text-color has-palette-color-5-color has-alpha-channel-opacity has-palette-color-5-background-color has-background is-style-wide\"\/>\n\n\n\n<h3 class=\"wp-block-heading\">Conhe\u00e7a o curr\u00edculo completo do pesquisador<\/h3>\n\n\n<a class=\"maxbutton-3 maxbutton maxbutton-botao-introdutorio\" target=\"_blank\" rel=\"noopener\" href=\"http:\/\/lattes.cnpq.br\/4659182276807502\"><span class='mb-text'>Curr\u00edculo Lattes<\/span><\/a>\n\n\n<div style=\"height:26px\" aria-hidden=\"true\" class=\"wp-block-spacer\"><\/div>\n\n\n\n<hr class=\"wp-block-separator has-text-color has-palette-color-5-color has-alpha-channel-opacity has-palette-color-5-background-color has-background is-style-wide\"\/>\n\n\n\n<h3 class=\"wp-block-heading\">Descubra como navegar pelo Tainacan<\/h3>\n\n\n<a class=\"maxbutton-3 maxbutton maxbutton-botao-introdutorio\" target=\"_blank\" rel=\"noopener\" href=\"https:\/\/memov.org\/site\/2022\/09\/16\/tutorial-de-navegacao-tainacan\/\"><span class='mb-text'>Tutorial de Navega\u00e7\u00e3o<\/span><\/a>\n\n\n<div style=\"height:26px\" aria-hidden=\"true\" class=\"wp-block-spacer\"><\/div>\n\n\n\n<hr class=\"wp-block-separator has-text-color has-palette-color-5-color has-alpha-channel-opacity has-palette-color-5-background-color has-background is-style-wide\"\/>\n<\/div>\n<\/div>\n\n\n\n<p><\/p>\n","protected":false},"excerpt":{"rendered":"<p>Regina Novaes Regina Novaes \u00e9 antrop\u00f3loga, formada em Ci\u00eancias Sociais pela Pontif\u00edcia Universidade Cat\u00f3lica do Rio de Janeiro (PUC-Rio), com mestrado em Antropologia Social pelo Museu Nacional da Universidade Federal do Rio de Janeiro (UFRJ) e doutorado pela Universidade de S\u00e3o Paulo (USP). Seus estudos investigam a juventude brasileira, analisando as intera\u00e7\u00f5es entre identidades juvenis, [&hellip;]<\/p>\n","protected":false},"author":16,"featured_media":0,"parent":0,"menu_order":5,"comment_status":"closed","ping_status":"closed","template":"","meta":{"ub_ctt_via":"","footnotes":""},"tnc_tax_372951":[],"tnc_tax_240503":[],"tnc_tax_8150":[],"tnc_tax_2196":[],"tnc_tax_2184":[],"tnc_tax_77":[],"folder":[6845],"class_list":["post-378417","page","type-page","status-publish","hentry"],"blocksy_meta":{"styles_descriptor":{"styles":{"desktop":"","tablet":"","mobile":""},"google_fonts":[],"version":6},"page_title_panel":"","has_hero_section":"default","32d3804a885f86253f4bfd4bab192edf":"","hero_section":"type-1","hero_elements":[{"id":"custom_title","enabled":true,"heading_tag":"h1","title":"P\u00e1gina inicial"},{"id":"custom_description","enabled":true,"description_visibility":{"desktop":true,"tablet":true,"mobile":false}},{"id":"custom_meta","enabled":false,"meta_elements":[{"id":"author","enabled":true,"label":"Por","has_author_avatar":"yes","avatar_size":25},{"id":"post_date","enabled":true,"label":"Em","date_format_source":"default","date_format":"M j, Y"},{"id":"updated_date","enabled":false,"label":"Em","date_format_source":"default","date_format":"M j, Y"},{"id":"categories","enabled":false,"label":"Em","style":"simple"},{"id":"comments","enabled":true}],"page_meta_elements":{"joined":true,"articles_count":true,"comments":true}},{"id":"breadcrumbs","enabled":false}],"70670ff7b83b68bc352a8549d8e4a64d":"","hero_alignment1":"CT_CSS_SKIP_RULE","hero_margin":40,"hero_alignment2":"center","hero_vertical_alignment":"center","85058369b07ff375b857610d8cc3443e":"","hero_structure":"narrow","51594443ded9e1e54092182a9230e13a":"","page_title_bg_type":"featured_image","custom_hero_background":{"attachment_id":null},"page_title_image_size":"full","parallax":{"desktop":false,"tablet":false,"mobile":false},"7c9e0547a118a34e663240931e32afde":"","hero_height":"250px","pageTitleFont":{"family":"Default","variation":"Default","size":"30px","line-height":"CT_CSS_SKIP_RULE","letter-spacing":"CT_CSS_SKIP_RULE","text-transform":"CT_CSS_SKIP_RULE","text-decoration":"CT_CSS_SKIP_RULE"},"pageTitleFontColor":{"default":{"color":"CT_CSS_SKIP_RULEDEFAULT"}},"pageMetaFont":{"family":"Default","variation":"n6","size":"12px","line-height":"1.3","letter-spacing":"CT_CSS_SKIP_RULE","text-transform":"uppercase","text-decoration":"CT_CSS_SKIP_RULE"},"pageMetaFontColor":{"default":{"color":"CT_CSS_SKIP_RULEDEFAULT"},"hover":{"color":"CT_CSS_SKIP_RULEDEFAULT"}},"page_meta_button_type_font_colors":{"default":{"color":"CT_CSS_SKIP_RULEDEFAULT"},"hover":{"color":"CT_CSS_SKIP_RULEDEFAULT"}},"page_meta_button_type_background_colors":{"default":{"color":"CT_CSS_SKIP_RULEDEFAULT"},"hover":{"color":"CT_CSS_SKIP_RULEDEFAULT"}},"pageExcerptFont":{"family":"Default","variation":"Default","size":"CT_CSS_SKIP_RULE","line-height":"CT_CSS_SKIP_RULE","letter-spacing":"CT_CSS_SKIP_RULE","text-transform":"CT_CSS_SKIP_RULE","text-decoration":"CT_CSS_SKIP_RULE"},"pageExcerptColor":{"default":{"color":"CT_CSS_SKIP_RULEDEFAULT"}},"breadcrumbsFont":{"family":"Default","variation":"Default","size":"CT_CSS_SKIP_RULE","line-height":"CT_CSS_SKIP_RULE","letter-spacing":"CT_CSS_SKIP_RULE","text-transform":"CT_CSS_SKIP_RULE","text-decoration":"CT_CSS_SKIP_RULE"},"breadcrumbsFontColor":{"default":{"color":"CT_CSS_SKIP_RULEDEFAULT"},"initial":{"color":"CT_CSS_SKIP_RULEDEFAULT"},"hover":{"color":"CT_CSS_SKIP_RULEDEFAULT"}},"pageTitleOverlay":{"background_type":"color","background_pattern":"type-1","background_image":{"attachment_id":null,"x":0,"y":0},"gradient":"linear-gradient(135deg,rgba(6,147,227,1) 0%,rgb(155,81,224) 100%)","background_repeat":"repeat","background_size":"auto","background_attachment":"scroll","patternColor":{"default":{"color":"#e5e7ea"}},"overlayColor":{"default":{"color":"CT_CSS_SKIP_RULE"}},"backgroundColor":{"default":{"color":"CT_CSS_SKIP_RULE"}}},"pageTitleBackground":{"background_type":"color","background_pattern":"type-1","background_image":{"attachment_id":null,"x":0,"y":0},"gradient":"linear-gradient(135deg,rgba(6,147,227,1) 0%,rgb(155,81,224) 100%)","background_repeat":"repeat","background_size":"auto","background_attachment":"scroll","patternColor":{"default":{"color":"#e5e7ea"}},"overlayColor":{"default":{"color":"CT_CSS_SKIP_RULE"}},"backgroundColor":{"default":{"color":"var(--theme-palette-color-6)"}}},"pageTitlePadding":{"top":"50px","bottom":"50px","left":"auto","right":"auto","linked":true},"8c09ef9a3c2e5af690c17b7a863c4519":"","page_structure_type":"default","30416847f3daa4ddfe3d645efb990490":"","content_style_source":"inherit","content_style":"wide","vertical_spacing_source":"inherit","content_area_spacing":"both","background":{"background_type":"color","background_pattern":"type-1","background_image":{"attachment_id":null,"x":0,"y":0},"gradient":"linear-gradient(135deg,rgba(6,147,227,1) 0%,rgb(155,81,224) 100%)","background_repeat":"repeat","background_size":"auto","background_attachment":"scroll","patternColor":{"default":{"color":"#e5e7ea"}},"overlayColor":{"default":{"color":"CT_CSS_SKIP_RULE"}},"backgroundColor":{"default":{"color":"CT_CSS_SKIP_RULE"}}},"content_background":{"background_type":"color","background_pattern":"type-1","background_image":{"attachment_id":null,"x":0,"y":0},"gradient":"linear-gradient(135deg,rgba(6,147,227,1) 0%,rgb(155,81,224) 100%)","background_repeat":"repeat","background_size":"auto","background_attachment":"scroll","patternColor":{"default":{"color":"#e5e7ea"}},"overlayColor":{"default":{"color":"CT_CSS_SKIP_RULE"}},"backgroundColor":{"default":{"color":"var(--theme-palette-color-8)"}}},"content_boxed_shadow":{"inherit":false,"blur":18,"spread":-6,"v_offset":12,"h_offset":0,"inset":false,"enable":true,"color":{"color":"rgba(34, 56, 101, 0.04)"}},"content_boxed_border":{"width":1,"style":"none","color":{"color":"rgba(44,62,80,0.2)"}},"content_boxed_radius":{"top":"3px","bottom":"3px","left":"3px","right":"3px","linked":true},"boxed_content_spacing":{"desktop":{"top":"40px","bottom":"40px","left":"40px","right":"40px","linked":true},"tablet":{"top":"35px","bottom":"35px","left":"35px","right":"35px","linked":true},"mobile":{"top":"20px","bottom":"20px","left":"20px","right":"20px","linked":true}},"861852754fdd1d5e62649cdfd050a3a5":"","disable_featured_image":"no","disable_share_box":"no","disable_header":"no","disable_footer":"no","3c50755150e8e45eb0436ac6d9ed12f6":"","113a665b033150e42037090f5f969ebe":"","9b2353a67eca758a2ff1a33593b344d0":"","dfc42509a8a07042867d783078e38a2f":"","2972d61b78781ac702276804e83f593c":"","bfd0bcae457aa182f649c32b88426123":"","481afc651a4f1238dd89cdd4e581c1fe":"","2cf6e9644b1a6b56c89a6195b84ea3f0":""},"featured_image_src":null,"_links":{"self":[{"href":"https:\/\/memov.org\/site\/wp-json\/wp\/v2\/pages\/378417","targetHints":{"allow":["GET"]}}],"collection":[{"href":"https:\/\/memov.org\/site\/wp-json\/wp\/v2\/pages"}],"about":[{"href":"https:\/\/memov.org\/site\/wp-json\/wp\/v2\/types\/page"}],"author":[{"embeddable":true,"href":"https:\/\/memov.org\/site\/wp-json\/wp\/v2\/users\/16"}],"replies":[{"embeddable":true,"href":"https:\/\/memov.org\/site\/wp-json\/wp\/v2\/comments?post=378417"}],"version-history":[{"count":4,"href":"https:\/\/memov.org\/site\/wp-json\/wp\/v2\/pages\/378417\/revisions"}],"predecessor-version":[{"id":379101,"href":"https:\/\/memov.org\/site\/wp-json\/wp\/v2\/pages\/378417\/revisions\/379101"}],"wp:attachment":[{"href":"https:\/\/memov.org\/site\/wp-json\/wp\/v2\/media?parent=378417"}],"wp:term":[{"taxonomy":"tnc_tax_372951","embeddable":true,"href":"https:\/\/memov.org\/site\/wp-json\/wp\/v2\/tnc_tax_372951?post=378417"},{"taxonomy":"tnc_tax_240503","embeddable":true,"href":"https:\/\/memov.org\/site\/wp-json\/wp\/v2\/tnc_tax_240503?post=378417"},{"taxonomy":"tnc_tax_8150","embeddable":true,"href":"https:\/\/memov.org\/site\/wp-json\/wp\/v2\/tnc_tax_8150?post=378417"},{"taxonomy":"tnc_tax_2196","embeddable":true,"href":"https:\/\/memov.org\/site\/wp-json\/wp\/v2\/tnc_tax_2196?post=378417"},{"taxonomy":"tnc_tax_2184","embeddable":true,"href":"https:\/\/memov.org\/site\/wp-json\/wp\/v2\/tnc_tax_2184?post=378417"},{"taxonomy":"tnc_tax_77","embeddable":true,"href":"https:\/\/memov.org\/site\/wp-json\/wp\/v2\/tnc_tax_77?post=378417"},{"taxonomy":"folder","embeddable":true,"href":"https:\/\/memov.org\/site\/wp-json\/wp\/v2\/folder?post=378417"}],"curies":[{"name":"wp","href":"https:\/\/api.w.org\/{rel}","templated":true}]}}