{"id":375720,"date":"2023-12-05T13:01:27","date_gmt":"2023-12-05T16:01:27","guid":{"rendered":"https:\/\/memov.org\/site\/?page_id=375720"},"modified":"2025-10-02T21:55:00","modified_gmt":"2025-10-03T00:55:00","slug":"colecao-trajetorias-serie-joao-pacheco","status":"publish","type":"page","link":"https:\/\/memov.org\/site\/colecao-trajetorias-serie-joao-pacheco\/","title":{"rendered":"Cole\u00e7\u00e3o Trajet\u00f3rias &#8211; S\u00e9rie Jo\u00e3o Pacheco"},"content":{"rendered":"\n<div class=\"wp-block-columns is-layout-flex wp-container-core-columns-is-layout-28f84493 wp-block-columns-is-layout-flex\">\n<div class=\"wp-block-column is-layout-flow wp-block-column-is-layout-flow\" style=\"flex-basis:66.66%\">\n<h2 class=\"wp-block-heading\">Jo\u00e3o Pacheco de Oliveira<\/h2>\n\n\n\n<p class=\"justificar\">Jo\u00e3o Pacheco de Oliveira Filho \u00e9 antrop\u00f3logo e Professor Titular do Programa de P\u00f3s-gradua\u00e7\u00e3o em Antropologia Social do Museu Nacional na Universidade Federal do Rio de Janeiro (PPGAS\/MN\/UFRJ) e est\u00e1 desde 2014 vinculado \u00e0 Universidade Federal do Amazonas (UFAM) na condi\u00e7\u00e3o de membro regular do quadro docente do Programa de P\u00f3s-Gradua\u00e7\u00e3o em Antropologia Social (PPGAS\/UFAM).<\/p>\n\n\n\n<p class=\"justificar\">Fez pesquisa de campo prolongada com os \u00edndios Tikuna, do Alto Solim\u00f5es (Amaz\u00f4nia), da qual resultou sua disserta\u00e7\u00e3o de mestrado pela Universidade Nacional de Bras\u00edlia em 1977 e sua tese de doutoramento pelo PPGAS\/MN\/UFRJ em 1986 e publicada em 1988. Realizou tamb\u00e9m pesquisas sobre pol\u00edticas p\u00fablicas, coordenando um amplo projeto de monitoramento das terras ind\u00edgenas no Brasil (1986-1994), com apoio da Funda\u00e7\u00e3o Ford, projeto que resultou em muitos trabalhos anal\u00edticos, colet\u00e2neas e atlas. Orientou mais de 80 teses e disserta\u00e7\u00f5es no PPGAS\/MN\/UFRJ e PPGAS\/UFAM, voltadas sobretudo para povos ind\u00edgenas da Amaz\u00f4nia e do Nordeste, em programa comparativo de pesquisas em etnicidade e territ\u00f3rio, apoiado pelo CNPq e FINEP.<\/p>\n\n\n\n<p class=\"justificar\">Atuou como professor-visitante em alguns centros de p\u00f3s-gradua\u00e7\u00e3o e pesquisa no Brasil (UNICAMP, UFPE, UFBA, Funda\u00e7\u00e3o Joaquim Nabuco e UFAM) e no exterior (Universidad Nacional de La Plata\/Argentina, Universit\u00e0 di Roma La Sapienza, \u00c9cole des Hautes \u00c9tudes en Sciences Sociales\/Paris, Universidad Nacional de San Martin\/UNSAM\/Buenos Aires e Institute des Hautes \u00c9tudes de l`Am\u00e9rique Latine\/IHEAL\/Sorbonne Nouvelle\/Paris.<\/p>\n\n\n\n<p class=\"justificar\">\u00c9 pesquisador 1A do CNPq e bolsista FAPERJ do Programa Cientista do Nosso Estado. Foi presidente da Associa\u00e7\u00e3o Brasileira de Antropologia\/ABA (1994-1996) e por diversas vezes coordenador da Comiss\u00e3o de Assuntos Ind\u00edgenas. Nos \u00faltimos anos vem se dedicando ao estudo de quest\u00f5es ligadas \u00e0 antropologia do colonialismo e \u00e0 antropologia hist\u00f3rica, desenvolvendo trabalhos relacionados ao processo de forma\u00e7\u00e3o nacional, \u00e0 historiografia, bem como a museus e cole\u00e7\u00f5es etnogr\u00e1ficas. \u00c9 curador das cole\u00e7\u00f5es etnol\u00f3gicas do Museu Nacional e organizou recentemente a exposi\u00e7\u00e3o \u201cOs Primeiros Brasileiros\u201d, relativa aos ind\u00edgenas do nordeste, exibida em Recife, Fortaleza, Rio de Janeiro e em C\u00f3rdoba, Argentina (no Museo de Bellas Artes Evita). Junto com lideran\u00e7as ind\u00edgenas foi um dos fundadores do Maguta: Centro de Documenta\u00e7\u00e3o e Pesquisa do Alto Solim\u00f5es, sediado em Benjamin Constant (AM), que deu origem ao Museu Maguta, administrado hoje diretamente pelo movimento ind\u00edgena.<\/p>\n\n\n\n<p><strong>Institui\u00e7\u00f5es<\/strong><br><a href=\"https:\/\/ppgas.museunacional.ufrj.br\/\">Programa de P\u00f3s-gradua\u00e7\u00e3o em Antropologia Social do Museu Nacional (PPGAS\/MN\/UFRJ)<\/a><br><a href=\"https:\/\/www.ppgas.ufam.edu.br\/\">Programa de P\u00f3s-gradua\u00e7\u00e3o em Antropologia Social da UFAM (PPGAS\/UFAM)<\/a><\/p>\n\n\n\n<p><strong>Produ\u00e7\u00f5es e participa\u00e7\u00f5es em eventos<\/strong><br><a href=\"https:\/\/jpoantropologia.com.br\/\" data-type=\"link\" data-id=\"https:\/\/memov.org\/site\/livros-e-textos\/trabalhadores-urbanos-trabalhadores-rurais-historia-e-perspectivas\/\">Jo\u00e3o Pacheco de Oliveira \u2013 Antrop\u00f3logo e Escritor (Site)<\/a><br><a href=\"https:\/\/memov.org\/site\/livros-e-textos\/o-nosso-governo-os-ticuna-e-o-regime-tutelar\/\">O Nosso Governo \u2013 Os Ticuna e o Regime Tutelar<\/a><br><a href=\"https:\/\/memov.org\/site\/livros-e-textos\/regime-tutelar-e-faccionalismo-politica-e-religiao-em-uma-reserva-ticuna\/\">Regime Tutelar e Faccionalismo \u2013 Pol\u00edtica e Religi\u00e3o em uma Reserva Ticuna<\/a><\/p>\n\n\n\n<div style=\"height:10px\" aria-hidden=\"true\" class=\"wp-block-spacer\"><\/div>\n\n\n\n<h3 class=\"wp-block-heading\">Confira a sua trajet\u00f3ria resumida<\/h3>\n\n\n\n<figure class=\"wp-block-embed is-type-video is-provider-youtube wp-block-embed-youtube wp-embed-aspect-16-9 wp-has-aspect-ratio\"><div class=\"wp-block-embed__wrapper\">\n<iframe title=\"Projeto Trajet\u00f3rias - Jo\u00e3o Pacheco de Oliveira (Vers\u00e3o Curta)\" width=\"1290\" height=\"726\" src=\"https:\/\/www.youtube.com\/embed\/GIcHS8zdlUk?feature=oembed\" frameborder=\"0\" allow=\"accelerometer; autoplay; clipboard-write; encrypted-media; gyroscope; picture-in-picture; web-share\" allowfullscreen><\/iframe>\n<\/div><\/figure>\n\n\n\n<div style=\"height:10px\" aria-hidden=\"true\" class=\"wp-block-spacer\"><\/div>\n\n\n\n<p>.<\/p>\n<\/div>\n\n\n\n<div class=\"wp-block-column menu-interno-apresentacao is-layout-flow wp-block-column-is-layout-flow\" style=\"flex-basis:33.33%\">\n<div class=\"wp-block-columns is-layout-flex wp-container-core-columns-is-layout-28f84493 wp-block-columns-is-layout-flex\">\n<div class=\"wp-block-column is-layout-flow wp-block-column-is-layout-flow\">\n<div style=\"height:30px\" aria-hidden=\"true\" class=\"wp-block-spacer\"><\/div>\n<\/div>\n<\/div>\n\n\n\n<figure class=\"wp-block-image size-full is-resized\"><img fetchpriority=\"high\" decoding=\"async\" width=\"542\" height=\"541\" src=\"https:\/\/memov.org\/site\/wp-content\/uploads\/2023\/12\/joaopachecotraj.png\" alt=\"\" class=\"wp-image-375721\" style=\"width:421px;height:auto\" srcset=\"https:\/\/memov.org\/site\/wp-content\/uploads\/2023\/12\/joaopachecotraj.png 542w, https:\/\/memov.org\/site\/wp-content\/uploads\/2023\/12\/joaopachecotraj-300x300.png 300w, https:\/\/memov.org\/site\/wp-content\/uploads\/2023\/12\/joaopachecotraj-150x150.png 150w, https:\/\/memov.org\/site\/wp-content\/uploads\/2023\/12\/joaopachecotraj-40x40.png 40w, https:\/\/memov.org\/site\/wp-content\/uploads\/2023\/12\/joaopachecotraj-275x275.png 275w, https:\/\/memov.org\/site\/wp-content\/uploads\/2023\/12\/joaopachecotraj-205x205.png 205w, https:\/\/memov.org\/site\/wp-content\/uploads\/2023\/12\/joaopachecotraj-480x479.png 480w\" sizes=\"(max-width: 542px) 100vw, 542px\" \/><\/figure>\n\n\n\n<h3 class=\"wp-block-heading\">Acesse os itens da S\u00e9rie Jo\u00e3o Pacheco<\/h3>\n\n\n<a class=\"maxbutton-3 maxbutton maxbutton-botao-introdutorio\" target=\"_blank\" rel=\"noopener\" href=\"https:\/\/memov.org\/site\/colecao-trajetorias?order=ASC&#038;orderby=date&#038;view_mode=table&#038;perpage=12&#038;paged=1&#038;fetch_only_meta=372898,372940,372948,372953&#038;taxquery[0][taxonomy]=tnc_tax_372951&#038;taxquery[0][terms][0]=6814&#038;taxquery[0][compare]=IN&#038;fetch_only=thumbnail\"><span class='mb-text'>Tainacan \u2013 Acesso Jo\u00e3o Pacheco<\/span><\/a>\n\n\n<div style=\"height:26px\" aria-hidden=\"true\" class=\"wp-block-spacer\"><\/div>\n\n\n\n<hr class=\"wp-block-separator has-text-color has-palette-color-5-color has-alpha-channel-opacity has-palette-color-5-background-color has-background is-style-wide\"\/>\n\n\n\n<h3 class=\"wp-block-heading\">Confira a trajet\u00f3ria completa no YouTube<\/h3>\n\n\n<a class=\"maxbutton-3 maxbutton maxbutton-botao-introdutorio\" target=\"_blank\" rel=\"noopener\" href=\"https:\/\/www.youtube.com\/playlist?list=PLpv_6194cjxrp1s44VjZVlK9RkQfN07XM\"><span class='mb-text'>YouTube &#8211; Trajet\u00f3ria Completa<\/span><\/a>\n\n\n<div style=\"height:26px\" aria-hidden=\"true\" class=\"wp-block-spacer\"><\/div>\n\n\n\n<hr class=\"wp-block-separator has-text-color has-palette-color-5-color has-alpha-channel-opacity has-palette-color-5-background-color has-background is-style-wide\"\/>\n\n\n\n<h3 class=\"wp-block-heading\">Conhe\u00e7a o curr\u00edculo completo do pesquisador<\/h3>\n\n\n<a class=\"maxbutton-3 maxbutton maxbutton-botao-introdutorio\" target=\"_blank\" rel=\"noopener\" href=\"http:\/\/lattes.cnpq.br\/3524115532897588\"><span class='mb-text'>Curr\u00edculo Lattes<\/span><\/a>\n\n\n<div style=\"height:26px\" aria-hidden=\"true\" class=\"wp-block-spacer\"><\/div>\n\n\n\n<hr class=\"wp-block-separator has-text-color has-palette-color-5-color has-alpha-channel-opacity has-palette-color-5-background-color has-background is-style-wide\"\/>\n\n\n\n<h3 class=\"wp-block-heading\">Descubra como navegar pelo Tainacan<\/h3>\n\n\n<a class=\"maxbutton-3 maxbutton maxbutton-botao-introdutorio\" target=\"_blank\" rel=\"noopener\" href=\"https:\/\/memov.org\/site\/2022\/09\/16\/tutorial-de-navegacao-tainacan\/\"><span class='mb-text'>Tutorial de Navega\u00e7\u00e3o<\/span><\/a>\n\n\n<div style=\"height:26px\" aria-hidden=\"true\" class=\"wp-block-spacer\"><\/div>\n\n\n\n<hr class=\"wp-block-separator has-text-color has-palette-color-5-color has-alpha-channel-opacity has-palette-color-5-background-color has-background is-style-wide\"\/>\n<\/div>\n<\/div>\n","protected":false},"excerpt":{"rendered":"<p>Jo\u00e3o Pacheco de Oliveira Jo\u00e3o Pacheco de Oliveira Filho \u00e9 antrop\u00f3logo e Professor Titular do Programa de P\u00f3s-gradua\u00e7\u00e3o em Antropologia Social do Museu Nacional na Universidade Federal do Rio de Janeiro (PPGAS\/MN\/UFRJ) e est\u00e1 desde 2014 vinculado \u00e0 Universidade Federal do Amazonas (UFAM) na condi\u00e7\u00e3o de membro regular do quadro docente do Programa de P\u00f3s-Gradua\u00e7\u00e3o [&hellip;]<\/p>\n","protected":false},"author":16,"featured_media":123565,"parent":0,"menu_order":5,"comment_status":"closed","ping_status":"closed","template":"","meta":{"ub_ctt_via":"","footnotes":""},"tnc_tax_372951":[],"tnc_tax_240503":[],"tnc_tax_8150":[],"tnc_tax_2196":[],"tnc_tax_2184":[],"tnc_tax_77":[],"folder":[6845],"class_list":["post-375720","page","type-page","status-publish","has-post-thumbnail","hentry"],"blocksy_meta":{"styles_descriptor":{"styles":{"desktop":"","tablet":"","mobile":""},"google_fonts":[],"version":6},"page_title_panel":"","has_hero_section":"default","32d3804a885f86253f4bfd4bab192edf":"","hero_section":"type-1","hero_elements":[{"id":"custom_title","enabled":true,"heading_tag":"h1","title":"P\u00e1gina inicial"},{"id":"custom_description","enabled":true,"description_visibility":{"desktop":true,"tablet":true,"mobile":false}},{"id":"custom_meta","enabled":false,"meta_elements":[{"id":"author","enabled":true,"label":"Por","has_author_avatar":"yes","avatar_size":25},{"id":"post_date","enabled":true,"label":"Em","date_format_source":"default","date_format":"M j, Y"},{"id":"updated_date","enabled":false,"label":"Em","date_format_source":"default","date_format":"M j, Y"},{"id":"categories","enabled":false,"label":"Em","style":"simple"},{"id":"comments","enabled":true}],"page_meta_elements":{"joined":true,"articles_count":true,"comments":true}},{"id":"breadcrumbs","enabled":false}],"70670ff7b83b68bc352a8549d8e4a64d":"","hero_alignment1":"CT_CSS_SKIP_RULE","hero_margin":40,"hero_alignment2":"center","hero_vertical_alignment":"center","85058369b07ff375b857610d8cc3443e":"","hero_structure":"narrow","51594443ded9e1e54092182a9230e13a":"","page_title_bg_type":"featured_image","custom_hero_background":{"attachment_id":null},"page_title_image_size":"full","parallax":{"desktop":false,"tablet":false,"mobile":false},"7c9e0547a118a34e663240931e32afde":"","hero_height":"250px","pageTitleFont":{"family":"Default","variation":"Default","size":"30px","line-height":"CT_CSS_SKIP_RULE","letter-spacing":"CT_CSS_SKIP_RULE","text-transform":"CT_CSS_SKIP_RULE","text-decoration":"CT_CSS_SKIP_RULE"},"pageTitleFontColor":{"default":{"color":"CT_CSS_SKIP_RULEDEFAULT"}},"pageMetaFont":{"family":"Default","variation":"n6","size":"12px","line-height":"1.3","letter-spacing":"CT_CSS_SKIP_RULE","text-transform":"uppercase","text-decoration":"CT_CSS_SKIP_RULE"},"pageMetaFontColor":{"default":{"color":"CT_CSS_SKIP_RULEDEFAULT"},"hover":{"color":"CT_CSS_SKIP_RULEDEFAULT"}},"page_meta_button_type_font_colors":{"default":{"color":"CT_CSS_SKIP_RULEDEFAULT"},"hover":{"color":"CT_CSS_SKIP_RULEDEFAULT"}},"page_meta_button_type_background_colors":{"default":{"color":"CT_CSS_SKIP_RULEDEFAULT"},"hover":{"color":"CT_CSS_SKIP_RULEDEFAULT"}},"pageExcerptFont":{"family":"Default","variation":"Default","size":"CT_CSS_SKIP_RULE","line-height":"CT_CSS_SKIP_RULE","letter-spacing":"CT_CSS_SKIP_RULE","text-transform":"CT_CSS_SKIP_RULE","text-decoration":"CT_CSS_SKIP_RULE"},"pageExcerptColor":{"default":{"color":"CT_CSS_SKIP_RULEDEFAULT"}},"breadcrumbsFont":{"family":"Default","variation":"Default","size":"CT_CSS_SKIP_RULE","line-height":"CT_CSS_SKIP_RULE","letter-spacing":"CT_CSS_SKIP_RULE","text-transform":"CT_CSS_SKIP_RULE","text-decoration":"CT_CSS_SKIP_RULE"},"breadcrumbsFontColor":{"default":{"color":"CT_CSS_SKIP_RULEDEFAULT"},"initial":{"color":"CT_CSS_SKIP_RULEDEFAULT"},"hover":{"color":"CT_CSS_SKIP_RULEDEFAULT"}},"pageTitleOverlay":{"background_type":"color","background_pattern":"type-1","background_image":{"attachment_id":null,"x":0,"y":0},"gradient":"linear-gradient(135deg,rgba(6,147,227,1) 0%,rgb(155,81,224) 100%)","background_repeat":"repeat","background_size":"auto","background_attachment":"scroll","patternColor":{"default":{"color":"#e5e7ea"}},"overlayColor":{"default":{"color":"CT_CSS_SKIP_RULE"}},"backgroundColor":{"default":{"color":"CT_CSS_SKIP_RULE"}}},"pageTitleBackground":{"background_type":"color","background_pattern":"type-1","background_image":{"attachment_id":null,"x":0,"y":0},"gradient":"linear-gradient(135deg,rgba(6,147,227,1) 0%,rgb(155,81,224) 100%)","background_repeat":"repeat","background_size":"auto","background_attachment":"scroll","patternColor":{"default":{"color":"#e5e7ea"}},"overlayColor":{"default":{"color":"CT_CSS_SKIP_RULE"}},"backgroundColor":{"default":{"color":"var(--theme-palette-color-6)"}}},"pageTitlePadding":{"top":"50px","bottom":"50px","left":"auto","right":"auto","linked":true},"8c09ef9a3c2e5af690c17b7a863c4519":"","page_structure_type":"default","30416847f3daa4ddfe3d645efb990490":"","content_style_source":"inherit","content_style":"wide","vertical_spacing_source":"inherit","content_area_spacing":"both","background":{"background_type":"color","background_pattern":"type-1","background_image":{"attachment_id":null,"x":0,"y":0},"gradient":"linear-gradient(135deg,rgba(6,147,227,1) 0%,rgb(155,81,224) 100%)","background_repeat":"repeat","background_size":"auto","background_attachment":"scroll","patternColor":{"default":{"color":"#e5e7ea"}},"overlayColor":{"default":{"color":"CT_CSS_SKIP_RULE"}},"backgroundColor":{"default":{"color":"CT_CSS_SKIP_RULE"}}},"content_background":{"background_type":"color","background_pattern":"type-1","background_image":{"attachment_id":null,"x":0,"y":0},"gradient":"linear-gradient(135deg,rgba(6,147,227,1) 0%,rgb(155,81,224) 100%)","background_repeat":"repeat","background_size":"auto","background_attachment":"scroll","patternColor":{"default":{"color":"#e5e7ea"}},"overlayColor":{"default":{"color":"CT_CSS_SKIP_RULE"}},"backgroundColor":{"default":{"color":"var(--theme-palette-color-8)"}}},"content_boxed_shadow":{"inherit":false,"blur":18,"spread":-6,"v_offset":12,"h_offset":0,"inset":false,"enable":true,"color":{"color":"rgba(34, 56, 101, 0.04)"}},"content_boxed_border":{"width":1,"style":"none","color":{"color":"rgba(44,62,80,0.2)"}},"content_boxed_radius":{"top":"3px","bottom":"3px","left":"3px","right":"3px","linked":true},"boxed_content_spacing":{"desktop":{"top":"40px","bottom":"40px","left":"40px","right":"40px","linked":true},"tablet":{"top":"35px","bottom":"35px","left":"35px","right":"35px","linked":true},"mobile":{"top":"20px","bottom":"20px","left":"20px","right":"20px","linked":true}},"861852754fdd1d5e62649cdfd050a3a5":"","disable_featured_image":"no","disable_share_box":"no","disable_header":"no","disable_footer":"no","3c50755150e8e45eb0436ac6d9ed12f6":"","113a665b033150e42037090f5f969ebe":"","9b2353a67eca758a2ff1a33593b344d0":"","dfc42509a8a07042867d783078e38a2f":"","2972d61b78781ac702276804e83f593c":"","bfd0bcae457aa182f649c32b88426123":"","481afc651a4f1238dd89cdd4e581c1fe":"","2cf6e9644b1a6b56c89a6195b84ea3f0":""},"featured_image_src":"https:\/\/memov.org\/site\/wp-content\/uploads\/2022\/11\/teste02.png","_links":{"self":[{"href":"https:\/\/memov.org\/site\/wp-json\/wp\/v2\/pages\/375720","targetHints":{"allow":["GET"]}}],"collection":[{"href":"https:\/\/memov.org\/site\/wp-json\/wp\/v2\/pages"}],"about":[{"href":"https:\/\/memov.org\/site\/wp-json\/wp\/v2\/types\/page"}],"author":[{"embeddable":true,"href":"https:\/\/memov.org\/site\/wp-json\/wp\/v2\/users\/16"}],"replies":[{"embeddable":true,"href":"https:\/\/memov.org\/site\/wp-json\/wp\/v2\/comments?post=375720"}],"version-history":[{"count":8,"href":"https:\/\/memov.org\/site\/wp-json\/wp\/v2\/pages\/375720\/revisions"}],"predecessor-version":[{"id":375768,"href":"https:\/\/memov.org\/site\/wp-json\/wp\/v2\/pages\/375720\/revisions\/375768"}],"wp:featuredmedia":[{"embeddable":true,"href":"https:\/\/memov.org\/site\/wp-json\/wp\/v2\/media\/123565"}],"wp:attachment":[{"href":"https:\/\/memov.org\/site\/wp-json\/wp\/v2\/media?parent=375720"}],"wp:term":[{"taxonomy":"tnc_tax_372951","embeddable":true,"href":"https:\/\/memov.org\/site\/wp-json\/wp\/v2\/tnc_tax_372951?post=375720"},{"taxonomy":"tnc_tax_240503","embeddable":true,"href":"https:\/\/memov.org\/site\/wp-json\/wp\/v2\/tnc_tax_240503?post=375720"},{"taxonomy":"tnc_tax_8150","embeddable":true,"href":"https:\/\/memov.org\/site\/wp-json\/wp\/v2\/tnc_tax_8150?post=375720"},{"taxonomy":"tnc_tax_2196","embeddable":true,"href":"https:\/\/memov.org\/site\/wp-json\/wp\/v2\/tnc_tax_2196?post=375720"},{"taxonomy":"tnc_tax_2184","embeddable":true,"href":"https:\/\/memov.org\/site\/wp-json\/wp\/v2\/tnc_tax_2184?post=375720"},{"taxonomy":"tnc_tax_77","embeddable":true,"href":"https:\/\/memov.org\/site\/wp-json\/wp\/v2\/tnc_tax_77?post=375720"},{"taxonomy":"folder","embeddable":true,"href":"https:\/\/memov.org\/site\/wp-json\/wp\/v2\/folder?post=375720"}],"curies":[{"name":"wp","href":"https:\/\/api.w.org\/{rel}","templated":true}]}}