{"id":14528,"date":"2022-08-19T13:35:40","date_gmt":"2022-08-19T16:35:40","guid":{"rendered":"https:\/\/memov.org\/site\/?page_id=14528"},"modified":"2025-10-02T21:55:01","modified_gmt":"2025-10-03T00:55:01","slug":"sites-recomendados","status":"publish","type":"page","link":"https:\/\/memov.org\/site\/sites-recomendados\/","title":{"rendered":"Sites Recomendados"},"content":{"rendered":"\n<p>Nesta aba, indicamos alguns sites de institui\u00e7\u00f5es e entidades que consideramos importantes fontes de conhecimento para as tem\u00e1ticas focalizadas no Programa, para al\u00e9m daquelas com as quais temos v\u00ednculos de pesquisa mais formais e que&nbsp;est\u00e3o listadas na se\u00e7\u00e3o &#8220;Entidades Parceiras&#8221; na aba &#8220;O Memov&#8221;.<\/p>\n\n\n\n<p><\/p>\n\n\n\n<p><\/p>\n\n\n\n<ul class=\"lista-sites wp-block-list\">\n<li><a href=\"https:\/\/ppgas.museunacional.ufrj.br\/\">PPGAS &#8211; Programa de P\u00f3s-Gradua\u00e7\u00e3o em Antropologia Social do Museu Nacional (UFRJ)<\/a><\/li>\n\n\n\n<li><a href=\"https:\/\/fase.org.br\/pt\/acervo\/arquivo-revista-proposta\/\">Arquivo Revista Proposta (FASE)<\/a><\/li>\n\n\n\n<li><a href=\"https:\/\/www.ael.ifch.unicamp.br\/\" target=\"_blank\" rel=\"noreferrer noopener\">AEL \u2013&nbsp; Arquivo Edgard Leuenroth (UNICAMP)<\/a><\/li>\n\n\n\n<li><a href=\"http:\/\/armazemmemoria.com.br\/\" target=\"_blank\" rel=\"noreferrer noopener\">AM \u2013 Armaz\u00e9m Mem\u00f3ria<\/a><\/li>\n\n\n\n<li><a href=\"http:\/\/r1.ufrrj.br\/cpda\/als\/\" target=\"_blank\" rel=\"noreferrer noopener\">AL- Arquivo Lyndolpho Silva (CPDA\/UFRRJ)<\/a><\/li>\n\n\n\n<li><a href=\"http:\/\/bnmdigital.mpf.mp.br\/pt-br\/\">BNM &#8211; Brasil Nunca Mais<\/a><\/li>\n\n\n\n<li><a href=\"https:\/\/www.cedem.unesp.br\/\" target=\"_blank\" rel=\"noreferrer noopener\">CEDEM \u2013 Centro de Documenta\u00e7\u00e3o e Mem\u00f3ria (UNESP)<\/a>&nbsp; &nbsp; &nbsp;&nbsp;<\/li>\n\n\n\n<li><a href=\"http:\/\/www4.pucsp.br\/cedic\/publicacoes.html\" target=\"_blank\" rel=\"noreferrer noopener\">CEDIC \u2013 Centro de Documenta\u00e7\u00e3o e Informa\u00e7\u00e3o Cient\u00edfica Professor Casemiro dos Reis Filho (PUC-SP)<\/a><\/li>\n\n\n\n<li><a href=\"http:\/\/cedoc.cut.org.br\/\" target=\"_blank\" rel=\"noreferrer noopener\">CEDOC &#8211; Centro de Documenta\u00e7\u00e3o e Mem\u00f3ria Sindical da CUT<\/a><\/li>\n\n\n\n<li><a href=\"https:\/\/www.cptnacional.org.br\/cedoc-dom-tomas-balduino-da-cpt\/81-banner\/banner-cedoc\" target=\"_blank\" rel=\"noreferrer noopener\">Centro de Documenta\u00e7\u00e3o Dom Tom\u00e1s Balduino (CPT)&nbsp;<\/a><\/li>\n\n\n\n<li><a href=\"http:\/\/www.contag.org.br\/index.php?modulo=portal&amp;acao=interna&amp;codpag=289&amp;nw=1\" target=\"_blank\" rel=\"noreferrer noopener\">CID &#8211; Centro de Informa\u00e7\u00e3o e Documenta\u00e7\u00e3o (CONTAG)<\/a>&nbsp;<\/li>\n\n\n\n<li><a href=\"https:\/\/cpdoc.fgv.br\/\" target=\"_blank\" rel=\"noreferrer noopener\">CPDOC &#8211; Centro de Pesquisa e Documenta\u00e7\u00e3o de Hist\u00f3ria Contempor\u00e2nea do &nbsp;Brasil (FGV)<\/a><\/li>\n\n\n\n<li><a href=\"http:\/\/www.cpvsp.org.br\/\" target=\"_blank\" rel=\"noreferrer noopener\">CPV &#8211; Centro de Documenta\u00e7\u00e3o e Pesquisa Vergueiro<\/a><\/li>\n\n\n\n<li><a href=\"https:\/\/iiepmemoriaoperaria.wordpress.com\/\" target=\"_blank\" rel=\"noreferrer noopener\">Projeto Investiga\u00e7\u00e3o Oper\u00e1ria (IIEP)<\/a><\/li>\n\n\n\n<li><a href=\"http:\/\/cclf.org.br\/\" target=\"_blank\" rel=\"noreferrer noopener\">CCLF -Centro de Cultura Luiz Freire<\/a><\/li>\n\n\n\n<li><a href=\"https:\/\/memoriasindical.com.br\/\" target=\"_blank\" rel=\"noreferrer noopener\">CMS &#8211; Centro de Mem\u00f3ria Sindical<\/a><\/li>\n\n\n\n<li><a href=\"https:\/\/www.comissaodaverdade.pe.gov.br\/index.php\/comissao-da-verdade\" target=\"_blank\" rel=\"noreferrer noopener\">CEMVDHC &#8211; Comiss\u00e3o Estadual da Mem\u00f3ria e Verdade Dom Helder C\u00e2mara<\/a><\/li>\n\n\n\n<li><a href=\"http:\/\/www.contag.org.br\/\">CONTAG &#8211; Confedera\u00e7\u00e3o Nacional dos Trabalhadores da Agricultura<\/a><\/li>\n\n\n\n<li><a href=\"https:\/\/www.dieese.org.br\/\" target=\"_blank\" rel=\"noreferrer noopener\">DIEESE &#8211; Departamento intersindical de estat\u00edstica e estudos socioecon\u00f4micos&nbsp;<\/a><\/li>\n\n\n\n<li><a href=\"https:\/\/www.gov.br\/fundaj\/pt-br\" target=\"_blank\" rel=\"noreferrer noopener\">FUNDAJ \u2013 Funda\u00e7\u00e3o Joaquim Nabuco<\/a><\/li>\n\n\n\n<li><a href=\"http:\/\/www.memoriasreveladas.gov.br\/\">Mem\u00f3rias Reveladas &#8211; Arquivo Nacional<\/a><\/li>\n\n\n\n<li><a href=\"https:\/\/www.ufpe.br\/nudoc\" target=\"_blank\" rel=\"noreferrer noopener\">NuDoc- N\u00facleo de Documenta\u00e7\u00e3o sobre Movimentos Sociais (UFPE)<\/a><\/li>\n<\/ul>\n","protected":false},"excerpt":{"rendered":"<p>Nesta aba, indicamos alguns sites de institui\u00e7\u00f5es e entidades que consideramos importantes fontes de conhecimento para as tem\u00e1ticas focalizadas no Programa, para al\u00e9m daquelas com as quais temos v\u00ednculos de pesquisa mais formais e que&nbsp;est\u00e3o listadas na se\u00e7\u00e3o &#8220;Entidades Parceiras&#8221; na aba &#8220;O Memov&#8221;.<\/p>\n","protected":false},"author":16,"featured_media":0,"parent":0,"menu_order":18,"comment_status":"closed","ping_status":"closed","template":"","meta":{"ub_ctt_via":"","footnotes":""},"tnc_tax_372951":[],"tnc_tax_240503":[],"tnc_tax_8150":[],"tnc_tax_2196":[],"tnc_tax_2184":[],"tnc_tax_77":[],"folder":[],"class_list":["post-14528","page","type-page","status-publish","hentry"],"blocksy_meta":{"styles_descriptor":{"styles":{"desktop":"","tablet":"","mobile":""},"google_fonts":[],"version":6}},"featured_image_src":null,"_links":{"self":[{"href":"https:\/\/memov.org\/site\/wp-json\/wp\/v2\/pages\/14528","targetHints":{"allow":["GET"]}}],"collection":[{"href":"https:\/\/memov.org\/site\/wp-json\/wp\/v2\/pages"}],"about":[{"href":"https:\/\/memov.org\/site\/wp-json\/wp\/v2\/types\/page"}],"author":[{"embeddable":true,"href":"https:\/\/memov.org\/site\/wp-json\/wp\/v2\/users\/16"}],"replies":[{"embeddable":true,"href":"https:\/\/memov.org\/site\/wp-json\/wp\/v2\/comments?post=14528"}],"version-history":[{"count":6,"href":"https:\/\/memov.org\/site\/wp-json\/wp\/v2\/pages\/14528\/revisions"}],"predecessor-version":[{"id":386880,"href":"https:\/\/memov.org\/site\/wp-json\/wp\/v2\/pages\/14528\/revisions\/386880"}],"wp:attachment":[{"href":"https:\/\/memov.org\/site\/wp-json\/wp\/v2\/media?parent=14528"}],"wp:term":[{"taxonomy":"tnc_tax_372951","embeddable":true,"href":"https:\/\/memov.org\/site\/wp-json\/wp\/v2\/tnc_tax_372951?post=14528"},{"taxonomy":"tnc_tax_240503","embeddable":true,"href":"https:\/\/memov.org\/site\/wp-json\/wp\/v2\/tnc_tax_240503?post=14528"},{"taxonomy":"tnc_tax_8150","embeddable":true,"href":"https:\/\/memov.org\/site\/wp-json\/wp\/v2\/tnc_tax_8150?post=14528"},{"taxonomy":"tnc_tax_2196","embeddable":true,"href":"https:\/\/memov.org\/site\/wp-json\/wp\/v2\/tnc_tax_2196?post=14528"},{"taxonomy":"tnc_tax_2184","embeddable":true,"href":"https:\/\/memov.org\/site\/wp-json\/wp\/v2\/tnc_tax_2184?post=14528"},{"taxonomy":"tnc_tax_77","embeddable":true,"href":"https:\/\/memov.org\/site\/wp-json\/wp\/v2\/tnc_tax_77?post=14528"},{"taxonomy":"folder","embeddable":true,"href":"https:\/\/memov.org\/site\/wp-json\/wp\/v2\/folder?post=14528"}],"curies":[{"name":"wp","href":"https:\/\/api.w.org\/{rel}","templated":true}]}}